{"id":7006,"date":"2024-06-10T08:15:29","date_gmt":"2024-06-10T08:15:29","guid":{"rendered":"https:\/\/raw.githubusercontent.com\/drfuri\/demo-content\/main\/ecomus\/fashion\/images\/?page_id=185"},"modified":"2025-08-04T14:55:48","modified_gmt":"2025-08-04T14:55:48","slug":"privacy-policy","status":"publish","type":"page","link":"https:\/\/profskin.ee\/et\/privacy-policy\/","title":{"rendered":"Privaatsuspoliitika"},"content":{"rendered":"<div data-elementor-type=\"wp-page\" data-elementor-id=\"7006\" class=\"elementor elementor-7006\" data-elementor-post-type=\"page\">\n\t\t\t\t<div class=\"elementor-element elementor-element-f0c432e e-flex e-con-boxed ecomus-responsive-column ecomus-tablet-column--default ecomus-responsive-column ecomus-mobile-column--default e-con e-parent\" data-id=\"f0c432e\" data-element_type=\"container\" data-e-type=\"container\">\n\t\t\t\t\t<div class=\"e-con-inner\">\n\t\t<div class=\"elementor-element elementor-element-6373f55 e-con-full e-flex ecomus-responsive-column ecomus-tablet-column--default ecomus-responsive-column ecomus-mobile-column--default e-con e-child\" data-id=\"6373f55\" data-element_type=\"container\" data-e-type=\"container\">\n\t\t\t\t<\/div>\n\t\t<div class=\"elementor-element elementor-element-20b2d96 e-con-full e-flex ecomus-responsive-column ecomus-tablet-column--default ecomus-responsive-column ecomus-mobile-column--default e-con e-child\" data-id=\"20b2d96\" data-element_type=\"container\" data-e-type=\"container\">\n\t\t\t\t<div class=\"elementor-element elementor-element-22906db elementor-widget elementor-widget-text-editor\" data-id=\"22906db\" data-element_type=\"widget\" data-e-type=\"widget\" data-widget_type=\"text-editor.default\">\n\t\t\t\t<div class=\"elementor-widget-container\">\n\t\t\t\t\t\t\t\t\t<p data-start=\"143\" data-end=\"496\"><strong data-start=\"143\" data-end=\"168\">1. \u00dcLDS\u00c4TTED<\/strong><br data-start=\"168\" data-end=\"171\" \/>See privaatsuspoliitika (\u201epoliitika\u201c) kirjeldab, kuidas <strong data-start=\"216\" data-end=\"235\">Flotill-Kaup O\u00dc<\/strong>, veebisaidi operaator <a class=\"\" href=\"https:\/\/profskin.ee\/et\/\" target=\"_new\" rel=\"noopener\" data-start=\"265\" data-end=\"315\">https:\/\/www.profskin.ee<\/a> (edaspidi \u201eVeebisait\u201c) kogub, kasutab ja kaitseb teie isikuandmeid vastavalt m\u00e4\u00e4rusele (EL) 2016\/679 (isikuandmete kaitse \u00fcldm\u00e4\u00e4rus \u2013 GDPR).<\/p><p data-start=\"143\" data-end=\"496\">Selle veebisaidi kasutamisega kinnitate, et olete k\u00e4esoleva poliitika l\u00e4bi lugenud ja sellest aru saanud ning n\u00f5ustute oma isikuandmete t\u00f6\u00f6tlemisega siin kirjeldatud viisil. Kui te ei n\u00f5ustu k\u00e4esolevate poliitikate m\u00f5ne osaga, palun hoiduge veebisaidi kasutamisest.<\/p><p data-start=\"740\" data-end=\"949\"><strong data-start=\"740\" data-end=\"759\">Flotill-Kaup O\u00dc<\/strong> j\u00e4tab endale \u00f5iguse k\u00e4esolevaid tingimusi igal ajal muuta. Uuendused avaldatakse sellel lehel ja j\u00f5ustuvad postitamise hetkel. Soovitame seda lehte perioodiliselt kursis p\u00fcsimiseks k\u00fclastada.<\/p><p data-start=\"740\" data-end=\"949\">\u00a0<\/p><p data-start=\"956\" data-end=\"1669\"><strong data-start=\"956\" data-end=\"974\">2. M\u00d5ISTED<\/strong><br data-start=\"974\" data-end=\"977\" \/><strong data-start=\"977\" data-end=\"994\">Isikuandmed<\/strong> \u2013 igasugune teave tuvastatud v\u00f5i tuvastatava f\u00fc\u00fcsilise isiku (\u201eAndmesubjekt\u201c) kohta.<br data-start=\"1087\" data-end=\"1090\" \/><strong data-start=\"1090\" data-end=\"1109\">Andmekontrol\u00f6r<\/strong> \u2013 <strong data-start=\"1112\" data-end=\"1131\">Flotill-Kaup O\u00dc<\/strong>, kes m\u00e4\u00e4rab isikuandmete t\u00f6\u00f6tlemise eesm\u00e4rgid ja vahendid.<br data-start=\"1199\" data-end=\"1202\" \/><strong data-start=\"1202\" data-end=\"1220\">Andmet\u00f6\u00f6tleja<\/strong> \u2013 kolmas isik, kes t\u00f6\u00f6tleb isikuandmeid vastutava t\u00f6\u00f6tleja nimel.<br data-start=\"1294\" data-end=\"1297\" \/><strong data-start=\"1297\" data-end=\"1311\">T\u00f6\u00f6tlemine<\/strong> \u2013 igasugune isikuandmetega tehtav toiming, olenemata sellest, kas see on automatiseeritud v\u00f5i mitte (kogumine, s\u00e4ilitamine, kasutamine, kustutamine jne).<br data-start=\"1433\" data-end=\"1436\" \/><strong data-start=\"1436\" data-end=\"1447\">N\u00f5usolek<\/strong> \u2013 Andmesubjekti vabatahtlik, konkreetne, teadlik ja \u00fchem\u00f5tteline n\u00f5usolek isikuandmete t\u00f6\u00f6tlemiseks.<br data-start=\"1577\" data-end=\"1580\" \/><strong data-start=\"1580\" data-end=\"1598\">Kohaldatav \u00f5igus<\/strong> \u2013 M\u00e4\u00e4rus (EL) 2016\/679 (isikuandmete kaitse \u00fcldm\u00e4\u00e4rus).<\/p><p data-start=\"956\" data-end=\"1669\">\u00a0<\/p><p data-start=\"1676\" data-end=\"1767\"><strong data-start=\"1676\" data-end=\"1707\">3. ISIKUANDMED, MIDA ME KOGUME<\/strong><br data-start=\"1707\" data-end=\"1710\" \/>Me v\u00f5ime koguda j\u00e4rgmisi isikuandmete kategooriaid:<\/p><p data-start=\"1769\" data-end=\"1809\"><strong data-start=\"1769\" data-end=\"1809\">Teie vabatahtlikult esitatud teave:<\/strong><\/p><ul data-start=\"1810\" data-end=\"1988\"><li data-start=\"1810\" data-end=\"1823\"><p data-start=\"1812\" data-end=\"1823\">T\u00e4isnimi<\/p><\/li><li data-start=\"1824\" data-end=\"1841\"><p data-start=\"1826\" data-end=\"1841\">E-posti aadress<\/p><\/li><li data-start=\"1842\" data-end=\"1866\"><p data-start=\"1844\" data-end=\"1866\">Kontakttelefoninumber<\/p><\/li><li data-start=\"1867\" data-end=\"1919\"><p data-start=\"1869\" data-end=\"1919\">Telegrami kasutajanimi v\u00f5i muud suhtlusk\u00e4epidemed<\/p><\/li><li data-start=\"1920\" data-end=\"1988\"><p data-start=\"1922\" data-end=\"1988\">Muu kontakt- v\u00f5i p\u00e4ringuvormide kaudu esitatud teave<\/p><\/li><\/ul><p data-start=\"1990\" data-end=\"2030\"><strong data-start=\"1990\" data-end=\"2030\">Automaatselt kogutud teave:<\/strong><\/p><ul data-start=\"2031\" data-end=\"2214\"><li data-start=\"2031\" data-end=\"2045\"><p data-start=\"2033\" data-end=\"2045\">IP-aadress<\/p><\/li><li data-start=\"2031\" data-end=\"2045\"><p data-start=\"2033\" data-end=\"2045\">Seadme t\u00fc\u00fcp ja brauser<\/p><\/li><li data-start=\"2074\" data-end=\"2094\"><p data-start=\"2076\" data-end=\"2094\">Geolokatsiooniandmed<\/p><\/li><li data-start=\"2095\" data-end=\"2127\"><p data-start=\"2097\" data-end=\"2127\">K\u00fclastatud lehed ja seal veedetud aeg<\/p><\/li><li data-start=\"2128\" data-end=\"2155\"><p data-start=\"2130\" data-end=\"2155\">Juurdep\u00e4\u00e4su kuup\u00e4ev ja kellaaeg<\/p><\/li><li data-start=\"2156\" data-end=\"2214\"><p data-start=\"2158\" data-end=\"2214\">Tehniline teave teie seadme ja \u00fchenduse kohta<\/p><\/li><\/ul><p data-start=\"2216\" data-end=\"2448\">Me ei kogu isikuandmete erikategooriaid (nt rassiline v\u00f5i etniline p\u00e4ritolu, poliitilised vaated, usulised veendumused v\u00f5i tervisega seotud andmed), v\u00e4lja arvatud juhul, kui olete need meile selges\u00f5naliselt n\u00f5usolekul ja \u00f5igusp\u00e4rasel eesm\u00e4rgil esitanud.<\/p><p data-start=\"2216\" data-end=\"2448\">\u00a0<\/p><p data-start=\"2455\" data-end=\"2563\"><strong data-start=\"2455\" data-end=\"2489\">4. ANDMET\u00d6\u00d6TLEMISE EESM\u00c4RGID<\/strong><br data-start=\"2489\" data-end=\"2492\" \/>Kogume ja t\u00f6\u00f6tleme isikuandmeid j\u00e4rgmistel seaduslikel eesm\u00e4rkidel:<\/p><ul data-start=\"2564\" data-end=\"2880\"><li data-start=\"2564\" data-end=\"2603\"><p data-start=\"2566\" data-end=\"2603\">Veebisaidi haldamiseks ja hooldamiseks<\/p><\/li><li data-start=\"2604\" data-end=\"2684\"><p data-start=\"2606\" data-end=\"2684\">Teiega suhtlemiseks, p\u00e4ringutele vastamiseks v\u00f5i tellitud teenuste osutamiseks<\/p><\/li><li data-start=\"2685\" data-end=\"2755\"><p data-start=\"2687\" data-end=\"2755\">Veebisaidi toimivuse, kasutatavuse ja turvalisuse parandamiseks<\/p><\/li><li data-start=\"2756\" data-end=\"2818\"><p data-start=\"2758\" data-end=\"2818\">Kasutajak\u00e4itumise ja trendide anal\u00fc\u00fcsimiseks siseanal\u00fc\u00fctika jaoks<\/p><\/li><li data-start=\"2819\" data-end=\"2880\"><p data-start=\"2821\" data-end=\"2880\">\u00d5iguslike kohustuste t\u00e4itmiseks v\u00f5i seaduslike \u00f5iguste teostamiseks<\/p><\/li><\/ul><p data-start=\"2882\" data-end=\"2999\">T\u00f6\u00f6tlemise \u00f5iguslik alus on kas teie n\u00f5usolek, meie \u00f5igustatud huvi v\u00f5i juriidiliste kohustuste t\u00e4itmine.<\/p><p data-start=\"2882\" data-end=\"2999\">\u00a0<\/p><p data-start=\"3006\" data-end=\"3197\"><strong data-start=\"3006\" data-end=\"3027\">5. ANDMETE S\u00c4ILITAMINE<\/strong><br data-start=\"3027\" data-end=\"3030\" \/>S\u00e4ilitame isikuandmeid ainult nii kaua, kui see on vajalik k\u00e4esolevas poliitikas s\u00e4testatud eesm\u00e4rkide t\u00e4itmiseks v\u00f5i seadusest, regulatiivsetest v\u00f5i sise-eeskirjadest tulenevate n\u00f5uete t\u00e4itmiseks.<\/p><p data-start=\"3199\" data-end=\"3316\">Kui te kustutate oma konto v\u00f5i taotlete kustutamist, kustutame teie isikuandmed, v\u00e4lja arvatud juhul, kui s\u00e4ilitamine on seadusega n\u00f5utud.<\/p><p data-start=\"3199\" data-end=\"3316\">\u00a0<\/p><p data-start=\"3323\" data-end=\"3415\"><strong data-start=\"3323\" data-end=\"3352\">6. TEIE \u00d5IGUSED GDPR-i KOHAST<\/strong><br data-start=\"3352\" data-end=\"3355\" \/>Andmesubjektina on teil GDPR-i kohaselt j\u00e4rgmised \u00f5igused:<\/p><ul data-start=\"3416\" data-end=\"4219\"><li data-start=\"3416\" data-end=\"3487\"><p data-start=\"3418\" data-end=\"3487\"><strong data-start=\"3418\" data-end=\"3437\">Juurdep\u00e4\u00e4su\u00f5igus<\/strong> \u2013 Teil on \u00f5igus taotleda oma isikuandmete koopiat.<\/p><\/li><li data-start=\"3488\" data-end=\"3581\"><p data-start=\"3490\" data-end=\"3581\"><strong data-start=\"3490\" data-end=\"3516\">\u00d5igus parandamisele<\/strong> \u2013 Teil on \u00f5igus n\u00f5uda ebat\u00e4psete v\u00f5i mittet\u00e4ielike andmete parandamist.<\/p><\/li><li data-start=\"3582\" data-end=\"3673\"><p data-start=\"3584\" data-end=\"3673\"><strong data-start=\"3584\" data-end=\"3604\">\u00d5igus kustutamisele<\/strong> \u2013 Teil on \u00f5igus taotleda oma andmete kustutamist (\u201e\u00f5igus olla unustatud\u201c).<\/p><\/li><li data-start=\"3674\" data-end=\"3767\"><p data-start=\"3676\" data-end=\"3767\"><strong data-start=\"3676\" data-end=\"3714\">\u00d5igus t\u00f6\u00f6tlemise piiramisele<\/strong> \u2013 Teil on \u00f5igus taotleda oma andmete piiratud t\u00f6\u00f6tlemist.<\/p><\/li><li data-start=\"3768\" data-end=\"3882\"><p data-start=\"3770\" data-end=\"3882\"><strong data-start=\"3770\" data-end=\"3799\">\u00d5igus andmete \u00fclekandmisele<\/strong> \u2013 Teil on \u00f5igus taotleda oma andmete saamist struktureeritud, masinloetavas vormingus.<\/p><\/li><li data-start=\"3883\" data-end=\"3987\"><p data-start=\"3885\" data-end=\"3987\"><strong data-start=\"3885\" data-end=\"3904\">\u00d5igus vastuv\u00e4idete esitamiseks<\/strong> \u2013 Teil on \u00f5igus esitada vastuv\u00e4iteid t\u00f6\u00f6tlemisele \u00f5igustatud huvi v\u00f5i otseturunduse alusel.<\/p><\/li><li data-start=\"3988\" data-end=\"4099\"><p data-start=\"3990\" data-end=\"4099\"><strong data-start=\"3990\" data-end=\"4019\">N\u00f5usoleku tagasiv\u00f5tmise \u00f5igus<\/strong> \u2013 Kui t\u00f6\u00f6tlemine p\u00f5hineb teie n\u00f5usolekul, v\u00f5ite selle igal ajal tagasi v\u00f5tta.<\/p><\/li><li data-start=\"4100\" data-end=\"4219\"><p data-start=\"4102\" data-end=\"4219\"><strong data-start=\"4102\" data-end=\"4132\">Kaebuse esitamise \u00f5igus<\/strong> \u2013 Teil on \u00f5igus esitada kaebus oma kohalikule andmekaitseasutusele.<\/p><\/li><\/ul><p data-start=\"4221\" data-end=\"4288\">Oma \u00f5iguste teostamiseks v\u00f5tke meiega \u00fchendust aadressil: <strong data-start=\"4268\" data-end=\"4288\"><a class=\"cursor-pointer\" rel=\"noopener\" data-start=\"4270\" data-end=\"4286\">info@profskin.ee<\/a><\/strong><\/p><p data-start=\"4221\" data-end=\"4288\">\u00a0<\/p><p data-start=\"4295\" data-end=\"4404\"><strong data-start=\"4295\" data-end=\"4330\">7. ANDMETE JAGAMINE JA KOLMANDAD OSAPOOLED<\/strong><br data-start=\"4330\" data-end=\"4333\" \/>Me ei m\u00fc\u00fc ega rendi teie isikuandmeid. Me v\u00f5ime teie andmeid jagada j\u00e4rgmistega:<\/p><ul data-start=\"4405\" data-end=\"4568\"><li data-start=\"4405\" data-end=\"4513\"><p data-start=\"4407\" data-end=\"4513\">Kolmandate osapoolte teenusepakkujad (majutus, anal\u00fc\u00fctika, suhtlusvahendid) andmet\u00f6\u00f6tluslepingute alusel<\/p><\/li><li data-start=\"4514\" data-end=\"4568\"><p data-start=\"4516\" data-end=\"4568\">Seaduse v\u00f5i regulatiivsete asutuste poolt n\u00f5utavatel juhtudel<\/p><\/li><\/ul><p data-start=\"4570\" data-end=\"4649\">Tagame, et k\u00f5ik t\u00f6\u00f6tlejad pakuvad piisavaid tagatisi isikuandmete kaitse \u00fcldm\u00e4\u00e4ruse (GDPR) j\u00e4rgimiseks.<\/p><p data-start=\"4570\" data-end=\"4649\">\u00a0<\/p><p data-start=\"4656\" data-end=\"4895\"><strong data-start=\"4656\" data-end=\"4691\">8. RAHVUSVAHELINE ANDMEEDASTUS<\/strong><br data-start=\"4691\" data-end=\"4694\" \/>Kui andmeid edastatakse v\u00e4ljapoole Euroopa Majanduspiirkonda (EMP), tagame teie andmete kaitsmiseks asjakohaste kaitsemeetmete, n\u00e4iteks standardsete lepingutingimuste v\u00f5i piisavusotsuste olemasolu.<\/p><p data-start=\"4656\" data-end=\"4895\">\u00a0<\/p><p data-start=\"4902\" data-end=\"5034\"><strong data-start=\"4902\" data-end=\"4940\">9. K\u00dcPSISED JA J\u00c4LGIMISTEHNOLOOGIAD<\/strong><br data-start=\"4940\" data-end=\"4943\" \/>Kasutame k\u00fcpsiseid ja sarnaseid tehnoloogiaid teie sirvimiskogemuse parandamiseks. Nende hulka kuuluvad:<\/p><ul data-start=\"5035\" data-end=\"5215\"><li data-start=\"5035\" data-end=\"5091\"><p data-start=\"5037\" data-end=\"5091\">Olulised k\u00fcpsised \u2013 veebisaidi n\u00f5uetekohaseks toimimiseks<\/p><\/li><li data-start=\"5092\" data-end=\"5159\"><p data-start=\"5094\" data-end=\"5159\">Anal\u00fc\u00fctikak\u00fcpsised \u2013 kasutus\u00fclevaadete saamiseks (nt Google Analytics)<\/p><\/li><li data-start=\"5160\" data-end=\"5215\"><p data-start=\"5162\" data-end=\"5215\">Turundusk\u00fcpsised \u2013 reklaamikampaaniate haldamiseks<\/p><\/li><\/ul><p data-start=\"5217\" data-end=\"5277\">K\u00fcpsiseid saate hallata v\u00f5i keelata oma brauseri seadete kaudu:<\/p><ul data-start=\"5278\" data-end=\"5319\"><li data-start=\"5278\" data-end=\"5286\"><p data-start=\"5280\" data-end=\"5286\">\u00c4\u00e4r<\/p><\/li><li data-start=\"5287\" data-end=\"5298\"><p data-start=\"5289\" data-end=\"5298\">Firefox<\/p><\/li><li data-start=\"5299\" data-end=\"5309\"><p data-start=\"5301\" data-end=\"5309\">Kroom<\/p><\/li><li data-start=\"5310\" data-end=\"5319\"><p data-start=\"5312\" data-end=\"5319\">Ooper<\/p><\/li><\/ul><p data-start=\"5321\" data-end=\"5379\">K\u00fcpsiste keelamine v\u00f5ib m\u00f5jutada veebisaidi funktsionaalsust.<\/p><p data-start=\"5321\" data-end=\"5379\">\u00a0<\/p><p data-start=\"5386\" data-end=\"5609\"><strong data-start=\"5386\" data-end=\"5407\">10. ANDMETURVELDUS<\/strong><br data-start=\"5407\" data-end=\"5410\" \/>Rakendame teie andmete kaitsmiseks volitamata juurdep\u00e4\u00e4su, avalikustamise v\u00f5i h\u00e4vimise eest t\u00f6\u00f6stusharu standardseid turvameetmeid. Siiski pole \u00fckski s\u00fcsteem 100% turvaline ja me ei saa garanteerida absoluutset kaitset.<\/p><p data-start=\"5386\" data-end=\"5609\">\u00a0<\/p><p data-start=\"5616\" data-end=\"5732\"><strong data-start=\"5616\" data-end=\"5643\">11. KONTAKTANDMED<\/strong><br data-start=\"5643\" data-end=\"5646\" \/>K\u00f5igi k\u00e4esolevate tingimustega seotud k\u00fcsimuste v\u00f5i oma \u00f5iguste teostamise korral v\u00f5tke palun \u00fchendust:<\/p><p data-start=\"5734\" data-end=\"5847\"><strong data-start=\"5734\" data-end=\"5753\">Flotill-Kaup O\u00dc<\/strong><br data-start=\"5753\" data-end=\"5756\" \/>E-post: <strong data-start=\"5763\" data-end=\"5783\"><a class=\"cursor-pointer\" rel=\"noopener\" data-start=\"5765\" data-end=\"5781\">info@profskin.ee<\/a><\/strong><br data-start=\"5783\" data-end=\"5786\" \/>Veebisait: <a class=\"cursor-pointer\" target=\"_new\" rel=\"noopener\" data-start=\"5795\" data-end=\"5845\">https:\/\/www.profskin.ee<\/a><\/p>\t\t\t\t\t\t\t\t<\/div>\n\t\t\t\t<\/div>\n\t\t\t\t<\/div>\n\t\t<div class=\"elementor-element elementor-element-20dc6ac e-con-full e-flex ecomus-responsive-column ecomus-tablet-column--default ecomus-responsive-column ecomus-mobile-column--default e-con e-child\" data-id=\"20dc6ac\" data-element_type=\"container\" data-e-type=\"container\">\n\t\t\t\t<\/div>\n\t\t\t\t\t<\/div>\n\t\t\t\t<\/div>\n\t\t\t\t<\/div>","protected":false},"excerpt":{"rendered":"<p>1. GENERAL PROVISIONSThis Privacy Policy (&#8220;Policy&#8221;) describes how Flotill-Kaup O\u00dc, the operator of the website https:\/\/www.profskin.ee (hereinafter referred to as the \u201cWebsite\u201d), collects, uses, and protects your personal data in accordance with Regulation (EU) 2016\/679 (General Data Protection Regulation \u2013 GDPR). By using this Website, you confirm that you have read and understood this Policy [&hellip;]<\/p>","protected":false},"author":1,"featured_media":0,"parent":0,"menu_order":0,"comment_status":"closed","ping_status":"closed","template":"","meta":{"footnotes":""},"class_list":["post-7006","page","type-page","status-publish","hentry"],"_links":{"self":[{"href":"https:\/\/profskin.ee\/et\/wp-json\/wp\/v2\/pages\/7006","targetHints":{"allow":["GET"]}}],"collection":[{"href":"https:\/\/profskin.ee\/et\/wp-json\/wp\/v2\/pages"}],"about":[{"href":"https:\/\/profskin.ee\/et\/wp-json\/wp\/v2\/types\/page"}],"author":[{"embeddable":true,"href":"https:\/\/profskin.ee\/et\/wp-json\/wp\/v2\/users\/1"}],"replies":[{"embeddable":true,"href":"https:\/\/profskin.ee\/et\/wp-json\/wp\/v2\/comments?post=7006"}],"version-history":[{"count":3,"href":"https:\/\/profskin.ee\/et\/wp-json\/wp\/v2\/pages\/7006\/revisions"}],"predecessor-version":[{"id":8149,"href":"https:\/\/profskin.ee\/et\/wp-json\/wp\/v2\/pages\/7006\/revisions\/8149"}],"wp:attachment":[{"href":"https:\/\/profskin.ee\/et\/wp-json\/wp\/v2\/media?parent=7006"}],"curies":[{"name":"t\u00f6\u00f6leht","href":"https:\/\/api.w.org\/{rel}","templated":true}]}}