{"id":7713,"date":"2025-07-03T21:22:49","date_gmt":"2025-07-03T21:22:49","guid":{"rendered":"https:\/\/profskin.ee\/?post_type=product&#038;p=7713"},"modified":"2026-03-18T15:23:38","modified_gmt":"2026-03-18T15:23:38","slug":"vitamin-c-serum","status":"publish","type":"product","link":"https:\/\/profskin.ee\/et\/toode\/vitamin-c-serum\/","title":{"rendered":"C-vitamiini seerum"},"content":{"rendered":"<h6>Niisutav, antioks\u00fcdantne seerum k\u00f5ikidele nahat\u00fc\u00fcpidele.<\/h6>\n<p>See niisutab ja aitab parandada ebat\u00e4iuslikkust, taastab terve s\u00e4ra, parandab nahatooni ja v\u00e4rskendab jumet. Ideaalne fotovananemise ennetamiseks.<\/p>\n<div class=\"em-row\">\n<div class=\"em-lg-4 em-col\">\n<h6 class=\"em-font-medium\" style=\"margin-top: 1.2rem; margin-bottom: 1.2rem;\">Sobib<\/h6>\n<ul>\n<li>Fotovananemine ja v\u00e4rvimuutus.<\/li>\n<li>Stressis ja keskkonnam\u00f5judele avatud nahk.<\/li>\n<li>Tuhm v\u00f5i eba\u00fchtlane jume.<\/li>\n<li>K\u00f5ikidele nahat\u00fc\u00fcpidele (sega, kuiv, normaalne, rasune).<\/li>\n<\/ul>\n<h6 class=\"em-font-medium\" style=\"margin-top: 1.2rem; margin-bottom: 1.2rem;\">Kuidas kasutada<\/h6>\n<ul>\n<li>Kandke v\u00e4ike kogus puhtale nahale.<\/li>\n<li>Masseeri \u00f5rnalt n\u00e4ole, kuni see on t\u00e4ielikult imendunud.<\/li>\n<\/ul>\n<\/div>\n<div class=\"em-lg-4 em-col\">\n<h6 class=\"em-font-medium\" style=\"margin-top: 1.2rem; margin-bottom: 1.2rem;\">Toimeained ja koostisosad<\/h6>\n<ul>\n<li><strong>C-vitamiin (AA2G) 1%<\/strong><\/li>\n<li><strong>Muud<\/strong>KOOSTIS: VESI, GL\u00dcTSERIIN, BUT\u00dcLEENGL\u00dcKOOL, ASKORB\u00dc\u00dcLGL\u00dcKOSIID, FENOKS\u00dcETANOOL, GL\u00dcTSER\u00dc\u00dcLPOL\u00dcAKR\u00dcLAAT, PPG-26-BUTETH-26, KAALIUMH\u00dcDROKSIID, PEG-40 H\u00dcDROGENISEERITUD RITSINUS\u00d5LI, KAPRYL\u00dc\u00dcLGL\u00dcKOOL, ET\u00dc\u00dcLHEKS\u00dc\u00dcLGL\u00dcTSERIIN, NAATRIUMTSITRAAT, GL\u00dcTSER\u00dc\u00dcLAKR\u00dcLAADI\/AKR\u00dc\u00dcLHAPPE KOPOL\u00dcMEER, PVM\/MA KOPOL\u00dcMEER, SIDRUNHAPE<\/li>\n<\/ul>\n<\/div>\n<\/div>","protected":false},"excerpt":{"rendered":"<p>Niisutav, antioks\u00fcdantne seerum k\u00f5ikidele nahat\u00fc\u00fcpidele.<\/p>","protected":false},"featured_media":7703,"template":"","meta":[],"product_brand":[66],"product_cat":[70],"product_tag":[],"class_list":{"0":"post-7713","1":"product","2":"type-product","3":"status-publish","4":"has-post-thumbnail","6":"product_brand-juliette-armand","7":"product_cat-serum","9":"first","10":"instock","11":"taxable","12":"shipping-taxable","13":"purchasable","14":"product-type-variable","15":"has-default-attributes"},"_links":{"self":[{"href":"https:\/\/profskin.ee\/et\/wp-json\/wp\/v2\/product\/7713","targetHints":{"allow":["GET"]}}],"collection":[{"href":"https:\/\/profskin.ee\/et\/wp-json\/wp\/v2\/product"}],"about":[{"href":"https:\/\/profskin.ee\/et\/wp-json\/wp\/v2\/types\/product"}],"wp:featuredmedia":[{"embeddable":true,"href":"https:\/\/profskin.ee\/et\/wp-json\/wp\/v2\/media\/7703"}],"wp:attachment":[{"href":"https:\/\/profskin.ee\/et\/wp-json\/wp\/v2\/media?parent=7713"}],"wp:term":[{"taxonomy":"product_brand","embeddable":true,"href":"https:\/\/profskin.ee\/et\/wp-json\/wp\/v2\/product_brand?post=7713"},{"taxonomy":"product_cat","embeddable":true,"href":"https:\/\/profskin.ee\/et\/wp-json\/wp\/v2\/product_cat?post=7713"},{"taxonomy":"product_tag","embeddable":true,"href":"https:\/\/profskin.ee\/et\/wp-json\/wp\/v2\/product_tag?post=7713"}],"curies":[{"name":"t\u00f6\u00f6leht","href":"https:\/\/api.w.org\/{rel}","templated":true}]}}