{"id":7716,"date":"2025-07-03T21:22:49","date_gmt":"2025-07-03T21:22:49","guid":{"rendered":"https:\/\/profskin.ee\/?post_type=product&#038;p=7716"},"modified":"2026-03-18T15:23:38","modified_gmt":"2026-03-18T15:23:38","slug":"collagen-elastin-serum","status":"publish","type":"product","link":"https:\/\/profskin.ee\/et\/toode\/collagen-elastin-serum\/","title":{"rendered":"Kollageeni-Elastiini seerum"},"content":{"rendered":"<h6>Pinguldav, niisutav seerum normaalsele ja kuivale nahale.<\/h6>\n<p>See niisutab ja parandab n\u00e4onaha elastsust ja tugevust ning suurendab selle niiskustaset.<\/p>\n<div class=\"em-row\">\n<div class=\"em-lg-4 em-col\">\n<h6 class=\"em-font-medium\" style=\"margin-top: 1.2rem; margin-bottom: 1.2rem;\">Sobib<\/h6>\n<ul>\n<li>Peened jooned ja esimesed vananemise tunnused.<\/li>\n<li>Elastsuse ja k\u00f5vaduse kadumine.<\/li>\n<li>Deh\u00fcdreeritud ja l\u00f5tvunud nahk.<\/li>\n<li>Normaalne ja kuiv nahat\u00fc\u00fcp.<\/li>\n<\/ul>\n<h6 class=\"em-font-medium\" style=\"margin-top: 1.2rem; margin-bottom: 1.2rem;\">Kuidas kasutada<\/h6>\n<ul>\n<li>Kandke v\u00e4ike kogus puhtale nahale.<\/li>\n<li>Masseerige n\u00e4gu, kuni see on imendunud.<\/li>\n<\/ul>\n<\/div>\n<div class=\"em-lg-4 em-col\">\n<h6 class=\"em-font-medium\" style=\"margin-top: 1.2rem; margin-bottom: 1.2rem;\">Toimeained ja koostisosad<\/h6>\n<ul>\n<li><strong>Merekollageen 5%<\/strong><\/li>\n<li><strong>Elastin Marine 2%<\/strong><\/li>\n<li><strong>L\u039cW h\u00fcaluroonhape<\/strong><\/li>\n<li><strong>Muud<\/strong>: AQUA, GL\u00dcTSERIIN, BUT\u00dcLEENGL\u00dcKOOL, H\u00dcDROL\u00dc\u00dcSITUD ELASTIIN, TS\u00dcKLOPENTASILOKSAAN, H\u00dcDROL\u00dc\u00dcSITUD KOLLAGEEN, TS\u00dcKLOHEKSASILOKSAAN, FENOKS\u00dcETANOOL, GL\u00dcTSER\u00dc\u00dcLPOL\u00dcAKR\u00dcLAAT, ET\u00dc\u00dcLHEKS\u00dc\u00dcLGL\u00dcTSERIIN, KAPR\u00dc\u00dcLGL\u00dcKOOL, NAATRIUMH\u00dcALURONAAT, KAALIUMSORBAAT, GL\u00dcTSER\u00dc\u00dcLAKR\u00dcLAADI\/AKR\u00dc\u00dcLHAPPE KOPOL\u00dcMEER, PVM\/MA KOPOL\u00dcMEER.<\/li>\n<\/ul>\n<\/div>\n<\/div>","protected":false},"excerpt":{"rendered":"<p>Pinguldav, niisutav seerum normaalsele ja kuivale nahale.<\/p>","protected":false},"featured_media":7702,"template":"","meta":[],"product_brand":[66],"product_cat":[70],"product_tag":[],"class_list":{"0":"post-7716","1":"product","2":"type-product","3":"status-publish","4":"has-post-thumbnail","6":"product_brand-juliette-armand","7":"product_cat-serum","9":"first","10":"instock","11":"taxable","12":"shipping-taxable","13":"purchasable","14":"product-type-variable","15":"has-default-attributes"},"_links":{"self":[{"href":"https:\/\/profskin.ee\/et\/wp-json\/wp\/v2\/product\/7716","targetHints":{"allow":["GET"]}}],"collection":[{"href":"https:\/\/profskin.ee\/et\/wp-json\/wp\/v2\/product"}],"about":[{"href":"https:\/\/profskin.ee\/et\/wp-json\/wp\/v2\/types\/product"}],"wp:featuredmedia":[{"embeddable":true,"href":"https:\/\/profskin.ee\/et\/wp-json\/wp\/v2\/media\/7702"}],"wp:attachment":[{"href":"https:\/\/profskin.ee\/et\/wp-json\/wp\/v2\/media?parent=7716"}],"wp:term":[{"taxonomy":"product_brand","embeddable":true,"href":"https:\/\/profskin.ee\/et\/wp-json\/wp\/v2\/product_brand?post=7716"},{"taxonomy":"product_cat","embeddable":true,"href":"https:\/\/profskin.ee\/et\/wp-json\/wp\/v2\/product_cat?post=7716"},{"taxonomy":"product_tag","embeddable":true,"href":"https:\/\/profskin.ee\/et\/wp-json\/wp\/v2\/product_tag?post=7716"}],"curies":[{"name":"t\u00f6\u00f6leht","href":"https:\/\/api.w.org\/{rel}","templated":true}]}}