{"id":7719,"date":"2025-07-03T21:22:49","date_gmt":"2025-07-03T21:22:49","guid":{"rendered":"https:\/\/profskin.ee\/?post_type=product&#038;p=7719"},"modified":"2026-03-18T15:23:24","modified_gmt":"2026-03-18T15:23:24","slug":"hydra-repairing-serum","status":"publish","type":"product","link":"https:\/\/profskin.ee\/et\/toode\/hydra-repairing-serum\/","title":{"rendered":"H\u00fcdra parandav seerum"},"content":{"rendered":"<h6>Niisutav ja taastav seerum k\u00f5ikidele nahat\u00fc\u00fcpidele.<\/h6>\n<p>See niisutab ja kiirendab naha loomulikku uuenemisprotsessi ning kaitseb nahka p\u00e4ikesekiirguse kahjustuste eest.<\/p>\n<div class=\"em-row\">\n<div class=\"em-lg-4 em-col\">\n<h6 class=\"em-font-medium\" style=\"margin-top: 1.2rem; margin-bottom: 1.2rem;\">Sobib<\/h6>\n<ul>\n<li>Nahk, mis vajab taastamist ja v\u00e4rskendamist.<\/li>\n<li>Kahjustatud v\u00f5i p\u00f5letikuline nahabarj\u00e4\u00e4r.<\/li>\n<li>K\u00f5ikidele nahat\u00fc\u00fcpidele (sega, kuiv, normaalne, rasune).<\/li>\n<\/ul>\n<h6 class=\"em-font-medium\" style=\"margin-top: 1.2rem; margin-bottom: 1.2rem;\">Kuidas kasutada<\/h6>\n<ul>\n<li>Kandke v\u00e4ike kogus puhtale nahale.<\/li>\n<li>Masseeri kuni imendumiseni.<\/li>\n<\/ul>\n<\/div>\n<div class=\"em-lg-4 em-col\">\n<h6 class=\"em-font-medium\" style=\"margin-top: 1.2rem; margin-bottom: 1.2rem;\">Toimeained ja koostisosad<\/h6>\n<ul>\n<li><strong>Bifidus (paranduskompleks) 10%<\/strong><\/li>\n<li><strong>Laktokiin (piimapeptiid) 5%<\/strong><\/li>\n<li><strong>Keramiid 3B 1%<\/strong><\/li>\n<li><strong>Muud<\/strong>KOOSTIS: VESI, BIFIDA K\u00c4\u00c4RITUSL\u00dcSAAT, GL\u00dcTSERIIN, BUT\u00dcLEENGL\u00dcKOOL, FENOKS\u00dcETANOOL, PPG-26-BUTETH-26, GL\u00dcTSER\u00dc\u00dcLPOL\u00dcAKR\u00dcLAAT, PEG-40 H\u00dcDROGENISEERITUD RITSINUS\u00d5LI, KAPRYL\u00dc\u00dcLGL\u00dcKOOL, ET\u00dc\u00dcLHEKS\u00dc\u00dcLGL\u00dcTSERIIN, LACTIS SEERUMI PROTEIIN, KAALIUMSORBAAT, GL\u00dcTSER\u00dc\u00dcLAKR\u00dcLAADI\/AKR\u00dc\u00dcLHAPPE KOPOL\u00dcMEER, PVM\/MA KOPOL\u00dcMEER, PSEUDOZYMA EPICOLA\/SOJAJAHU\/OLIIVI\u00d5LI K\u00c4\u00c4RITUSFILTRAAT, 1,2-HEKSAANDIOOL, DEH\u00dcDROA\u00c4\u00c4DIKHAPE, GL\u00dcKOLIPIIDID, TSETEARETH-20, PEG-60 H\u00dcDROGENISEERITUD RITSINUS\u00d5LI, TSETEAR\u00dc\u00dcLALKOHOL, POL\u00dcSORBAAT 20, PROPAANDIOOL, KERAMIID 3<\/li>\n<\/ul>\n<\/div>\n<\/div>","protected":false},"excerpt":{"rendered":"<p>Niisutav ja taastav seerum k\u00f5ikidele nahat\u00fc\u00fcpidele.<\/p>","protected":false},"featured_media":7701,"template":"","meta":[],"product_brand":[66],"product_cat":[70],"product_tag":[],"class_list":{"0":"post-7719","1":"product","2":"type-product","3":"status-publish","4":"has-post-thumbnail","6":"product_brand-juliette-armand","7":"product_cat-serum","9":"first","10":"instock","11":"taxable","12":"shipping-taxable","13":"purchasable","14":"product-type-variable","15":"has-default-attributes"},"_links":{"self":[{"href":"https:\/\/profskin.ee\/et\/wp-json\/wp\/v2\/product\/7719","targetHints":{"allow":["GET"]}}],"collection":[{"href":"https:\/\/profskin.ee\/et\/wp-json\/wp\/v2\/product"}],"about":[{"href":"https:\/\/profskin.ee\/et\/wp-json\/wp\/v2\/types\/product"}],"wp:featuredmedia":[{"embeddable":true,"href":"https:\/\/profskin.ee\/et\/wp-json\/wp\/v2\/media\/7701"}],"wp:attachment":[{"href":"https:\/\/profskin.ee\/et\/wp-json\/wp\/v2\/media?parent=7719"}],"wp:term":[{"taxonomy":"product_brand","embeddable":true,"href":"https:\/\/profskin.ee\/et\/wp-json\/wp\/v2\/product_brand?post=7719"},{"taxonomy":"product_cat","embeddable":true,"href":"https:\/\/profskin.ee\/et\/wp-json\/wp\/v2\/product_cat?post=7719"},{"taxonomy":"product_tag","embeddable":true,"href":"https:\/\/profskin.ee\/et\/wp-json\/wp\/v2\/product_tag?post=7719"}],"curies":[{"name":"t\u00f6\u00f6leht","href":"https:\/\/api.w.org\/{rel}","templated":true}]}}