{"id":7722,"date":"2025-07-03T21:22:49","date_gmt":"2025-07-03T21:22:49","guid":{"rendered":"https:\/\/profskin.ee\/?post_type=product&#038;p=7722"},"modified":"2026-03-18T15:00:56","modified_gmt":"2026-03-18T15:00:56","slug":"ceramide-serum","status":"publish","type":"product","link":"https:\/\/profskin.ee\/et\/toode\/ceramide-serum\/","title":{"rendered":"Ceramide Serum"},"content":{"rendered":"<h6>Niisutav seerum v\u00e4sinud ja deh\u00fcdreeritud nahale.<\/h6>\n<p>See niisutab ja kaitseb nahabarj\u00e4\u00e4ri. Samal ajal parandab see naha ebat\u00e4iusi ja kortse ning parandab naha tekstuuri.<\/p>\n<div class=\"em-row\">\n<div class=\"em-lg-4 em-col\">\n<h6 class=\"em-font-medium\" style=\"margin-top: 1.2rem; margin-bottom: 1.2rem;\">Sobib<\/h6>\n<ul>\n<li>Deh\u00fcdreeritud ja v\u00e4sinud nahk.<\/li>\n<li>Kahjustatud kaitsebarj\u00e4\u00e4ri v\u00f5i tundlikkusega nahk.<\/li>\n<li>Kortsud ja naha ebat\u00e4iused.<\/li>\n<li>K\u00f5ikidele nahat\u00fc\u00fcpidele (eriti kuivale\/sega-\/normaalsele).<\/li>\n<\/ul>\n<h6 class=\"em-font-medium\" style=\"margin-top: 1.2rem; margin-bottom: 1.2rem;\">Kuidas kasutada<\/h6>\n<ul>\n<li>Kandke v\u00e4ike kogus puhtale nahale.<\/li>\n<li>Masseeri kuni imendumiseni.<\/li>\n<\/ul>\n<\/div>\n<div class=\"em-lg-4 em-col\">\n<h6 class=\"em-font-medium\" style=\"margin-top: 1.2rem; margin-bottom: 1.2rem;\">Toimeained ja koostisosad<\/h6>\n<ul>\n<li><strong>Keramiid 3B 3%<\/strong><\/li>\n<li><strong>Muud<\/strong>KOOSTIS: VESI, GL\u00dcTSERIIN, BUT\u00dcLEENGL\u00dcKOOL, FENOKS\u00dcETANOOL, PPG-26-BUTETH-26, GL\u00dcTSER\u00dc\u00dcLPOL\u00dcAKR\u00dcLAAT, PEG-40 H\u00dcDROGENISEERITUD RITSINUS\u00d5LI, ET\u00dc\u00dcLHEKS\u00dc\u00dcLGL\u00dcTSERIIN, KAPRYL\u00dc\u00dcLGL\u00dcKOOL, PSEUDOZYMA EPICOLA\/SOJAJAHU\/OLIIVI\u00d5LI K\u00c4\u00c4RITUSFILTRAAT, KAALIUMSORBAAT, GL\u00dcTSER\u00dc\u00dcLAKR\u00dcLAAT\/AKR\u00dc\u00dcLHAPPE KOPOL\u00dcMEER, 1,2-HEKSAANDIOOL, GL\u00dcKOLIPIIDID, TSETEARETH-20, PVM\/MA KOPOL\u00dcMEER, PEG-60 H\u00dcDROGENISEERITUD RITSINUS\u00d5LI, TSETEAR\u00dc\u00dcLALKOHOL, POL\u00dcSORBAAT 20, PROPAANDIOOL, KERAMIID 3<\/li>\n<\/ul>\n<\/div>\n<\/div>","protected":false},"excerpt":{"rendered":"<p>Niisutav seerum v\u00e4sinud ja deh\u00fcdreeritud nahale.<\/p>","protected":false},"featured_media":7700,"template":"","meta":[],"product_brand":[66],"product_cat":[70],"product_tag":[],"class_list":{"0":"post-7722","1":"product","2":"type-product","3":"status-publish","4":"has-post-thumbnail","6":"product_brand-juliette-armand","7":"product_cat-serum","9":"first","10":"instock","11":"taxable","12":"shipping-taxable","13":"purchasable","14":"product-type-variable","15":"has-default-attributes"},"_links":{"self":[{"href":"https:\/\/profskin.ee\/et\/wp-json\/wp\/v2\/product\/7722","targetHints":{"allow":["GET"]}}],"collection":[{"href":"https:\/\/profskin.ee\/et\/wp-json\/wp\/v2\/product"}],"about":[{"href":"https:\/\/profskin.ee\/et\/wp-json\/wp\/v2\/types\/product"}],"wp:featuredmedia":[{"embeddable":true,"href":"https:\/\/profskin.ee\/et\/wp-json\/wp\/v2\/media\/7700"}],"wp:attachment":[{"href":"https:\/\/profskin.ee\/et\/wp-json\/wp\/v2\/media?parent=7722"}],"wp:term":[{"taxonomy":"product_brand","embeddable":true,"href":"https:\/\/profskin.ee\/et\/wp-json\/wp\/v2\/product_brand?post=7722"},{"taxonomy":"product_cat","embeddable":true,"href":"https:\/\/profskin.ee\/et\/wp-json\/wp\/v2\/product_cat?post=7722"},{"taxonomy":"product_tag","embeddable":true,"href":"https:\/\/profskin.ee\/et\/wp-json\/wp\/v2\/product_tag?post=7722"}],"curies":[{"name":"t\u00f6\u00f6leht","href":"https:\/\/api.w.org\/{rel}","templated":true}]}}