{"id":7725,"date":"2025-07-03T21:22:49","date_gmt":"2025-07-03T21:22:49","guid":{"rendered":"https:\/\/profskin.ee\/?post_type=product&#038;p=7725"},"modified":"2026-03-18T15:00:56","modified_gmt":"2026-03-18T15:00:56","slug":"bioplacenta-serum","status":"publish","type":"product","link":"https:\/\/profskin.ee\/et\/toode\/bioplacenta-serum\/","title":{"rendered":"Bioplacenta seerum"},"content":{"rendered":"<h6>Taastav ja noorendav seerum k\u00f5ikidele nahat\u00fc\u00fcpidele.<\/h6>\n<p>See niisutab ja tugevdab naha loomulikku uuenemis- ja kohesiooniprotsessi, j\u00e4ttes selle noorenenud ja tervema s\u00e4raga. Soovitatav on kasutada p\u00e4rast keemilist koorimist.<\/p>\n<div class=\"em-row\">\n<div class=\"em-lg-4 em-col\">\n<h6 class=\"em-font-medium\" style=\"margin-top: 1.2rem; margin-bottom: 1.2rem;\">Sobib<\/h6>\n<ul>\n<li>Kortsud ja peened jooned.<\/li>\n<li>Vananenud, kahjustatud v\u00f5i tuhmunud nahk.<\/li>\n<li>Nahk, mis vajab taastamist ja pinguldamist.<\/li>\n<li>K\u00f5ikidele nahat\u00fc\u00fcpidele (sega, kuiv, normaalne, rasune).<\/li>\n<\/ul>\n<h6 class=\"em-font-medium\" style=\"margin-top: 1.2rem; margin-bottom: 1.2rem;\">Kuidas kasutada<\/h6>\n<ul>\n<li>Kandke v\u00e4ike kogus puhtale nahale.<\/li>\n<li>Masseeri kuni imendumiseni.<\/li>\n<\/ul>\n<\/div>\n<div class=\"em-lg-4 em-col\">\n<h6 class=\"em-font-medium\" style=\"margin-top: 1.2rem; margin-bottom: 1.2rem;\">Toimeained ja koostisosad<\/h6>\n<ul>\n<li><strong>Bio-platsenta 3%<\/strong><\/li>\n<li><strong>Muud<\/strong>KOOSTIS: VESI, GL\u00dcTSERIIN, BUT\u00dcLEENGL\u00dcKOOL, FENOKS\u00dcETANOOL, PPG-26-BUTETH-26, GL\u00dcTSER\u00dc\u00dcLPOL\u00dcAKR\u00dcLAAT, PEG-40 H\u00dcDROGENISEERITUD RITSINUS\u00d5LI, ET\u00dc\u00dcLHEKS\u00dc\u00dcLGL\u00dcTSERIIN, KAPRYL\u00dc\u00dcLGL\u00dcKOOL, ATSET\u00dc\u00dcLGLUTAMIIN, LETSITIIN, KAALIUMSORBAAT, GL\u00dcTSER\u00dc\u00dcLAKR\u00dcLAADI\/AKR\u00dc\u00dcLHAPPE KOPOL\u00dcMEER, PVM\/MA KOPOL\u00dcMEER, 1,2-HEKSAANDIOOL, BATSIILIDE\/SOJA\/FOOLHAPPE K\u00c4\u00c4RITUSEKSTRAKT, SH-OLIGOPEPTIID-1, SH-OLIGOPEPTIID-2, SH-POL\u00dcPEPTIID-1, SH-POL\u00dcPEPTIID-11, SH-POL\u00dcPEPTIID-9, NAATRIUMH\u00dcALURONAAT<\/li>\n<\/ul>\n<\/div>\n<\/div>","protected":false},"excerpt":{"rendered":"<p>Taastav ja noorendav seerum k\u00f5ikidele nahat\u00fc\u00fcpidele.<\/p>","protected":false},"featured_media":7699,"template":"","meta":[],"product_brand":[66],"product_cat":[70],"product_tag":[],"class_list":{"0":"post-7725","1":"product","2":"type-product","3":"status-publish","4":"has-post-thumbnail","6":"product_brand-juliette-armand","7":"product_cat-serum","9":"first","10":"instock","11":"taxable","12":"shipping-taxable","13":"purchasable","14":"product-type-variable","15":"has-default-attributes"},"_links":{"self":[{"href":"https:\/\/profskin.ee\/et\/wp-json\/wp\/v2\/product\/7725","targetHints":{"allow":["GET"]}}],"collection":[{"href":"https:\/\/profskin.ee\/et\/wp-json\/wp\/v2\/product"}],"about":[{"href":"https:\/\/profskin.ee\/et\/wp-json\/wp\/v2\/types\/product"}],"wp:featuredmedia":[{"embeddable":true,"href":"https:\/\/profskin.ee\/et\/wp-json\/wp\/v2\/media\/7699"}],"wp:attachment":[{"href":"https:\/\/profskin.ee\/et\/wp-json\/wp\/v2\/media?parent=7725"}],"wp:term":[{"taxonomy":"product_brand","embeddable":true,"href":"https:\/\/profskin.ee\/et\/wp-json\/wp\/v2\/product_brand?post=7725"},{"taxonomy":"product_cat","embeddable":true,"href":"https:\/\/profskin.ee\/et\/wp-json\/wp\/v2\/product_cat?post=7725"},{"taxonomy":"product_tag","embeddable":true,"href":"https:\/\/profskin.ee\/et\/wp-json\/wp\/v2\/product_tag?post=7725"}],"curies":[{"name":"t\u00f6\u00f6leht","href":"https:\/\/api.w.org\/{rel}","templated":true}]}}