{"id":7731,"date":"2025-07-03T21:22:49","date_gmt":"2025-07-03T21:22:49","guid":{"rendered":"https:\/\/profskin.ee\/?post_type=product&#038;p=7731"},"modified":"2026-03-18T15:34:28","modified_gmt":"2026-03-18T15:34:28","slug":"vitamin-b-complex-serum","status":"publish","type":"product","link":"https:\/\/profskin.ee\/et\/toode\/vitamin-b-complex-serum\/","title":{"rendered":"B-vitamiini kompleks seerum"},"content":{"rendered":"<h6>B-kompleksi vitamiinidega rikastatud rahustav seerum \u00e4rritunud ja tundlikule nahale.<\/h6>\n<p>See niisutab ja leevendab naha\u00e4rritust ja er\u00fcteemi. Ideaalne dermatiidi ja \u00e4mblikveenidega nahale.<\/p>\n<div class=\"em-row\">\n<div class=\"em-lg-4 em-col\">\n<h6 class=\"em-font-medium\" style=\"margin-top: 1.2rem; margin-bottom: 1.2rem;\">Sobib<\/h6>\n<ul>\n<li>Dermatiidi v\u00f5i \u00e4mblikveenidega nahk.<\/li>\n<li>\u00c4rritunud ja punetusele kalduv nahk.<\/li>\n<li>Er\u00fcteemi ja rosaatsea all kannatav nahk.<\/li>\n<li>K\u00f5ikidele nahat\u00fc\u00fcpidele (sega, kuiv, normaalne, rasune).<\/li>\n<\/ul>\n<h6 class=\"em-font-medium\" style=\"margin-top: 1.2rem; margin-bottom: 1.2rem;\">Kuidas kasutada<\/h6>\n<ul>\n<li>Kandke v\u00e4ike kogus puhtale nahale.<\/li>\n<li>Masseeri kuni imendumiseni.<\/li>\n<\/ul>\n<\/div>\n<div class=\"em-lg-4 em-col\">\n<h6 class=\"em-font-medium\" style=\"margin-top: 1.2rem; margin-bottom: 1.2rem;\">Toimeained ja koostisosad<\/h6>\n<ul>\n<li><strong>Multi-B-kompleks (B1, B2, B3, B5, B6, B12) 2%<\/strong><\/li>\n<li><strong>Pantenool 3.75%<\/strong><\/li>\n<li><strong>Redyless 2%<\/strong><\/li>\n<li><strong>Vitamiin B3 (PP ja niatsiinamiid) 1%<\/strong><\/li>\n<li><strong>Vitamiin B6 (p\u00fcridoksiin) 0,5%<\/strong><\/li>\n<li><strong>Muud<\/strong>KOOSTIS: VESI, GL\u00dcTSERIIN, PANTENOOL, BUT\u00dcLEENGL\u00dcKOOL, PROPAANDIOOL, NIATSIINAMIID, FENOKS\u00dcETANOOL, PPG-26-BUTETH-26, GL\u00dcTSER\u00dc\u00dcLPOL\u00dcAKR\u00dcLAAT, PARF\u00dc\u00dcM, P\u00dcRIDOKSIINVESINIKKLORIID, PEG-40 H\u00dcDROGENISEERITUD RITSINUS\u00d5LI, KAPRYL\u00dc\u00dcLGL\u00dcKOOL, ET\u00dc\u00dcLHEKS\u00dc\u00dcLGL\u00dcTSERIIN, FAEX EKSTRAKT, KAALIUMH\u00dcDROKSIID, KAALIUMSORBAAT, GL\u00dcTSER\u00dc\u00dcLAKR\u00dcLAADI\/AKR\u00dc\u00dcLHAPPE KOPOL\u00dcMEER, PVM\/MA KOPOL\u00dcMEER, PIPERON\u00dc\u00dcLGL\u00dcKOOS<\/li>\n<\/ul>\n<\/div>\n<\/div>","protected":false},"excerpt":{"rendered":"<p>B-kompleksi vitamiinidega rikastatud rahustav seerum \u00e4rritunud ja tundlikule nahale.<\/p>","protected":false},"featured_media":7697,"template":"","meta":[],"product_brand":[66],"product_cat":[70],"product_tag":[],"class_list":{"0":"post-7731","1":"product","2":"type-product","3":"status-publish","4":"has-post-thumbnail","6":"product_brand-juliette-armand","7":"product_cat-serum","9":"first","10":"instock","11":"taxable","12":"shipping-taxable","13":"purchasable","14":"product-type-variable","15":"has-default-attributes"},"_links":{"self":[{"href":"https:\/\/profskin.ee\/et\/wp-json\/wp\/v2\/product\/7731","targetHints":{"allow":["GET"]}}],"collection":[{"href":"https:\/\/profskin.ee\/et\/wp-json\/wp\/v2\/product"}],"about":[{"href":"https:\/\/profskin.ee\/et\/wp-json\/wp\/v2\/types\/product"}],"wp:featuredmedia":[{"embeddable":true,"href":"https:\/\/profskin.ee\/et\/wp-json\/wp\/v2\/media\/7697"}],"wp:attachment":[{"href":"https:\/\/profskin.ee\/et\/wp-json\/wp\/v2\/media?parent=7731"}],"wp:term":[{"taxonomy":"product_brand","embeddable":true,"href":"https:\/\/profskin.ee\/et\/wp-json\/wp\/v2\/product_brand?post=7731"},{"taxonomy":"product_cat","embeddable":true,"href":"https:\/\/profskin.ee\/et\/wp-json\/wp\/v2\/product_cat?post=7731"},{"taxonomy":"product_tag","embeddable":true,"href":"https:\/\/profskin.ee\/et\/wp-json\/wp\/v2\/product_tag?post=7731"}],"curies":[{"name":"t\u00f6\u00f6leht","href":"https:\/\/api.w.org\/{rel}","templated":true}]}}