{"id":7734,"date":"2025-07-03T21:22:49","date_gmt":"2025-07-03T21:22:49","guid":{"rendered":"https:\/\/profskin.ee\/?post_type=product&#038;p=7734"},"modified":"2026-03-18T15:23:24","modified_gmt":"2026-03-18T15:23:24","slug":"retinoid-c-serum","status":"publish","type":"product","link":"https:\/\/profskin.ee\/et\/toode\/retinoid-c-serum\/","title":{"rendered":"Retinoid C seerum"},"content":{"rendered":"<h6>Taastav, antioks\u00fcdantne seerum k\u00f5ikidele nahat\u00fc\u00fcpidele.<\/h6>\n<p>See parandab naha v\u00e4limust ja kvaliteeti, v\u00e4hendades peeneid jooni, kortse, pigmentatsiooniprobleeme ja tumedaid laike, suurendades selle s\u00e4ra ja andes \u00fchtlasema nahatooni.<\/p>\n<div class=\"em-row\">\n<div class=\"em-lg-4 em-col\">\n<h6 class=\"em-font-medium\" style=\"margin-top: 1.2rem; margin-bottom: 1.2rem;\">Sobib<\/h6>\n<ul>\n<li>Peened jooned, kortsud ja vanuselaigud.<\/li>\n<li>Eba\u00fchtlane nahatoon ja v\u00e4rvimuutus.<\/li>\n<li>Naha karedus ja ebat\u00e4iused.<\/li>\n<li>K\u00f5ikidele nahat\u00fc\u00fcpidele (sega, kuiv, normaalne, rasune).<\/li>\n<\/ul>\n<h6 class=\"em-font-medium\" style=\"margin-top: 1.2rem; margin-bottom: 1.2rem;\">Kuidas kasutada<\/h6>\n<ul>\n<li>Kanna v\u00e4ike kogus puhtale nahale ja masseeri kuni imendumiseni.<\/li>\n<li>Kasutage eelistatavalt \u00f6\u00f6sel.<\/li>\n<li>V\u00e4ltige p\u00e4rast kasutamist p\u00e4ikese k\u00e4es viibimist ja kandke hommikul p\u00e4ikesekaitsekreemi.<\/li>\n<\/ul>\n<\/div>\n<div class=\"em-lg-4 em-col\">\n<h6 class=\"em-font-medium\" style=\"margin-top: 1.2rem; margin-bottom: 1.2rem;\">Toimeained ja koostisosad<\/h6>\n<ul>\n<li><strong>Retinoid (h\u00fcdroks\u00fcpinakolooni retinoaat) 1%<\/strong><\/li>\n<li><strong>3-O-et\u00fc\u00fclaskorbiinhape<\/strong><\/li>\n<li><strong>Pantenool<\/strong><\/li>\n<li><strong>E-vitamiin<\/strong><\/li>\n<li><strong>Muud<\/strong>KOOSTIS: VESI, GL\u00dcTSERIIN, BUT\u00dcLEENGL\u00dcKOOL, PPG-26-BUTETH-26, PEG-40 H\u00dcDROGENISEERITUD RITSINUS\u00d5LI, 3-O-ET\u00dc\u00dcLASKORBIINHAPE, DIMET\u00dc\u00dcLISOSORBIID, PANTENOOL, FENOKS\u00dcETANOOL, TOKOFER\u00dc\u00dcLATSETAAT, GL\u00dcTSER\u00dc\u00dcLPOL\u00dcAKR\u00dcLAAT, KAPRU\u00dcL\u00dc\u00dcLGL\u00dcKOOL, ET\u00dc\u00dcLHEKS\u00dc\u00dcLGL\u00dcTSERIIN, KAALIUMH\u00dcDROKSIID, H\u00dcDROKS\u00dcPINAKOLOONRETINOAT, KAALIUMSORBAAT, GL\u00dcTSER\u00dc\u00dcLAKR\u00dcLAADI\/AKR\u00dc\u00dcLHAPPE KOPOL\u00dcMEER, PVM\/MA KOPOL\u00dcMEER<\/li>\n<\/ul>\n<\/div>\n<\/div>","protected":false},"excerpt":{"rendered":"<p>Taastav, antioks\u00fcdantne seerum k\u00f5ikidele nahat\u00fc\u00fcpidele.<\/p>","protected":false},"featured_media":7696,"template":"","meta":[],"product_brand":[66],"product_cat":[70],"product_tag":[],"class_list":{"0":"post-7734","1":"product","2":"type-product","3":"status-publish","4":"has-post-thumbnail","6":"product_brand-juliette-armand","7":"product_cat-serum","9":"first","10":"instock","11":"taxable","12":"shipping-taxable","13":"purchasable","14":"product-type-variable","15":"has-default-attributes"},"_links":{"self":[{"href":"https:\/\/profskin.ee\/et\/wp-json\/wp\/v2\/product\/7734","targetHints":{"allow":["GET"]}}],"collection":[{"href":"https:\/\/profskin.ee\/et\/wp-json\/wp\/v2\/product"}],"about":[{"href":"https:\/\/profskin.ee\/et\/wp-json\/wp\/v2\/types\/product"}],"wp:featuredmedia":[{"embeddable":true,"href":"https:\/\/profskin.ee\/et\/wp-json\/wp\/v2\/media\/7696"}],"wp:attachment":[{"href":"https:\/\/profskin.ee\/et\/wp-json\/wp\/v2\/media?parent=7734"}],"wp:term":[{"taxonomy":"product_brand","embeddable":true,"href":"https:\/\/profskin.ee\/et\/wp-json\/wp\/v2\/product_brand?post=7734"},{"taxonomy":"product_cat","embeddable":true,"href":"https:\/\/profskin.ee\/et\/wp-json\/wp\/v2\/product_cat?post=7734"},{"taxonomy":"product_tag","embeddable":true,"href":"https:\/\/profskin.ee\/et\/wp-json\/wp\/v2\/product_tag?post=7734"}],"curies":[{"name":"t\u00f6\u00f6leht","href":"https:\/\/api.w.org\/{rel}","templated":true}]}}