{"id":7737,"date":"2025-07-03T21:22:51","date_gmt":"2025-07-03T21:22:51","guid":{"rendered":"https:\/\/profskin.ee\/?post_type=product&#038;p=7737"},"modified":"2026-03-18T15:23:38","modified_gmt":"2026-03-18T15:23:38","slug":"brightening-serum","status":"publish","type":"product","link":"https:\/\/profskin.ee\/et\/toode\/brightening-serum\/","title":{"rendered":"Helendav seerum"},"content":{"rendered":"<h6>Kirgastavat ja s\u00e4ra andvat seerum sobib pigmendiprobleemide ja vistrikega nahale.<\/h6>\n<p>See parandab naha v\u00e4limust ja annab \u00fchtlasema jume.<\/p>\n<div class=\"em-row\">\n<div class=\"em-lg-4 em-col\">\n<h6 class=\"em-font-medium\" style=\"margin-top: 1.2rem; margin-bottom: 1.2rem;\">Sobib<\/h6>\n<ul>\n<li>H\u00fcperpigmentatsioon ja tumedad laigud.<\/li>\n<li>Eba\u00fchtlane v\u00f5i tuhm nahatoon.<\/li>\n<li>Antioks\u00fcdantne kaitse ja s\u00e4rav efekt.<\/li>\n<li>K\u00f5ikidele nahat\u00fc\u00fcpidele (sega, kuiv, normaalne, rasune).<\/li>\n<\/ul>\n<h6 class=\"em-font-medium\" style=\"margin-top: 1.2rem; margin-bottom: 1.2rem;\">Kuidas kasutada<\/h6>\n<ul>\n<li>Kanna v\u00e4ike kogus puhtale nahale ja masseeri kuni imendumiseni.<\/li>\n<li>Seda saab kasutada nii terve p\u00e4eva kui ka ennetava meetmena.<\/li>\n<\/ul>\n<\/div>\n<div class=\"em-lg-4 em-col\">\n<h6 class=\"em-font-medium\" style=\"margin-top: 1.2rem; margin-bottom: 1.2rem;\">Toimeained ja koostisosad<\/h6>\n<ul>\n<li><strong>A-bisabolool<\/strong><\/li>\n<li><strong>C-vitamiin (askorbiinhape)<\/strong><\/li>\n<li><strong>Asyntra (heks\u00fc\u00fclresortsinool ja et\u00fc\u00fcllinoleaat)<\/strong><\/li>\n<li><strong>Gallushape<\/strong><\/li>\n<li><strong>Lagritsaekstrakt<\/strong><\/li>\n<li><strong>F\u00fctiinhape<\/strong><\/li>\n<li><strong>Rumex<\/strong><\/li>\n<li><strong>Muud<\/strong>KOOSTIS: VESI, BUT\u00dcLEENGL\u00dcKOOL, ALOE BARBADENSIS&#039;E LEHE EKSTRAKT, GL\u00dcTSERIIN, POL\u00dcAKR\u00dc\u00dcLAMIID, RITSINOLEET-40, PPG-26-BUTETH-26, C13-14 ISOPARAFIIN, FENOKS\u00dcETANOOL, PEG-40 H\u00dcDROGENISEERITUD RITSINUS\u00d5LI, NAATRIUMF\u00dcTAAT, KAPRU\u00dcL\u00dc\u00dcLGL\u00dcKOOL, ET\u00dc\u00dcLHEKS\u00dc\u00dcLGL\u00dcTSERIIN, GLYCYRRHIZA GLABRA JUUR EKSTRAKT, LAURETH-7, BISABOLOOL, KAPRU\u00dcL-\/KAPRIINTRIGL\u00dcTSERIID, ASKORBIINHAPPE, RUMEX OCCIDENTALIS&#039;E EKSTRAKT, ET\u00dc\u00dcLLINOLEAAT, HEKS\u00dc\u00dcLRESORTSINOOL, KAALIUMH\u00dcDROKSIID, DIGL\u00dcKOS\u00dc\u00dcLGALLIINHAPE, ALKOHOL<\/li>\n<\/ul>\n<\/div>\n<\/div>","protected":false},"excerpt":{"rendered":"<p>Kirgastavat ja s\u00e4ra andvat seerum sobib pigmendiprobleemide ja vistrikega nahale.<\/p>","protected":false},"featured_media":7695,"template":"","meta":[],"product_brand":[66],"product_cat":[70],"product_tag":[],"class_list":{"0":"post-7737","1":"product","2":"type-product","3":"status-publish","4":"has-post-thumbnail","6":"product_brand-juliette-armand","7":"product_cat-serum","9":"first","10":"instock","11":"taxable","12":"shipping-taxable","13":"purchasable","14":"product-type-variable","15":"has-default-attributes"},"_links":{"self":[{"href":"https:\/\/profskin.ee\/et\/wp-json\/wp\/v2\/product\/7737","targetHints":{"allow":["GET"]}}],"collection":[{"href":"https:\/\/profskin.ee\/et\/wp-json\/wp\/v2\/product"}],"about":[{"href":"https:\/\/profskin.ee\/et\/wp-json\/wp\/v2\/types\/product"}],"wp:featuredmedia":[{"embeddable":true,"href":"https:\/\/profskin.ee\/et\/wp-json\/wp\/v2\/media\/7695"}],"wp:attachment":[{"href":"https:\/\/profskin.ee\/et\/wp-json\/wp\/v2\/media?parent=7737"}],"wp:term":[{"taxonomy":"product_brand","embeddable":true,"href":"https:\/\/profskin.ee\/et\/wp-json\/wp\/v2\/product_brand?post=7737"},{"taxonomy":"product_cat","embeddable":true,"href":"https:\/\/profskin.ee\/et\/wp-json\/wp\/v2\/product_cat?post=7737"},{"taxonomy":"product_tag","embeddable":true,"href":"https:\/\/profskin.ee\/et\/wp-json\/wp\/v2\/product_tag?post=7737"}],"curies":[{"name":"t\u00f6\u00f6leht","href":"https:\/\/api.w.org\/{rel}","templated":true}]}}