{"id":7740,"date":"2025-07-03T21:22:51","date_gmt":"2025-07-03T21:22:51","guid":{"rendered":"https:\/\/profskin.ee\/?post_type=product&#038;p=7740"},"modified":"2026-03-18T15:18:41","modified_gmt":"2026-03-18T15:18:41","slug":"glaciar-cleanning-milk","status":"publish","type":"product","link":"https:\/\/profskin.ee\/et\/toode\/glaciar-cleanning-milk\/","title":{"rendered":"Glaciar Cleanning Milk"},"content":{"rendered":"<h6>Kerge ja v\u00e4rske tekstuuriga \u00f5rn n\u00e4opuhastusemulsioon.<\/h6>\n<p>Eemaldab ideaalselt nahapinnale kogunenud lisandid ja meigij\u00e4ljed. Eriti h\u00e4sti sobib normaalsele ja kuivale nahale. Sobib tundlikule nahale.<\/p>\n<div class=\"em-row\">\n<div class=\"em-lg-4 em-col\">\n<h6 class=\"em-font-medium\" style=\"margin-top: 1.2rem; margin-bottom: 1.2rem;\">Sobib<\/h6>\n<ul>\n<li>Normaalsele ja kuivale nahale.<\/li>\n<li>Tundlikud nahat\u00fc\u00fcbid.<\/li>\n<li>Meigi eemaldamine ja igap\u00e4evane puhastus.<\/li>\n<li>Naha barj\u00e4\u00e4rifunktsiooni tugevdamine.<\/li>\n<\/ul>\n<h6 class=\"em-font-medium\" style=\"margin-top: 1.2rem; margin-bottom: 1.2rem;\">Kuidas kasutada<\/h6>\n<ul>\n<li>Kanna peopesale 5 v\u00f5i 6 pumpamist toodet.<\/li>\n<li>Kanna ringjate liigutustega n\u00e4ole, kaelale ja dekolteele.<\/li>\n<li>Loputa veega ja kuivata.<\/li>\n<li>Kasutage iga p\u00e4ev, hommikul ja \u00f5htul.<\/li>\n<\/ul>\n<\/div>\n<div class=\"em-lg-4 em-col\">\n<h6 class=\"em-font-medium\" style=\"margin-top: 1.2rem; margin-bottom: 1.2rem;\">Toimeained ja koostisosad<\/h6>\n<ul>\n<li><strong>Liposomaalne liustikuvesi<\/strong>\u00c4\u00e4rmiselt puhas ja v\u00e4rskendav vesi. Liposomaalne kapseldamine suurendab naha imendumist.<\/li>\n<li><strong>Betaiin<\/strong>S\u00e4ilitab veetasakaalu, tugevdab naha kaitsebarj\u00e4\u00e4ri ja kaitseb nahka kahjulike ainete, n\u00e4iteks reostuse, toime eest.<\/li>\n<li><strong>Aloe Vera (Aloe Barbadensise lehtede mahl)<\/strong>Niisutav, pehmendav, v\u00e4rskendav ja immunomoduleeriv toime, mis kaitseb tundlikku nahka.<\/li>\n<li><strong>Muud<\/strong>KOOSTIS: VESI, ISOPROP\u00dc\u00dcLM\u00dcRISTAAT, GL\u00dcTSERIIN, TSET\u00dc\u00dcLALKOHOL, LETSITIIN, KSANTAANKUMM, DENAATTUD ALKOHOL, FENOKS\u00dcETANOOL, ET\u00dc\u00dcLHEKS\u00dc\u00dcLGL\u00dcTSERIIN, PARF\u00dc\u00dcM, H\u00dcDROKS\u00dcISOHEKS\u00dc\u00dcL-3-TS\u00dcKLOHEKSEENKARBOKSALDEH\u00dc\u00dcD, ALFA-ISOMET\u00dc\u00dcLJOON, GERANIOOL, LINALOOL, TSITRONELLOO.<\/li>\n<\/ul>\n<\/div>\n<\/div>","protected":false},"excerpt":{"rendered":"<p>Kerge ja v\u00e4rske tekstuuriga \u00f5rn n\u00e4opuhastusemulsioon.<\/p>","protected":false},"featured_media":7694,"template":"","meta":[],"product_brand":[68],"product_cat":[71],"product_tag":[],"class_list":{"0":"post-7740","1":"product","2":"type-product","3":"status-publish","4":"has-post-thumbnail","6":"product_brand-summe-cosmetics","7":"product_cat-cleansers","9":"first","10":"instock","11":"taxable","12":"shipping-taxable","13":"purchasable","14":"product-type-variable","15":"has-default-attributes"},"_links":{"self":[{"href":"https:\/\/profskin.ee\/et\/wp-json\/wp\/v2\/product\/7740","targetHints":{"allow":["GET"]}}],"collection":[{"href":"https:\/\/profskin.ee\/et\/wp-json\/wp\/v2\/product"}],"about":[{"href":"https:\/\/profskin.ee\/et\/wp-json\/wp\/v2\/types\/product"}],"wp:featuredmedia":[{"embeddable":true,"href":"https:\/\/profskin.ee\/et\/wp-json\/wp\/v2\/media\/7694"}],"wp:attachment":[{"href":"https:\/\/profskin.ee\/et\/wp-json\/wp\/v2\/media?parent=7740"}],"wp:term":[{"taxonomy":"product_brand","embeddable":true,"href":"https:\/\/profskin.ee\/et\/wp-json\/wp\/v2\/product_brand?post=7740"},{"taxonomy":"product_cat","embeddable":true,"href":"https:\/\/profskin.ee\/et\/wp-json\/wp\/v2\/product_cat?post=7740"},{"taxonomy":"product_tag","embeddable":true,"href":"https:\/\/profskin.ee\/et\/wp-json\/wp\/v2\/product_tag?post=7740"}],"curies":[{"name":"t\u00f6\u00f6leht","href":"https:\/\/api.w.org\/{rel}","templated":true}]}}