{"id":7743,"date":"2025-07-03T21:22:51","date_gmt":"2025-07-03T21:22:51","guid":{"rendered":"https:\/\/profskin.ee\/?post_type=product&#038;p=7743"},"modified":"2026-03-18T15:18:41","modified_gmt":"2026-03-18T15:18:41","slug":"glaciar-soft-lotion","status":"publish","type":"product","link":"https:\/\/profskin.ee\/et\/toode\/glaciar-soft-lotion\/","title":{"rendered":"Glaciar Soft Lotion"},"content":{"rendered":"<h6>\u00d5rn n\u00e4otoonik pehmendava toimega, sobib igale nahat\u00fc\u00fcbile.<\/h6>\n<p>Taastab naha pH taseme, kaitstes seda v\u00e4liste agressiivsete tegurite eest ja suurendades j\u00e4rgnevate hoolduste efektiivsust. Eriti n\u00e4idustatud normaalsele ja kuivale nahale. Sobib tundlikule nahale.<\/p>\n<div class=\"em-row\">\n<div class=\"em-lg-4 em-col\">\n<h6 class=\"em-font-medium\" style=\"margin-top: 1.2rem; margin-bottom: 1.2rem;\">Sobib<\/h6>\n<ul>\n<li>K\u00f5ikidele nahat\u00fc\u00fcpidele, sh tundlikule.<\/li>\n<li>Normaalse ja kuiva naha korral.<\/li>\n<li>N\u00f5rgenenud barj\u00e4\u00e4rifunktsiooniga nahk.<\/li>\n<li>Igap\u00e4evane kasutamine pH taastamiseks ja nahahooldusrutiiniks ettevalmistamiseks.<\/li>\n<\/ul>\n<h6 class=\"em-font-medium\" style=\"margin-top: 1.2rem; margin-bottom: 1.2rem;\">Kuidas kasutada<\/h6>\n<ul>\n<li>Kanna kolm pumpamist toodet kogu n\u00e4ole, kaelale ja dekolteele kas k\u00e4te v\u00f5i vatipadjakestega.<\/li>\n<li>Lase loomulikult kuivada. \u00c4ra loputa.<\/li>\n<li>Kasutage hommikul ja \u00f5htul.<\/li>\n<\/ul>\n<\/div>\n<div class=\"em-lg-4 em-col\">\n<h6 class=\"em-font-medium\" style=\"margin-top: 1.2rem; margin-bottom: 1.2rem;\">Toimeained ja koostisosad<\/h6>\n<ul>\n<li><strong>Liposomaalne liustikuvesi<\/strong><\/li>\n<li><strong>Sojaletsitiin (letsitiin)<\/strong><\/li>\n<li><strong>Kaeraekstrakt (Avena Sativa ekstrakt)<\/strong><\/li>\n<li><strong>Muud<\/strong>KOOSTIS: VESI, PEG-40 H\u00dcDROGENISEERITUD RITSINUS\u00d5LI, BENSOFENOON-4, AVENA SATIVA EKSTRAKT, LETSITIIN, NAATRIUMH\u00dcDROKSIID, CI 14720, CI 42051, DENAAT-ALKOHOL, KAALIUMSORBAAT, NAATRIUMBENSOAAT, PARF\u00dc\u00dcM, H\u00dcDROKS\u00dcISOHEKS\u00dc\u00dcL-3-TS\u00dcKLOHEKSEENKARBOKSALDEH\u00dc\u00dcD, ALFA-ISOMET\u00dc\u00dcLJONOON, GERANIOOL, LINALOOL, TSITRONELLOOL, H\u00dcDROKS\u00dcTSITRONELLAAL.<\/li>\n<\/ul>\n<\/div>\n<\/div>","protected":false},"excerpt":{"rendered":"<p>\u00d5rn n\u00e4otoonik pehmendava toimega, sobib igale nahat\u00fc\u00fcbile.<\/p>","protected":false},"featured_media":7693,"template":"","meta":[],"product_brand":[68],"product_cat":[71],"product_tag":[],"class_list":{"0":"post-7743","1":"product","2":"type-product","3":"status-publish","4":"has-post-thumbnail","6":"product_brand-summe-cosmetics","7":"product_cat-cleansers","9":"first","10":"instock","11":"taxable","12":"shipping-taxable","13":"purchasable","14":"product-type-variable","15":"has-default-attributes"},"_links":{"self":[{"href":"https:\/\/profskin.ee\/et\/wp-json\/wp\/v2\/product\/7743","targetHints":{"allow":["GET"]}}],"collection":[{"href":"https:\/\/profskin.ee\/et\/wp-json\/wp\/v2\/product"}],"about":[{"href":"https:\/\/profskin.ee\/et\/wp-json\/wp\/v2\/types\/product"}],"wp:featuredmedia":[{"embeddable":true,"href":"https:\/\/profskin.ee\/et\/wp-json\/wp\/v2\/media\/7693"}],"wp:attachment":[{"href":"https:\/\/profskin.ee\/et\/wp-json\/wp\/v2\/media?parent=7743"}],"wp:term":[{"taxonomy":"product_brand","embeddable":true,"href":"https:\/\/profskin.ee\/et\/wp-json\/wp\/v2\/product_brand?post=7743"},{"taxonomy":"product_cat","embeddable":true,"href":"https:\/\/profskin.ee\/et\/wp-json\/wp\/v2\/product_cat?post=7743"},{"taxonomy":"product_tag","embeddable":true,"href":"https:\/\/profskin.ee\/et\/wp-json\/wp\/v2\/product_tag?post=7743"}],"curies":[{"name":"t\u00f6\u00f6leht","href":"https:\/\/api.w.org\/{rel}","templated":true}]}}