{"id":7746,"date":"2025-07-03T21:22:51","date_gmt":"2025-07-03T21:22:51","guid":{"rendered":"https:\/\/profskin.ee\/?post_type=product&#038;p=7746"},"modified":"2026-03-18T15:24:45","modified_gmt":"2026-03-18T15:24:45","slug":"illuminator-eye-contour","status":"publish","type":"product","link":"https:\/\/profskin.ee\/et\/toode\/illuminator-eye-contour\/","title":{"rendered":"Illuminator silmakontuurile"},"content":{"rendered":"<h6>V\u00e4hendab silmalaugude l\u00f5tvust, miimikakortse ja tumedaid ringe.<\/h6>\n<p>Kontuur v\u00e4hendab silma\u00fcmbruse l\u00f5tvumise m\u00f5ju.<\/p>\n<div class=\"em-row\">\n<div class=\"em-lg-4 em-col\">\n<h6 class=\"em-font-medium\" style=\"margin-top: 1.2rem; margin-bottom: 1.2rem;\">Sobib<\/h6>\n<ul>\n<li>Silmalaudade l\u00f5tvus (rippuv silmalaugude v\u00e4limus).<\/li>\n<li>Miimikakortsud.<\/li>\n<li>Tumedad ringid silmade all.<\/li>\n<li>Deh\u00fcdratsioon.<\/li>\n<\/ul>\n<h6 class=\"em-font-medium\" style=\"margin-top: 1.2rem; margin-bottom: 1.2rem;\">Kuidas kasutada<\/h6>\n<ul>\n<li>Enne kreemi pealekandmist puhasta kontuuripiirkond hoolikalt.<\/li>\n<li>Kanna kreemi nahale, masseerides \u00f5rnalt ringjate liigutustega seestpoolt v\u00e4ljapoole kottide piirkonnas.<\/li>\n<li>Saate seda kasutada hommikul ja \u00f5htul.<\/li>\n<\/ul><\/div>\n<div class=\"em-lg-4 em-col\">\n<h6 class=\"em-font-medium\" style=\"margin-top: 1.2rem; margin-bottom: 1.2rem;\">Toimeained ja koostisosad<\/h6>\n<ul>\n<li><strong>Aktiivne h\u00fcaluronaan<\/strong>: meie patenteeritud molekul, mis on v\u00f5imeline v\u00e4hendama n\u00e4o l\u00f5tvumist.<\/li>\n<li><strong>Lipolight<\/strong>Parandab s\u00e4ra ja v\u00e4hendab silmade all olevaid tumedaid ringe.<\/li>\n<li><strong>Peptiidid<\/strong>: V\u00e4hendab kortsude s\u00fcgavust ja parandab naha siledust.<\/li>\n<li><strong>Shea<\/strong>Taastab ja parandab nahka t\u00e4nu k\u00f5rgele A-, C- ja E-vitamiini sisaldusele.<\/li>\n<li><strong>Vitamiin B5<\/strong>Parandab naha pindmiste kihtide niisutust, elastsust ja uuenemist.<\/li>\n<li><strong>EI<\/strong> v\u00e4rvained, \u00e4rritavad alkoholid, sulfaadid, formaldeh\u00fc\u00fcdi, fenoolid v\u00f5i muud nahale kahjulikud ained.<\/li>\n<\/ul><\/div>\n<\/div>","protected":false},"excerpt":{"rendered":"<p>V\u00e4hendab silmalaugude l\u00f5tvust, miimikakortse ja tumedaid ringe.<\/p>","protected":false},"featured_media":7692,"template":"","meta":[],"product_brand":[67],"product_cat":[69],"product_tag":[],"class_list":{"0":"post-7746","1":"product","2":"type-product","3":"status-publish","4":"has-post-thumbnail","6":"product_brand-endor-technologies","7":"product_cat-cream","9":"first","10":"instock","11":"sale","12":"taxable","13":"shipping-taxable","14":"purchasable","15":"product-type-simple"},"_links":{"self":[{"href":"https:\/\/profskin.ee\/et\/wp-json\/wp\/v2\/product\/7746","targetHints":{"allow":["GET"]}}],"collection":[{"href":"https:\/\/profskin.ee\/et\/wp-json\/wp\/v2\/product"}],"about":[{"href":"https:\/\/profskin.ee\/et\/wp-json\/wp\/v2\/types\/product"}],"wp:featuredmedia":[{"embeddable":true,"href":"https:\/\/profskin.ee\/et\/wp-json\/wp\/v2\/media\/7692"}],"wp:attachment":[{"href":"https:\/\/profskin.ee\/et\/wp-json\/wp\/v2\/media?parent=7746"}],"wp:term":[{"taxonomy":"product_brand","embeddable":true,"href":"https:\/\/profskin.ee\/et\/wp-json\/wp\/v2\/product_brand?post=7746"},{"taxonomy":"product_cat","embeddable":true,"href":"https:\/\/profskin.ee\/et\/wp-json\/wp\/v2\/product_cat?post=7746"},{"taxonomy":"product_tag","embeddable":true,"href":"https:\/\/profskin.ee\/et\/wp-json\/wp\/v2\/product_tag?post=7746"}],"curies":[{"name":"t\u00f6\u00f6leht","href":"https:\/\/api.w.org\/{rel}","templated":true}]}}