{"id":7747,"date":"2025-07-03T21:22:51","date_gmt":"2025-07-03T21:22:51","guid":{"rendered":"https:\/\/profskin.ee\/?post_type=product&#038;p=7747"},"modified":"2026-03-18T15:23:38","modified_gmt":"2026-03-18T15:23:38","slug":"concentrated-booster-serum","status":"publish","type":"product","link":"https:\/\/profskin.ee\/et\/toode\/concentrated-booster-serum\/","title":{"rendered":"Kontsentreeritud Booster seerum"},"content":{"rendered":"<h6>Toitev kreem n\u00e4o, kaela ja kontuuride l\u00f5tvuse v\u00e4hendamiseks.<\/h6>\n<p>Seerum kiirendab ja v\u00f5imendab n\u00e4o, kaela ja silma\u00fcmbruse pinguldumise tagaj\u00e4rgede leevendamist, olenevalt kasutuspiirkonnast.<\/p>\n<div class=\"em-row\">\n<div class=\"em-lg-4 em-col\">\n<h6 class=\"em-font-medium\" style=\"margin-top: 1.2rem; margin-bottom: 1.2rem;\">Sobib<\/h6>\n<ul>\n<li>Nasolabiaalsed voldid (naeratuse kortsud).<\/li>\n<li>Supralabiaalsed jooned (v\u00f6\u00f6tkoodijooned huulte \u00fcmber).<\/li>\n<li>Marionettjooned (l\u00f5uavoldid).<\/li>\n<li>Otsmiku- ja kulmukortsud (otsmikujooned).<\/li>\n<li>Silmalaudade l\u00f5tvus (rippuv silmalaug).<\/li>\n<li>Miimikakortsud.<\/li>\n<li>Horisontaalsed ja vertikaalsed kaelajooned.<\/li>\n<\/ul>\n<h6 class=\"em-font-medium\" style=\"margin-top: 1.2rem; margin-bottom: 1.2rem;\">Kuidas kasutada<\/h6>\n<ul>\n<li>Puhasta hoolikalt n\u00e4gu, silma\u00fcmbrus, kael ja kukal.<\/li>\n<li>Kandke seerum \u00f5rnalt masseerides, kuni see on t\u00e4ielikult imendunud.<\/li>\n<li>Kasutage hommikul ja \u00f5htul enne oma tavalist kreemi.<\/li>\n<li>N\u00e4htavad l\u00f5tvusevastased tulemused ilmnevad umbes \u00fche kuu pikkuse regulaarse kasutamise j\u00e4rel.<\/li>\n<li>Enne kreemi pealekandmist eemalda k\u00e4telt liigne seerum.<\/li>\n<\/ul><\/div>\n<div class=\"em-lg-4 em-col\">\n<h6 class=\"em-font-medium\" style=\"margin-top: 1.2rem; margin-bottom: 1.2rem;\">Toimeained ja koostisosad<\/h6>\n<ul>\n<li><strong>Aktiivne h\u00fcaluronaan<\/strong>Patenteeritud molekul, mis parandab naha s\u00fcgavate kihtide prinkust.<\/li>\n<li><strong>Niatsiinamiid<\/strong>Niisutab, \u00fchtlustab nahatooni, annab s\u00e4ra ja eluj\u00f5udu.<\/li>\n<li><strong>Klorella vetikad<\/strong>Vitamiinirikas, reguleerib \u00f5litootmist, niisutab, v\u00e4hendab punetust ja pehmendab nahka.<\/li>\n<li><strong>EI<\/strong> v\u00e4rvained, \u00e4rritavad alkoholid, sulfaadid, formaldeh\u00fc\u00fcdi, fenoolid v\u00f5i muud kahjulikud ained.<\/li>\n<\/ul><\/div>\n<\/div>","protected":false},"excerpt":{"rendered":"<p>Toitev kreem n\u00e4o, kaela ja kontuuride l\u00f5tvuse v\u00e4hendamiseks.<\/p>","protected":false},"featured_media":7691,"template":"","meta":[],"product_brand":[67],"product_cat":[70],"product_tag":[],"class_list":{"0":"post-7747","1":"product","2":"type-product","3":"status-publish","4":"has-post-thumbnail","6":"product_brand-endor-technologies","7":"product_cat-serum","9":"first","10":"instock","11":"sale","12":"taxable","13":"shipping-taxable","14":"purchasable","15":"product-type-simple"},"_links":{"self":[{"href":"https:\/\/profskin.ee\/et\/wp-json\/wp\/v2\/product\/7747","targetHints":{"allow":["GET"]}}],"collection":[{"href":"https:\/\/profskin.ee\/et\/wp-json\/wp\/v2\/product"}],"about":[{"href":"https:\/\/profskin.ee\/et\/wp-json\/wp\/v2\/types\/product"}],"wp:featuredmedia":[{"embeddable":true,"href":"https:\/\/profskin.ee\/et\/wp-json\/wp\/v2\/media\/7691"}],"wp:attachment":[{"href":"https:\/\/profskin.ee\/et\/wp-json\/wp\/v2\/media?parent=7747"}],"wp:term":[{"taxonomy":"product_brand","embeddable":true,"href":"https:\/\/profskin.ee\/et\/wp-json\/wp\/v2\/product_brand?post=7747"},{"taxonomy":"product_cat","embeddable":true,"href":"https:\/\/profskin.ee\/et\/wp-json\/wp\/v2\/product_cat?post=7747"},{"taxonomy":"product_tag","embeddable":true,"href":"https:\/\/profskin.ee\/et\/wp-json\/wp\/v2\/product_tag?post=7747"}],"curies":[{"name":"t\u00f6\u00f6leht","href":"https:\/\/api.w.org\/{rel}","templated":true}]}}