{"id":7749,"date":"2025-07-03T21:22:51","date_gmt":"2025-07-03T21:22:51","guid":{"rendered":"https:\/\/profskin.ee\/?post_type=product&#038;p=7749"},"modified":"2026-03-18T15:24:45","modified_gmt":"2026-03-18T15:24:45","slug":"bioactive-cream","status":"publish","type":"product","link":"https:\/\/profskin.ee\/et\/toode\/bioactive-cream\/","title":{"rendered":"Bioaktiivne kreem"},"content":{"rendered":"<h6>V\u00e4hendab n\u00e4o l\u00f5tvumise m\u00f5ju kombineeritud v\u00f5i rasusele nahale.<\/h6>\n<p>Bioaktiivne kreem leevendab kombineeritud v\u00f5i rasuse naha prinkusekaotusest tingitud probleeme:<\/p>\n<div class=\"em-row\">\n<div class=\"em-lg-4 em-col\">\n<h6 class=\"em-font-medium\" style=\"margin-top: 1.2rem; margin-bottom: 1.2rem;\">Sobib<\/h6>\n<ul>\n<li>Nasolabiaalne voldik.<\/li>\n<li>Supralabiaalne ritioos (triipkood).<\/li>\n<li>L\u00f5ua kortsud (marionettjooned).<\/li>\n<li>Glabellaarsed ja otsmikukortsud (kortsud kulmude ja otsaesise vahel).<\/li>\n<li>Deh\u00fcdratsioon.<\/li>\n<\/ul>\n<h6 class=\"em-font-medium\" style=\"margin-top: 1.2rem; margin-bottom: 1.2rem;\">Kuidas kasutada<\/h6>\n<ul>\n<li>Ilma puhastamiseta pole ilu. Puhasta oma n\u00e4gu enne kreemi pealekandmist korralikult. Kui sa meiki kannad, kasuta k\u00f5igepealt meigieemalduspiima ja seej\u00e4rel n\u00e4oseepi v\u00f5i -vahtu. L\u00f5puks toonikut.<\/li>\n<li>Kanna kreemi energilise masseerimisega n\u00e4ole, kaelale ja kuklale, kuni see on t\u00e4ielikult imendunud. V\u00f5ta rahulikult.<\/li>\n<li>Kanna kreemi hommikul ja \u00f5htul. Ole j\u00e4rjepidev. Nahk n\u00e4eb parem v\u00e4lja juba m\u00f5ne p\u00e4eva p\u00e4rast, aga kortsude ja l\u00f5tvuse ilmnemine v\u00f5tab aega umbes kuu.<\/li>\n<\/ul><\/div>\n<div class=\"em-lg-4 em-col\">\n<h6 class=\"em-font-medium\" style=\"margin-top: 1.2rem; margin-bottom: 1.2rem;\">Toimeained ja koostisosad<\/h6>\n<ul>\n<li><strong>Aktiivne h\u00fcaluronaan<\/strong>: meie patenteeritud molekul n\u00e4o l\u00f5tvumise v\u00e4hendamiseks.<\/li>\n<li><strong>Kapseldatud C-vitamiin<\/strong>1000% antioks\u00fcdantsem kui C-vitamiin.<\/li>\n<li><strong>Spirulina vetikad<\/strong>Kaitseb UV-valguse ja HEV (ekraanide) poolt tekitatud vananemise eest. Parandab DNA-d. V\u00e4hendab plekke.<\/li>\n<li><strong>Jojoba estrid ja taimsed valgud<\/strong>Tugevdab naha barj\u00e4\u00e4rifunktsiooni ja niisutust.<\/li>\n<li><strong>Aminohapped<\/strong>: V\u00e4hendab kortsude s\u00fcgavust ja parandab naha siledust.<\/li>\n<li><strong>Vitamiin B5<\/strong>Parandab naha pindmiste kihtide niisutust, elastsust ja uuenemist.<\/li>\n<li><strong>EI<\/strong> v\u00e4rvained, \u00e4rritavad alkoholid, sulfaadid, formaldeh\u00fc\u00fcdi, fenoolid v\u00f5i muud nahale kahjulikud ained.<\/li>\n<\/ul><\/div>\n<\/div>","protected":false},"excerpt":{"rendered":"<p>V\u00e4hendab n\u00e4o l\u00f5tvumise m\u00f5ju kombineeritud v\u00f5i rasusele nahale.<\/p>","protected":false},"featured_media":7689,"template":"","meta":[],"product_brand":[67],"product_cat":[69],"product_tag":[],"class_list":{"0":"post-7749","1":"product","2":"type-product","3":"status-publish","4":"has-post-thumbnail","6":"product_brand-endor-technologies","7":"product_cat-cream","9":"first","10":"instock","11":"sale","12":"taxable","13":"shipping-taxable","14":"purchasable","15":"product-type-simple"},"_links":{"self":[{"href":"https:\/\/profskin.ee\/et\/wp-json\/wp\/v2\/product\/7749","targetHints":{"allow":["GET"]}}],"collection":[{"href":"https:\/\/profskin.ee\/et\/wp-json\/wp\/v2\/product"}],"about":[{"href":"https:\/\/profskin.ee\/et\/wp-json\/wp\/v2\/types\/product"}],"wp:featuredmedia":[{"embeddable":true,"href":"https:\/\/profskin.ee\/et\/wp-json\/wp\/v2\/media\/7689"}],"wp:attachment":[{"href":"https:\/\/profskin.ee\/et\/wp-json\/wp\/v2\/media?parent=7749"}],"wp:term":[{"taxonomy":"product_brand","embeddable":true,"href":"https:\/\/profskin.ee\/et\/wp-json\/wp\/v2\/product_brand?post=7749"},{"taxonomy":"product_cat","embeddable":true,"href":"https:\/\/profskin.ee\/et\/wp-json\/wp\/v2\/product_cat?post=7749"},{"taxonomy":"product_tag","embeddable":true,"href":"https:\/\/profskin.ee\/et\/wp-json\/wp\/v2\/product_tag?post=7749"}],"curies":[{"name":"t\u00f6\u00f6leht","href":"https:\/\/api.w.org\/{rel}","templated":true}]}}