{"id":7750,"date":"2025-07-03T21:22:51","date_gmt":"2025-07-03T21:22:51","guid":{"rendered":"https:\/\/profskin.ee\/?post_type=product&#038;p=7750"},"modified":"2026-03-18T15:28:42","modified_gmt":"2026-03-18T15:28:42","slug":"lasergen","status":"publish","type":"product","link":"https:\/\/profskin.ee\/et\/toode\/lasergen\/","title":{"rendered":"Lasergen"},"content":{"rendered":"<h6>Parandab l\u00f5tvumise efekti kogu n\u00e4ol. Tasakaalustatud v\u00f5i m\u00f5\u00f5dukalt kuiv nahk.<\/h6>\n<p>Lasergen toimib n\u00e4o k\u00f5ikides piirkondades elastsuse kaotanud nahale. Selle koostis sobib normaalsele kuni m\u00f5\u00f5dukalt kuivale nahale, mis ei tekita pingul tunnet:<\/p>\n<div class=\"em-row\">\n<div class=\"em-lg-4 em-col\">\n<h6 class=\"em-font-medium\" style=\"margin-top: 1.2rem; margin-bottom: 1.2rem;\">Sobib<\/h6>\n<ul>\n<li>Perilabiaalne piirkond: v\u00e4hendab nasolabiaalseid volte, v\u00f6\u00f6tkoodi ja l\u00f5ua kortse (marionettjooni).<\/li>\n<li>Otsmikupiirkond: v\u00e4hendab laubakortse ja kulmukortse.<\/li>\n<li>K\u00fclgmine tsoon: v\u00e4hendab silma\u00fcmbruse l\u00e4hedal asuvaid miimikakortse.<\/li>\n<li>Annab s\u00fcgavat niisutust.<\/li>\n<li>Tasakaalustatud v\u00f5i m\u00f5\u00f5dukalt kuiv nahk.<\/li>\n<\/ul>\n<h6 class=\"em-font-medium\" style=\"margin-top: 1.2rem; margin-bottom: 1.2rem;\">Kuidas kasutada<\/h6>\n<ul>\n<li>Ilma puhastamiseta pole ilu. Puhasta oma n\u00e4gu enne kreemi pealekandmist korralikult. Kui sa meiki kannad, kasuta esmalt meigieemalduspiima ja seej\u00e4rel n\u00e4oseepi v\u00f5i -vahtu ning l\u00f5peta toonikuga.<\/li>\n<li>Kanna kreemi energilise masseerimisega n\u00e4ole, kaelale ja kuklale, kuni see on t\u00e4ielikult imendunud. V\u00f5ta rahulikult.<\/li>\n<li>Kanna kreemi hommikul ja \u00f5htul. Ole j\u00e4rjepidev. Nahk n\u00e4eb parem v\u00e4lja juba m\u00f5ne p\u00e4eva p\u00e4rast, aga kortsude ja l\u00f5tvuse ilmnemine v\u00f5tab aega umbes kuu.<\/li>\n<\/ul><\/div>\n<div class=\"em-lg-4 em-col\">\n<h6 class=\"em-font-medium\" style=\"margin-top: 1.2rem; margin-bottom: 1.2rem;\">Toimeained ja koostisosad<\/h6>\n<ul>\n<li><strong>Aktiivne h\u00fcaluronaan<\/strong>: meie patenteeritud molekul, mis on v\u00f5imeline v\u00e4hendama n\u00e4o l\u00f5tvumist ja kortse.<\/li>\n<li><strong>Aloe vera<\/strong>Taastab ja toidab nahka k\u00f5rge vitamiinide ja mineraalide kontsentratsiooniga.<\/li>\n<li><strong>Sheav\u00f5i<\/strong>Niisutab ja toidab s\u00fcgavuti, s\u00e4ilitab naha niiskustasakaalu.<\/li>\n<li><strong>Aminohapped<\/strong>: V\u00e4hendab kortsude s\u00fcgavust ja parandab naha siledust.<\/li>\n<li><strong>EI<\/strong> v\u00e4rvained, \u00e4rritavad alkoholid, sulfaadid, formaldeh\u00fc\u00fcdi, fenoolid v\u00f5i muud nahale kahjulikud ained.<\/li>\n<\/ul><\/div>\n<\/div>","protected":false},"excerpt":{"rendered":"<p>Parandab l\u00f5tvumise efekti kogu n\u00e4ol. Tasakaalustatud v\u00f5i m\u00f5\u00f5dukalt kuiv nahk.<\/p>","protected":false},"featured_media":7688,"template":"","meta":[],"product_brand":[67],"product_cat":[69],"product_tag":[],"class_list":{"0":"post-7750","1":"product","2":"type-product","3":"status-publish","4":"has-post-thumbnail","6":"product_brand-endor-technologies","7":"product_cat-cream","9":"first","10":"instock","11":"sale","12":"taxable","13":"shipping-taxable","14":"purchasable","15":"product-type-simple"},"_links":{"self":[{"href":"https:\/\/profskin.ee\/et\/wp-json\/wp\/v2\/product\/7750","targetHints":{"allow":["GET"]}}],"collection":[{"href":"https:\/\/profskin.ee\/et\/wp-json\/wp\/v2\/product"}],"about":[{"href":"https:\/\/profskin.ee\/et\/wp-json\/wp\/v2\/types\/product"}],"wp:featuredmedia":[{"embeddable":true,"href":"https:\/\/profskin.ee\/et\/wp-json\/wp\/v2\/media\/7688"}],"wp:attachment":[{"href":"https:\/\/profskin.ee\/et\/wp-json\/wp\/v2\/media?parent=7750"}],"wp:term":[{"taxonomy":"product_brand","embeddable":true,"href":"https:\/\/profskin.ee\/et\/wp-json\/wp\/v2\/product_brand?post=7750"},{"taxonomy":"product_cat","embeddable":true,"href":"https:\/\/profskin.ee\/et\/wp-json\/wp\/v2\/product_cat?post=7750"},{"taxonomy":"product_tag","embeddable":true,"href":"https:\/\/profskin.ee\/et\/wp-json\/wp\/v2\/product_tag?post=7750"}],"curies":[{"name":"t\u00f6\u00f6leht","href":"https:\/\/api.w.org\/{rel}","templated":true}]}}