{"id":7751,"date":"2025-07-03T21:22:51","date_gmt":"2025-07-03T21:22:51","guid":{"rendered":"https:\/\/profskin.ee\/?post_type=product&#038;p=7751"},"modified":"2026-03-18T15:24:31","modified_gmt":"2026-03-18T15:24:31","slug":"bioactive-cream-spf50","status":"publish","type":"product","link":"https:\/\/profskin.ee\/et\/toode\/bioactive-cream-spf50\/","title":{"rendered":"Bioaktiivne kreem SPF50"},"content":{"rendered":"<h6>V\u00e4hendab n\u00e4onaha pinguldumise m\u00f5ju. P\u00e4ikesekaitse SPF50.<\/h6>\n<p>Hoolduskreem SPF50-ga. Meie patenteeritud molekul v\u00e4hendab n\u00e4onaha pinguldumise m\u00f5ju. See on ainus kreem, mida hommikurutiinis vaja l\u00e4heb.<\/p>\n<div class=\"em-row\">\n<div class=\"em-lg-4 em-col\">\n<h6 class=\"em-font-medium\" style=\"margin-top: 1.2rem; margin-bottom: 1.2rem;\">Sobib<\/h6>\n<ul>\n<li>Nasolabiaalne voldik.<\/li>\n<li>Vertikaalsed kortsud supralabiaalses piirkonnas (triipkood).<\/li>\n<li>L\u00f5ua kortsud (marionettjooned).<\/li>\n<li>Kulmukortsud ja otsaesise kortsud (kulmu- ja laubakortsud).<\/li>\n<li>SPF50 kaitse UVA, UVB, IR ja HEV kiirguse eest, et aidata ennetada fotovananemist ja valgusest tingitud nahahaigusi.<\/li>\n<li>Vistrike ennetamine n\u00e4ol ja dekolteel.<\/li>\n<\/ul>\n<h6 class=\"em-font-medium\" style=\"margin-top: 1.2rem; margin-bottom: 1.2rem;\">Kuidas kasutada<\/h6>\n<ul>\n<li>Enne kreemi pealekandmist puhasta oma n\u00e4gu korralikult. Kui oled du\u0161i alt v\u00e4ljas, \u00e4ra tee midagi muud.<\/li>\n<li>Kanna kreemi n\u00e4ole masseerides, kuni see on t\u00e4ielikult imendunud. P\u00e4ikesekreemidel on rasvasem faas kui filtrita kreemidel. \u00c4ra kanna kreemi juuksepiiri l\u00e4hedale, et v\u00e4ltida juurte rasvaseks muutumist ja juuste v\u00e4limuse halvendamist.<\/li>\n<li>Kanna kreemi peale pool tundi enne p\u00e4ikese k\u00e4tte minekut. Kui oled palju p\u00e4ikese k\u00e4es, n\u00e4iteks rannas v\u00f5i ekskursioonil, kanna kreemi uuesti peale iga 2 tunni j\u00e4rel. Enne pealekandmist puhasta nahk pesulapiga. Kui p\u00e4ikese k\u00e4es viibimine ei ole intensiivne, piisab kreemi kordamisest keskp\u00e4eval.<\/li>\n<li>P\u00e4ikesekaitsekreemil on suurem rasvasisaldus kui kaitseta kreemil. Seet\u00f5ttu on \u00f5htune puhastamine eriti oluline, et v\u00e4ltida vistrike teket.<\/li>\n<\/ul><\/div>\n<div class=\"em-lg-4 em-col\">\n<h6 class=\"em-font-medium\" style=\"margin-top: 1.2rem; margin-bottom: 1.2rem;\">Toimeained ja koostisosad<\/h6>\n<ul>\n<li><strong>Aktiivne h\u00fcaluronaan<\/strong>: meie patenteeritud molekul, mis on v\u00f5imeline v\u00e4hendama n\u00e4o l\u00f5tvumist ja kortse.<\/li>\n<li><strong>Karnosiin<\/strong>: parandab ja kaitseb nahka p\u00e4ikesekiirguse poolt p\u00f5hjustatud vabade radikaalide ja oks\u00fcdatiivse stressi eest.<\/li>\n<li><strong>4-but\u00fc\u00fclresortsinool<\/strong>Tipptasemel t\u00fcrosinaasi inhibiitor. V\u00e4hendab vistrikke ja ennetab nende teket.<\/li>\n<li><strong>Ei<\/strong> v\u00e4rvained, \u00e4rritavad alkoholid, sulfaadid, formaldeh\u00fc\u00fcdi, fenoolid v\u00f5i muud nahale kahjulikud ained.<\/li>\n<\/ul><\/div>\n<\/div>","protected":false},"excerpt":{"rendered":"<p>V\u00e4hendab n\u00e4onaha pinguldumise m\u00f5ju. P\u00e4ikesekaitse SPF50.<\/p>","protected":false},"featured_media":7687,"template":"","meta":[],"product_brand":[67],"product_cat":[69],"product_tag":[],"class_list":{"0":"post-7751","1":"product","2":"type-product","3":"status-publish","4":"has-post-thumbnail","6":"product_brand-endor-technologies","7":"product_cat-cream","9":"first","10":"instock","11":"sale","12":"taxable","13":"shipping-taxable","14":"purchasable","15":"product-type-simple"},"_links":{"self":[{"href":"https:\/\/profskin.ee\/et\/wp-json\/wp\/v2\/product\/7751","targetHints":{"allow":["GET"]}}],"collection":[{"href":"https:\/\/profskin.ee\/et\/wp-json\/wp\/v2\/product"}],"about":[{"href":"https:\/\/profskin.ee\/et\/wp-json\/wp\/v2\/types\/product"}],"wp:featuredmedia":[{"embeddable":true,"href":"https:\/\/profskin.ee\/et\/wp-json\/wp\/v2\/media\/7687"}],"wp:attachment":[{"href":"https:\/\/profskin.ee\/et\/wp-json\/wp\/v2\/media?parent=7751"}],"wp:term":[{"taxonomy":"product_brand","embeddable":true,"href":"https:\/\/profskin.ee\/et\/wp-json\/wp\/v2\/product_brand?post=7751"},{"taxonomy":"product_cat","embeddable":true,"href":"https:\/\/profskin.ee\/et\/wp-json\/wp\/v2\/product_cat?post=7751"},{"taxonomy":"product_tag","embeddable":true,"href":"https:\/\/profskin.ee\/et\/wp-json\/wp\/v2\/product_tag?post=7751"}],"curies":[{"name":"t\u00f6\u00f6leht","href":"https:\/\/api.w.org\/{rel}","templated":true}]}}