{"id":7752,"date":"2025-07-03T21:22:51","date_gmt":"2025-07-03T21:22:51","guid":{"rendered":"https:\/\/profskin.ee\/?post_type=product&#038;p=7752"},"modified":"2026-03-18T15:24:31","modified_gmt":"2026-03-18T15:24:31","slug":"bioactive-neck-and-decolletage","status":"publish","type":"product","link":"https:\/\/profskin.ee\/et\/toode\/bioactive-neck-and-decolletage\/","title":{"rendered":"Bioaktiivne kael ja dekoltee"},"content":{"rendered":"<h6>V\u00e4hendab kaela, l\u00f5ua ja dekoltee piirkonna l\u00f5tvumise m\u00f5jusid.<\/h6>\n<p>Kaela elastsuse kaotus m\u00f5jutab otseselt naha v\u00e4limust selles piirkonnas. K\u00f5ige n\u00e4htavamad on:<\/p>\n<div class=\"em-row\">\n<div class=\"em-lg-4 em-col\">\n<h6 class=\"em-font-medium\" style=\"margin-top: 1.2rem; margin-bottom: 1.2rem;\">Sobib<\/h6>\n<ul>\n<li>Submentaalne l\u00f5tvus (halvasti m\u00e4\u00e4ratletud l\u00f5ug).<\/li>\n<li>Submentaalse piirkonna (kaelaloti) rasvumine.<\/li>\n<li>Horisontaalne kael ja vertikaalne dekoltee rhytidosis (Veenuse r\u00f5ngad ja vertikaalsed dekoltee kortsud).<\/li>\n<li>K\u00f5ik nahat\u00fc\u00fcbid.<\/li>\n<\/ul>\n<h6 class=\"em-font-medium\" style=\"margin-top: 1.2rem; margin-bottom: 1.2rem;\">Kuidas kasutada<\/h6>\n<ul>\n<li>Enne kreemi pealekandmist desinfitseerige kaelapiirkond korralikult.<\/li>\n<li>Kandke kreemi kaelale, dekolteele ja kuklale energiliselt masseerides, kuni see on t\u00e4ielikult imendunud.<\/li>\n<li>\u00c4ra kanna n\u00e4ole. Kreem sisaldab aktiivseid koostisosi, mis v\u00e4hendavad rasueritust ja see on efekt, mida me n\u00e4ol ei soovi.<\/li>\n<li>Kanna kreemi hommikul ja \u00f5htul. Ole j\u00e4rjepidev. Nahk n\u00e4eb parem v\u00e4lja juba m\u00f5ne p\u00e4eva p\u00e4rast, aga tulemused l\u00f5tvuse ja kortsude osas ilmnevad umbes kuu aja p\u00e4rast ning rasva puhul umbes 50 p\u00e4eva p\u00e4rast.<\/li>\n<\/ul><\/div>\n<div class=\"em-lg-4 em-col\">\n<h6 class=\"em-font-medium\" style=\"margin-top: 1.2rem; margin-bottom: 1.2rem;\">Toimeained ja koostisosad<\/h6>\n<ul>\n<li><strong>Aktiivne h\u00fcaluronaan<\/strong>: meie patenteeritud molekul, mis on v\u00f5imeline v\u00e4hendama kaela l\u00f5tvumist ja kortse.<\/li>\n<li><strong>BC-SP peptiid<\/strong>Biotehnoloogiline peptiid rasvhapete omastamise p\u00e4rssimiseks ja seel\u00e4bi lokaliseeritud rasva v\u00e4hendamiseks.<\/li>\n<li><strong>Spirulina vetikad<\/strong>Kaitseb UV-kiirguse ja HEV-ekraanide p\u00f5hjustatud vananemise eest.<\/li>\n<li><strong>Kapseldatud C-vitamiin<\/strong>1000% antioks\u00fcdantsem kui C-vitamiin.<\/li>\n<li><strong>Kibuvitsa\u00f5li<\/strong>Regenereerib, parandab, antioks\u00fcdantse toimega ja v\u00e4hendab vistrikke. A-, C-, E- ja B5-vitamiinid.<\/li>\n<li><strong>Sheav\u00f5i<\/strong>S\u00fcgavniisutav ja toitev.<\/li>\n<li><strong>EI<\/strong> v\u00e4rvained, \u00e4rritavad alkoholid, sulfaadid, formaldeh\u00fc\u00fcdi, fenoolid v\u00f5i muud nahale kahjulikud ained.<\/li>\n<\/ul><\/div>\n<\/div>","protected":false},"excerpt":{"rendered":"<p>V\u00e4hendab kaela, l\u00f5ua ja dekoltee piirkonna l\u00f5tvumise m\u00f5jusid.<\/p>","protected":false},"featured_media":7686,"template":"","meta":[],"product_brand":[67],"product_cat":[69],"product_tag":[],"class_list":{"0":"post-7752","1":"product","2":"type-product","3":"status-publish","4":"has-post-thumbnail","6":"product_brand-endor-technologies","7":"product_cat-cream","9":"first","10":"instock","11":"sale","12":"taxable","13":"shipping-taxable","14":"purchasable","15":"product-type-simple"},"_links":{"self":[{"href":"https:\/\/profskin.ee\/et\/wp-json\/wp\/v2\/product\/7752","targetHints":{"allow":["GET"]}}],"collection":[{"href":"https:\/\/profskin.ee\/et\/wp-json\/wp\/v2\/product"}],"about":[{"href":"https:\/\/profskin.ee\/et\/wp-json\/wp\/v2\/types\/product"}],"wp:featuredmedia":[{"embeddable":true,"href":"https:\/\/profskin.ee\/et\/wp-json\/wp\/v2\/media\/7686"}],"wp:attachment":[{"href":"https:\/\/profskin.ee\/et\/wp-json\/wp\/v2\/media?parent=7752"}],"wp:term":[{"taxonomy":"product_brand","embeddable":true,"href":"https:\/\/profskin.ee\/et\/wp-json\/wp\/v2\/product_brand?post=7752"},{"taxonomy":"product_cat","embeddable":true,"href":"https:\/\/profskin.ee\/et\/wp-json\/wp\/v2\/product_cat?post=7752"},{"taxonomy":"product_tag","embeddable":true,"href":"https:\/\/profskin.ee\/et\/wp-json\/wp\/v2\/product_tag?post=7752"}],"curies":[{"name":"t\u00f6\u00f6leht","href":"https:\/\/api.w.org\/{rel}","templated":true}]}}