{"id":7753,"date":"2025-07-03T21:22:51","date_gmt":"2025-07-03T21:22:51","guid":{"rendered":"https:\/\/profskin.ee\/?post_type=product&#038;p=7753"},"modified":"2026-03-18T15:34:28","modified_gmt":"2026-03-18T15:34:28","slug":"firming-body-shaping-cream","status":"publish","type":"product","link":"https:\/\/profskin.ee\/et\/toode\/firming-body-shaping-cream\/","title":{"rendered":"Pinguldav ja keha vormiv kreem"},"content":{"rendered":"<h6>Pinguldab ja v\u00e4hendab lokaliseeritud rasva k\u00e4tes, k\u00f5hul ja jalgadel.<\/h6>\n<p>Naha pinguldus k\u00e4tel, k\u00f5hul, rinnal ja jalgadel ning lokaliseerunud rasv on paljude asjade p\u00f5hjuseks, mis meid teie v\u00e4limuse p\u00e4rast muretsema panevad:<\/p>\n<div class=\"em-row\">\n<div class=\"em-lg-4 em-col\">\n<h6 class=\"em-font-medium\" style=\"margin-top: 1.2rem; margin-bottom: 1.2rem;\">Sobib<\/h6>\n<ul>\n<li>\u00d5laliigese l\u00f5tvus (nahkhiiretiibade kujulised k\u00e4ed).<\/li>\n<li>K\u00f5hu l\u00f5tvus.<\/li>\n<li>Naha l\u00f5tvus rinnus.<\/li>\n<li>Rasvumine k\u00f5hus, k\u00e4tes, reites ja p\u00f5lvedes.<\/li>\n<li>K\u00f5ik nahat\u00fc\u00fcbid.<\/li>\n<\/ul>\n<h6 class=\"em-font-medium\" style=\"margin-top: 1.2rem; margin-bottom: 1.2rem;\">Kuidas kasutada<\/h6>\n<ul>\n<li>Desinfitseeri piirkond enne kreemi pealekandmist. Ideaalne p\u00e4rast du\u0161i all k\u00e4imist.<\/li>\n<li>Kanna kreemi energilise massaa\u017eiga k\u00e4tele, k\u00f5hule ja reitele.<\/li>\n<li>Kanna kreemi hommikul ja \u00f5htul. J\u00e4rjepidevus on oluline. Keha nahk on paksem kui n\u00e4o nahk ja efekti n\u00e4gemiseks kulub kauem aega.<\/li>\n<li>M\u00f5\u00f5da, et tulemust n\u00e4ha. Kuna me end iga p\u00e4ev n\u00e4eme, on muutust m\u00f5nikord raske m\u00e4rgata. M\u00f5\u00f5da m\u00f5\u00f5dulindiga selle piirkonna kontuuri, kuhu kreemi peale kannad, enne alustamist ja 50 p\u00e4eva p\u00e4rast. Pinguldava tulemuse saavutamiseks on foto parim.<\/li>\n<\/ul><\/div>\n<div class=\"em-lg-4 em-col\">\n<h6 class=\"em-font-medium\" style=\"margin-top: 1.2rem; margin-bottom: 1.2rem;\">Toimeained ja koostisosad<\/h6>\n<ul>\n<li><strong>Aktiivne h\u00fcaluronaan<\/strong>Meie patenteeritud molekul, mis on v\u00f5imeline v\u00e4hendama l\u00f5tvust.<\/li>\n<li><strong>BC-SP peptiid<\/strong>Juhtiv biotehnoloogia rasvhapete omastamise p\u00e4rssimiseks lokaliseeritud rasva v\u00e4hendamiseks.<\/li>\n<li><strong>Aloe vera<\/strong>Taastab, niisutab, kaitseb ja toidab nahka.<\/li>\n<li><strong>Sarapuup\u00e4hkli\u00f5li<\/strong>Pehmendab, toidab ja parandab.<\/li>\n<li><strong>Jojoba\u00f5li<\/strong>Taastav ja taastav toime.<\/li>\n<li><strong>Soja\u00f5li<\/strong>Rikas A-, B6-, B12- ja K-vitamiinide poolest. Rikas mineraalide poolest.<\/li>\n<li><strong>Sheav\u00f5i<\/strong>S\u00fcgavniisutav.<\/li>\n<li><strong>EI<\/strong> v\u00e4rvained, \u00e4rritavad alkoholid, sulfaadid, formaldeh\u00fc\u00fcdi, fenoolid v\u00f5i muud nahale kahjulikud ained.<\/li>\n<\/ul><\/div>\n<\/div>","protected":false},"excerpt":{"rendered":"<p>Pinguldab ja v\u00e4hendab lokaliseeritud rasva k\u00e4tes, k\u00f5hul ja jalgadel.<\/p>","protected":false},"featured_media":7685,"template":"","meta":[],"product_brand":[67],"product_cat":[69],"product_tag":[],"class_list":{"0":"post-7753","1":"product","2":"type-product","3":"status-publish","4":"has-post-thumbnail","6":"product_brand-endor-technologies","7":"product_cat-cream","9":"first","10":"instock","11":"sale","12":"taxable","13":"shipping-taxable","14":"purchasable","15":"product-type-simple"},"_links":{"self":[{"href":"https:\/\/profskin.ee\/et\/wp-json\/wp\/v2\/product\/7753","targetHints":{"allow":["GET"]}}],"collection":[{"href":"https:\/\/profskin.ee\/et\/wp-json\/wp\/v2\/product"}],"about":[{"href":"https:\/\/profskin.ee\/et\/wp-json\/wp\/v2\/types\/product"}],"wp:featuredmedia":[{"embeddable":true,"href":"https:\/\/profskin.ee\/et\/wp-json\/wp\/v2\/media\/7685"}],"wp:attachment":[{"href":"https:\/\/profskin.ee\/et\/wp-json\/wp\/v2\/media?parent=7753"}],"wp:term":[{"taxonomy":"product_brand","embeddable":true,"href":"https:\/\/profskin.ee\/et\/wp-json\/wp\/v2\/product_brand?post=7753"},{"taxonomy":"product_cat","embeddable":true,"href":"https:\/\/profskin.ee\/et\/wp-json\/wp\/v2\/product_cat?post=7753"},{"taxonomy":"product_tag","embeddable":true,"href":"https:\/\/profskin.ee\/et\/wp-json\/wp\/v2\/product_tag?post=7753"}],"curies":[{"name":"t\u00f6\u00f6leht","href":"https:\/\/api.w.org\/{rel}","templated":true}]}}