{"id":7754,"date":"2025-07-03T21:22:51","date_gmt":"2025-07-03T21:22:51","guid":{"rendered":"https:\/\/profskin.ee\/?post_type=product&#038;p=7754"},"modified":"2026-03-18T15:34:28","modified_gmt":"2026-03-18T15:34:28","slug":"essential-anticellulite-cream","status":"publish","type":"product","link":"https:\/\/profskin.ee\/et\/toode\/essential-anticellulite-cream\/","title":{"rendered":"Oluline tselluliidivastane kreem"},"content":{"rendered":"<h6>V\u00e4hendab apelsinikoore efekti ja keha l\u00f5tvust.<\/h6>\n<p>Reie piirkonna elastsuse v\u00e4henemine p\u00f5hjustab nahaaluses kihis tekkiva tselluliidi avaldumist naha v\u00e4lispinnal, p\u00f5hjustades apelsinikoore v\u00e4limuse teket.<\/p>\n<div class=\"em-row\">\n<div class=\"em-lg-4 em-col\">\n<h6 class=\"em-font-medium\" style=\"margin-top: 1.2rem; margin-bottom: 1.2rem;\">Sobib<\/h6>\n<ul>\n<li>Apelsinikoore nahk h\u00fcpodermilise tselluliidi t\u00f5ttu.<\/li>\n<li>N\u00e4htavad lohud seistes, aga mitte lamades (tselluliit 1.\u20132. aste).<\/li>\n<li>\u00dcldine keha l\u00f5tvus reite piirkonnas.<\/li>\n<\/ul>\n<h6 class=\"em-font-medium\" style=\"margin-top: 1.2rem; margin-bottom: 1.2rem;\">Kuidas kasutada<\/h6>\n<ul>\n<li>Desinfitseeri piirkond enne kreemi pealekandmist. Ideaalne p\u00e4rast du\u0161i all k\u00e4imist.<\/li>\n<li>Kanna kreemi energilise massaa\u017eiga kohtadele, kus n\u00e4ed apelsinikoort.<\/li>\n<li>Kanna kreemi hommikul ja \u00f5htul. J\u00e4rjepidevus on oluline. Keha nahk on paksem kui n\u00e4o nahk ja efekti n\u00e4gemiseks kulub kauem aega.<\/li>\n<li>M\u00f5\u00f5da, et tulemust n\u00e4ha. Kuna me vaatame iga p\u00e4ev, on muutust m\u00f5nikord raske m\u00e4rgata. Tee endast pilt enne alustamist ja 30 p\u00e4eva hiljem.<\/li>\n<\/ul><\/div>\n<div class=\"em-lg-4 em-col\">\n<h6 class=\"em-font-medium\" style=\"margin-top: 1.2rem; margin-bottom: 1.2rem;\">Toimeained ja koostisosad<\/h6>\n<ul>\n<li><strong>Aktiivne h\u00fcaluronaan<\/strong>Meie patenteeritud molekul, mis on v\u00f5imeline v\u00e4hendama l\u00f5tvust.<\/li>\n<li><strong>Sheav\u00f5i<\/strong>Tugevdab naha kaitsebarj\u00e4\u00e4ri funktsiooni, niisutab ja toidab s\u00fcgavuti.<\/li>\n<li><strong>Sarapuup\u00e4hkli- ja jojoba\u00f5lid<\/strong>Toitev, taastav ja antioks\u00fcdantne toime.<\/li>\n<li><strong>E-vitamiin<\/strong>Parandab naha pindmiste kihtide niisutust, elastsust ja uuenemist.<\/li>\n<li><strong>EI<\/strong> v\u00e4rvained, \u00e4rritavad alkoholid, sulfaadid, formaldeh\u00fc\u00fcdi, fenoolid v\u00f5i muud nahale kahjulikud ained.<\/li>\n<\/ul><\/div>\n<\/div>","protected":false},"excerpt":{"rendered":"<p>V\u00e4hendab apelsinikoore efekti ja keha l\u00f5tvust.<\/p>","protected":false},"featured_media":7684,"template":"","meta":[],"product_brand":[67],"product_cat":[69],"product_tag":[],"class_list":{"0":"post-7754","1":"product","2":"type-product","3":"status-publish","4":"has-post-thumbnail","6":"product_brand-endor-technologies","7":"product_cat-cream","9":"first","10":"instock","11":"sale","12":"taxable","13":"shipping-taxable","14":"purchasable","15":"product-type-simple"},"_links":{"self":[{"href":"https:\/\/profskin.ee\/et\/wp-json\/wp\/v2\/product\/7754","targetHints":{"allow":["GET"]}}],"collection":[{"href":"https:\/\/profskin.ee\/et\/wp-json\/wp\/v2\/product"}],"about":[{"href":"https:\/\/profskin.ee\/et\/wp-json\/wp\/v2\/types\/product"}],"wp:featuredmedia":[{"embeddable":true,"href":"https:\/\/profskin.ee\/et\/wp-json\/wp\/v2\/media\/7684"}],"wp:attachment":[{"href":"https:\/\/profskin.ee\/et\/wp-json\/wp\/v2\/media?parent=7754"}],"wp:term":[{"taxonomy":"product_brand","embeddable":true,"href":"https:\/\/profskin.ee\/et\/wp-json\/wp\/v2\/product_brand?post=7754"},{"taxonomy":"product_cat","embeddable":true,"href":"https:\/\/profskin.ee\/et\/wp-json\/wp\/v2\/product_cat?post=7754"},{"taxonomy":"product_tag","embeddable":true,"href":"https:\/\/profskin.ee\/et\/wp-json\/wp\/v2\/product_tag?post=7754"}],"curies":[{"name":"t\u00f6\u00f6leht","href":"https:\/\/api.w.org\/{rel}","templated":true}]}}