{"id":7755,"date":"2025-07-03T21:22:51","date_gmt":"2025-07-03T21:22:51","guid":{"rendered":"https:\/\/profskin.ee\/?post_type=product&#038;p=7755"},"modified":"2026-03-18T15:35:10","modified_gmt":"2026-03-18T15:35:10","slug":"e-p-peeling","status":"publish","type":"product","link":"https:\/\/profskin.ee\/et\/toode\/e-p-peeling\/","title":{"rendered":"E-P koorimine"},"content":{"rendered":"<h6>EP koorimine koorib sarvkihti, mis on naha k\u00f5ige pindmine kiht.<\/h6>\n<p>Naha loomulik reaktsioon sellele koorimisele on uue kihi loomine.<br \/>\nSarvkihi uuendamine v\u00e4hendab kortsude teket ja aktiveerib naha loomulikke taastumisprotsessisid, muutes selle siledamaks ja pehmemaks.<\/p>\n<div class=\"em-row\">\n<div class=\"em-lg-4 em-col\">\n<h6 class=\"em-font-medium\" style=\"margin-top: 1.2rem; margin-bottom: 1.2rem;\">Sobib<\/h6>\n<ul>\n<li>Kortsude n\u00e4htavuse v\u00e4hendamine.<\/li>\n<li>Aktiveerib naha uuenemist siledama ja pehmema naha saavutamiseks.<\/li>\n<li>K\u00f5ik nahat\u00fc\u00fcbid.<\/li>\n<\/ul>\n<h6 class=\"em-font-medium\" style=\"margin-top: 1.2rem; margin-bottom: 1.2rem;\">Kuidas kasutada<\/h6>\n<ul>\n<li>Kanna koorijat \u00f5rnalt nahale ja lase ens\u00fc\u00fcmidel toimida. \u00c4ra h\u00f5\u00f5ru.<\/li>\n<li>3\u20135 minuti p\u00e4rast h\u00f5\u00f5ru nahka nii, et f\u00fc\u00fcsilised koorijad eraldaksid nahat\u00fckid.<\/li>\n<li>Loputage rohke veega.<\/li>\n<li>Kasutage seda ainult \u00fcks kord n\u00e4dalas.<\/li>\n<\/ul><\/div>\n<div class=\"em-lg-4 em-col\">\n<h6 class=\"em-font-medium\" style=\"margin-top: 1.2rem; margin-bottom: 1.2rem;\">Toimeained ja koostisosad<\/h6>\n<ul>\n<li><strong>Ens\u00fcmaatiline koorimine<\/strong>Papaiin ja proteaas lagundavad surnud nahakihi v\u00e4ikesteks fragmentideks.<\/li>\n<li><strong>F\u00fc\u00fcsiline koorimine<\/strong>Konhioliinipulber ja riisipulber aitavad eemaldada surnud naharakke.<\/li>\n<li><strong>EI<\/strong> v\u00e4rvained, \u00e4rritavad alkoholid, sulfaadid, formaldeh\u00fc\u00fcdi, fenoolid v\u00f5i muud nahale kahjulikud ained.<\/li>\n<\/ul><\/div>\n<\/div>","protected":false},"excerpt":{"rendered":"<p>EP koorimine koorib sarvkihti, mis on naha k\u00f5ige pindmine kiht.<\/p>","protected":false},"featured_media":7683,"template":"","meta":[],"product_brand":[67],"product_cat":[74],"product_tag":[],"class_list":{"0":"post-7755","1":"product","2":"type-product","3":"status-publish","4":"has-post-thumbnail","6":"product_brand-endor-technologies","7":"product_cat-exfoliant","9":"first","10":"outofstock","11":"taxable","12":"shipping-taxable","13":"product-type-simple"},"_links":{"self":[{"href":"https:\/\/profskin.ee\/et\/wp-json\/wp\/v2\/product\/7755","targetHints":{"allow":["GET"]}}],"collection":[{"href":"https:\/\/profskin.ee\/et\/wp-json\/wp\/v2\/product"}],"about":[{"href":"https:\/\/profskin.ee\/et\/wp-json\/wp\/v2\/types\/product"}],"wp:featuredmedia":[{"embeddable":true,"href":"https:\/\/profskin.ee\/et\/wp-json\/wp\/v2\/media\/7683"}],"wp:attachment":[{"href":"https:\/\/profskin.ee\/et\/wp-json\/wp\/v2\/media?parent=7755"}],"wp:term":[{"taxonomy":"product_brand","embeddable":true,"href":"https:\/\/profskin.ee\/et\/wp-json\/wp\/v2\/product_brand?post=7755"},{"taxonomy":"product_cat","embeddable":true,"href":"https:\/\/profskin.ee\/et\/wp-json\/wp\/v2\/product_cat?post=7755"},{"taxonomy":"product_tag","embeddable":true,"href":"https:\/\/profskin.ee\/et\/wp-json\/wp\/v2\/product_tag?post=7755"}],"curies":[{"name":"t\u00f6\u00f6leht","href":"https:\/\/api.w.org\/{rel}","templated":true}]}}