{"id":7756,"date":"2025-07-03T21:22:51","date_gmt":"2025-07-03T21:22:51","guid":{"rendered":"https:\/\/profskin.ee\/?post_type=product&#038;p=7756"},"modified":"2026-03-18T15:18:41","modified_gmt":"2026-03-18T15:18:41","slug":"p-biotic-toner","status":"publish","type":"product","link":"https:\/\/profskin.ee\/et\/toode\/p-biotic-toner\/","title":{"rendered":"P-Biotic toonik"},"content":{"rendered":"<h6>Kaitseb teie naha mikrobioomi.<\/h6>\n<p>Toonik tasakaalustab pH-taset ja eemaldab p\u00e4rast puhastamist nahale j\u00e4\u00e4nud katlakivi. N\u00e4gu on hoolduseks ette valmistatud.<\/p>\n<div class=\"em-row\">\n<div class=\"em-lg-4 em-col\">\n<h6 class=\"em-font-medium\" style=\"margin-top: 1.2rem; margin-bottom: 1.2rem;\">Sobib<\/h6>\n<ul>\n<li>pH tasakaalustamine p\u00e4rast puhastamist.<\/li>\n<li>Vee poolt nahale j\u00e4\u00e4nud katlakivi eemaldamine.<\/li>\n<li>Naha mikrobioomi tugevdamine prebiootikumidega.<\/li>\n<li>N\u00e4o ettevalmistamine hooldustoodete kasutamiseks.<\/li>\n<\/ul>\n<h6 class=\"em-font-medium\" style=\"margin-top: 1.2rem; margin-bottom: 1.2rem;\">Kuidas kasutada<\/h6>\n<ul>\n<li>Toonikut kantakse peale puhastamist ja enne iga n\u00e4ohooldust kaks korda p\u00e4evas. Niisutage vatipadi toonikuga ja kandke nahale. \u00c4rge kasutage salvr\u00e4tikut, sest see imab toodet.<\/li>\n<li>Seda saab peale kanda p\u00e4rast puhastuspiima, aidates eemaldada piimaj\u00e4\u00e4ke. See v\u00f5ib asendada vahu teie igap\u00e4evases puhastusrutiinis.<\/li>\n<li>Puhastusprotseduur toonikuga: Kandke piim nahale ja eemaldage vatipadjaga. Teise vatipadjaga kandke peale toonik, et piimaj\u00e4\u00e4gid eemaldada.<\/li>\n<li>Kui meiki on palju, kasuta piima asemel vahtu. L\u00f5peta alati toonikuga.<\/li>\n<\/ul><\/div>\n<div class=\"em-lg-4 em-col\">\n<h6 class=\"em-font-medium\" style=\"margin-top: 1.2rem; margin-bottom: 1.2rem;\">Toimeained ja koostisosad<\/h6>\n<ul>\n<li><strong>Alfa-gl\u00fckaani oligosahhariid<\/strong>Naha mikrobioomi prebiootiline taastaja. Edendab loomulike bakterite populatsioonide kasvu, p\u00e4rssides samal ajal oportunistlike bakterite vohamist.<\/li>\n<li><strong>Undaria pinnatifida ekstrakt<\/strong>Pruunameretina tuntud vetikas on naha mikrobioomi jaoks oluline toit t\u00e4nu oma k\u00f5rgele pol\u00fcfenoolide ja pol\u00fcsahhariidide sisaldusele.<\/li>\n<li><strong>Bifida k\u00e4\u00e4rimine<\/strong>Biotehnoloogiline koostisosa, mis ennetab p\u00e4ikesekahjustusi. Parandab varasemaid nahakahjustusi ja toetab naha immuuns\u00fcsteemi.<\/li>\n<li><strong>Aloe vera<\/strong>Looduslik kollageeni, vitamiinide ja naha toitainete allikas. Sellel on p\u00f5letikuvastane, niisutav ja taastav toime ning seda leidub toonikus v\u00e4ga suures kontsentratsioonis.<\/li>\n<li><strong>Damaskuse roosi ekstrakt<\/strong>Looduslik antioks\u00fcdant, mis ennetab rakkude kahjustusi. Parandab naha vereringet.<\/li>\n<li><strong>EI<\/strong> allergeene sisaldavatele parf\u00fc\u00fcmidele. Meie koostisosade hulgas ei ole selliseid termineid nagu \u201elinalool, geraniool, limoneen jne\u201c. Nii kaitseme teie nahka allergiliste reaktsioonide eest.<\/li>\n<li><strong>EI<\/strong> v\u00e4rvained, \u00e4rritavad alkoholid, sulfaadid, formaldeh\u00fc\u00fcdi, fenoolid v\u00f5i muud nahale kahjulikud ained.<\/li>\n<\/ul><\/div>\n<\/div>","protected":false},"excerpt":{"rendered":"<p>Kaitseb teie naha mikrobioomi.<\/p>","protected":false},"featured_media":7682,"template":"","meta":[],"product_brand":[67],"product_cat":[71],"product_tag":[],"class_list":{"0":"post-7756","1":"product","2":"type-product","3":"status-publish","4":"has-post-thumbnail","6":"product_brand-endor-technologies","7":"product_cat-cleansers","9":"first","10":"instock","11":"sale","12":"taxable","13":"shipping-taxable","14":"purchasable","15":"product-type-simple"},"_links":{"self":[{"href":"https:\/\/profskin.ee\/et\/wp-json\/wp\/v2\/product\/7756","targetHints":{"allow":["GET"]}}],"collection":[{"href":"https:\/\/profskin.ee\/et\/wp-json\/wp\/v2\/product"}],"about":[{"href":"https:\/\/profskin.ee\/et\/wp-json\/wp\/v2\/types\/product"}],"wp:featuredmedia":[{"embeddable":true,"href":"https:\/\/profskin.ee\/et\/wp-json\/wp\/v2\/media\/7682"}],"wp:attachment":[{"href":"https:\/\/profskin.ee\/et\/wp-json\/wp\/v2\/media?parent=7756"}],"wp:term":[{"taxonomy":"product_brand","embeddable":true,"href":"https:\/\/profskin.ee\/et\/wp-json\/wp\/v2\/product_brand?post=7756"},{"taxonomy":"product_cat","embeddable":true,"href":"https:\/\/profskin.ee\/et\/wp-json\/wp\/v2\/product_cat?post=7756"},{"taxonomy":"product_tag","embeddable":true,"href":"https:\/\/profskin.ee\/et\/wp-json\/wp\/v2\/product_tag?post=7756"}],"curies":[{"name":"t\u00f6\u00f6leht","href":"https:\/\/api.w.org\/{rel}","templated":true}]}}