{"id":7757,"date":"2025-07-03T21:22:51","date_gmt":"2025-07-03T21:22:51","guid":{"rendered":"https:\/\/profskin.ee\/?post_type=product&#038;p=7757"},"modified":"2026-03-18T15:35:10","modified_gmt":"2026-03-18T15:35:10","slug":"enzymatic-mousse","status":"publish","type":"product","link":"https:\/\/profskin.ee\/et\/toode\/enzymatic-mousse\/","title":{"rendered":"Ens\u00fcmaatiline vaht"},"content":{"rendered":"<h6>Puhastusvaht vees lahustuvate lisandite eemaldamiseks.<\/h6>\n<p>Ilma s\u00fcgavpuhastuseta ei saa hooldustooted oma t\u00f6\u00f6d teha.<\/p>\n<div class=\"em-row\">\n<div class=\"em-lg-4 em-col\">\n<h6 class=\"em-font-medium\" style=\"margin-top: 1.2rem; margin-bottom: 1.2rem;\">Sobib<\/h6>\n<ul>\n<li>Vees lahustuvate lisandite, n\u00e4iteks bakterite, surnud rakkude, reostuse ja mustuse eemaldamine.<\/li>\n<li>Rahustava ja niisutava toimega.<\/li>\n<li>K\u00f5ik nahat\u00fc\u00fcbid.<\/li>\n<\/ul>\n<h6 class=\"em-font-medium\" style=\"margin-top: 1.2rem; margin-bottom: 1.2rem;\">Kuidas kasutada<\/h6>\n<ul>\n<li>Niisuta n\u00e4gu veega ja kanna m\u00e4rgadele k\u00e4tele veidi vahtu. H\u00f5\u00f5ru k\u00e4te vahel, kuni tekib v\u00e4ga pehme vaht.<\/li>\n<li>Kanna vahtu n\u00e4ole energilise massaa\u017eiga, p\u00f6\u00f6rates erilist t\u00e4helepanu kohtadele, kuhu mustus koguneb.<\/li>\n<li>Loputage rohke veega.<\/li>\n<\/ul><\/div>\n<div class=\"em-lg-4 em-col\">\n<h6 class=\"em-font-medium\" style=\"margin-top: 1.2rem; margin-bottom: 1.2rem;\">Toimeained ja koostisosad<\/h6>\n<ul>\n<li><strong>Pehmendavad ained<\/strong>: vee pinnal hoidmiseks.<\/li>\n<li><strong>Tsitruselise aurantiumi ekstrakt<\/strong>: rahustava ja pehmendava toimega.<\/li>\n<li><strong>Papaia ekstrakt<\/strong>Madala intensiivsusega ens\u00fcmaatiline kooriv toime surnud rakkude eemaldamiseks.<\/li>\n<li><strong>EI<\/strong> v\u00e4rvained, \u00e4rritavad alkoholid, sulfaadid, formaldeh\u00fc\u00fcdi, fenoolid v\u00f5i muud nahale kahjulikud ained.<\/li>\n<\/ul><\/div>\n<\/div>","protected":false},"excerpt":{"rendered":"<p>Puhastusvaht vees lahustuvate lisandite eemaldamiseks.<\/p>","protected":false},"featured_media":7681,"template":"","meta":[],"product_brand":[67],"product_cat":[71],"product_tag":[],"class_list":{"0":"post-7757","1":"product","2":"type-product","3":"status-publish","4":"has-post-thumbnail","6":"product_brand-endor-technologies","7":"product_cat-cleansers","9":"first","10":"instock","11":"sale","12":"taxable","13":"shipping-taxable","14":"purchasable","15":"product-type-simple"},"_links":{"self":[{"href":"https:\/\/profskin.ee\/et\/wp-json\/wp\/v2\/product\/7757","targetHints":{"allow":["GET"]}}],"collection":[{"href":"https:\/\/profskin.ee\/et\/wp-json\/wp\/v2\/product"}],"about":[{"href":"https:\/\/profskin.ee\/et\/wp-json\/wp\/v2\/types\/product"}],"wp:featuredmedia":[{"embeddable":true,"href":"https:\/\/profskin.ee\/et\/wp-json\/wp\/v2\/media\/7681"}],"wp:attachment":[{"href":"https:\/\/profskin.ee\/et\/wp-json\/wp\/v2\/media?parent=7757"}],"wp:term":[{"taxonomy":"product_brand","embeddable":true,"href":"https:\/\/profskin.ee\/et\/wp-json\/wp\/v2\/product_brand?post=7757"},{"taxonomy":"product_cat","embeddable":true,"href":"https:\/\/profskin.ee\/et\/wp-json\/wp\/v2\/product_cat?post=7757"},{"taxonomy":"product_tag","embeddable":true,"href":"https:\/\/profskin.ee\/et\/wp-json\/wp\/v2\/product_tag?post=7757"}],"curies":[{"name":"t\u00f6\u00f6leht","href":"https:\/\/api.w.org\/{rel}","templated":true}]}}