{"id":7758,"date":"2025-07-03T21:22:51","date_gmt":"2025-07-03T21:22:51","guid":{"rendered":"https:\/\/profskin.ee\/?post_type=product&#038;p=7758"},"modified":"2026-03-18T15:18:41","modified_gmt":"2026-03-18T15:18:41","slug":"hydra-cleansing-milk","status":"publish","type":"product","link":"https:\/\/profskin.ee\/et\/toode\/hydra-cleansing-milk\/","title":{"rendered":"Hydra puhastav piim"},"content":{"rendered":"<h6>Puhastav n\u00e4opiim normaalsele, kuivale ja tundlikule nahale.<\/h6>\n<p>See eemaldab t\u00f5husalt nahalt lisandid ja meigi, s\u00e4ilitades samal ajal naha lipiidide ja niiskuse. Selle rahustavad omadused ei p\u00f5hjusta \u00e4rritust.<\/p>\n<div class=\"em-row\">\n<div class=\"em-lg-4 em-col\">\n<h6 class=\"em-font-medium\" style=\"margin-top: 1.2rem; margin-bottom: 1.2rem;\">Sobib<\/h6>\n<ul>\n<li>H\u00fcdratsioon, tundlikkus ja rahustavad mured.<\/li>\n<li>Normaalsele, kuivale ja tundlikule nahale.<\/li>\n<li>Eemaldab \u00f5rnalt meigi ja lisandid.<\/li>\n<li>K\u00f5ikidele nahat\u00fc\u00fcpidele (sega, kuiv, normaalne, rasune).<\/li>\n<\/ul>\n<h6 class=\"em-font-medium\" style=\"margin-top: 1.2rem; margin-bottom: 1.2rem;\">Kuidas kasutada<\/h6>\n<ul>\n<li>Kanna v\u00e4ike kogus ringjate liigutustega kogu n\u00e4ole.<\/li>\n<li>Eemalda niiske vatipadjaga.<\/li>\n<\/ul><\/div>\n<div class=\"em-lg-4 em-col\">\n<h6 class=\"em-font-medium\" style=\"margin-top: 1.2rem; margin-bottom: 1.2rem;\">Toimeained ja koostisosad<\/h6>\n<ul>\n<li><strong>Aloe vera<\/strong><\/li>\n<li><strong>Arginiin (L-arginiin)<\/strong><\/li>\n<li><strong>Kummeli ekstrakt<\/strong><\/li>\n<li><strong>Nahapalsamid ja pehmendavad \u00f5lid<\/strong><\/li>\n<li><strong>Muud<\/strong>VESI, KAPRIIL-\/KAPRIINTRIGL\u00dcTSERIID, BUT\u00dcLEENGL\u00dcKOOL, POL\u00dcSORBAAT 60, SORBITAANSTEARAAT, TSET\u00dc\u00dcLALKOHOL, ALOE BARBADENSIS&#039;E LEHE EKSTRAKT, CHAMOMILLA RECUTITA \u00d5IEVESI, FENOKS\u00dcETANOOL, ARGINIIN, ET\u00dc\u00dcLHEKS\u00dc\u00dcLGL\u00dcTSERIIN, PARF\u00dc\u00dcM, KAPRI\u00dcL\u00dc\u00dcLGL\u00dcKOOL, AKR\u00dcLAADID\/C10-30 ALK\u00dc\u00dcLAKR\u00dcLAADI RISTPOL\u00dcMEER, DINAATRIUM EDTA<\/li>\n<\/ul><\/div>\n<\/div>","protected":false},"excerpt":{"rendered":"<p>Puhastav n\u00e4opiim normaalsele, kuivale ja tundlikule nahale.<\/p>","protected":false},"featured_media":7680,"template":"","meta":[],"product_brand":[66],"product_cat":[71],"product_tag":[],"class_list":{"0":"post-7758","1":"product","2":"type-product","3":"status-publish","4":"has-post-thumbnail","6":"product_brand-juliette-armand","7":"product_cat-cleansers","9":"first","10":"instock","11":"sale","12":"taxable","13":"shipping-taxable","14":"purchasable","15":"product-type-simple"},"_links":{"self":[{"href":"https:\/\/profskin.ee\/et\/wp-json\/wp\/v2\/product\/7758","targetHints":{"allow":["GET"]}}],"collection":[{"href":"https:\/\/profskin.ee\/et\/wp-json\/wp\/v2\/product"}],"about":[{"href":"https:\/\/profskin.ee\/et\/wp-json\/wp\/v2\/types\/product"}],"wp:featuredmedia":[{"embeddable":true,"href":"https:\/\/profskin.ee\/et\/wp-json\/wp\/v2\/media\/7680"}],"wp:attachment":[{"href":"https:\/\/profskin.ee\/et\/wp-json\/wp\/v2\/media?parent=7758"}],"wp:term":[{"taxonomy":"product_brand","embeddable":true,"href":"https:\/\/profskin.ee\/et\/wp-json\/wp\/v2\/product_brand?post=7758"},{"taxonomy":"product_cat","embeddable":true,"href":"https:\/\/profskin.ee\/et\/wp-json\/wp\/v2\/product_cat?post=7758"},{"taxonomy":"product_tag","embeddable":true,"href":"https:\/\/profskin.ee\/et\/wp-json\/wp\/v2\/product_tag?post=7758"}],"curies":[{"name":"t\u00f6\u00f6leht","href":"https:\/\/api.w.org\/{rel}","templated":true}]}}