{"id":7760,"date":"2025-07-03T21:22:51","date_gmt":"2025-07-03T21:22:51","guid":{"rendered":"https:\/\/profskin.ee\/?post_type=product&#038;p=7760"},"modified":"2026-03-18T15:18:41","modified_gmt":"2026-03-18T15:18:41","slug":"micellar-cleansing-foam","status":"publish","type":"product","link":"https:\/\/profskin.ee\/et\/toode\/micellar-cleansing-foam\/","title":{"rendered":"Micellar Cleansing Foam"},"content":{"rendered":"<h6>Vahutav n\u00e4opuhastusvahend \u00f5limikrosf\u00e4\u00e4ridega (mitsellidega) k\u00f5ikidele nahat\u00fc\u00fcpidele, sh tundlikule nahale.<\/h6>\n<p>See eemaldab nahalt ja silma\u00fcmbruspiirkonnalt kergesti meigi, mustuse ja liigse rasu, p\u00f5hjustamata \u00e4rritust ja kuivust.<\/p>\n<div class=\"em-row\">\n<div class=\"em-lg-4 em-col\">\n<h6 class=\"em-font-medium\" style=\"margin-top: 1.2rem; margin-bottom: 1.2rem;\">Sobib<\/h6>\n<ul>\n<li>Silmade hooldus, niisutamine, rasune nahk, tundlikkus.<\/li>\n<li>Kombineeritud, kuiv, normaalne, rasune nahk.<\/li>\n<li>Meigi ja \u00f5li eemaldamine ilma \u00e4rrituseta.<\/li>\n<li>K\u00f5ikidele nahat\u00fc\u00fcpidele (sega, kuiv, normaalne, rasune).<\/li>\n<\/ul>\n<h6 class=\"em-font-medium\" style=\"margin-top: 1.2rem; margin-bottom: 1.2rem;\">Kuidas kasutada<\/h6>\n<ul>\n<li>Kanna vahtu ringjate liigutustega kogu n\u00e4ole.<\/li>\n<li>Eemalda niiske vatipadjaga.<\/li>\n<\/ul><\/div>\n<div class=\"em-lg-4 em-col\">\n<h6 class=\"em-font-medium\" style=\"margin-top: 1.2rem; margin-bottom: 1.2rem;\">Toimeained ja koostisosad<\/h6>\n<ul>\n<li><strong>Aloe vera<\/strong><\/li>\n<li><strong>Segu\u00f5lid (mitsellid)<\/strong><\/li>\n<li><strong>Kerged pindaktiivsed ained<\/strong><\/li>\n<li><strong>Muud<\/strong>KOOSTIS: VESI, BUT\u00dcLEENGL\u00dcKOOL, GL\u00dcTSERET-7 KAP\u00dcLAAT\/KAPRAAAT, GL\u00dcTSERIIN, POL\u00dcGL\u00dcTSER\u00dc\u00dcL-4 LAURAAAT\/SEBATSAAAT, POL\u00dcGL\u00dcTSER\u00dc\u00dcL-6 KAP\u00dcLAAT\/KAPRAAAT, ALOE BARBADENSIS&#039;E LEHE EKSTRAKT, NAATRIUMLEVULINAAT, NAATRIUMANISAAT, BENSALKOONIUMKLORIID, PARF\u00dc\u00dcM, DIKAALIUMFOSFAAT<\/li>\n<\/ul><\/div>\n<\/div>","protected":false},"excerpt":{"rendered":"<p>Vahutav n\u00e4opuhastusvahend \u00f5limikrosf\u00e4\u00e4ridega (mitsellidega) k\u00f5ikidele nahat\u00fc\u00fcpidele, sh tundlikule nahale.<\/p>","protected":false},"featured_media":7678,"template":"","meta":[],"product_brand":[66],"product_cat":[71],"product_tag":[],"class_list":{"0":"post-7760","1":"product","2":"type-product","3":"status-publish","4":"has-post-thumbnail","6":"product_brand-juliette-armand","7":"product_cat-cleansers","9":"first","10":"instock","11":"sale","12":"taxable","13":"shipping-taxable","14":"purchasable","15":"product-type-simple"},"_links":{"self":[{"href":"https:\/\/profskin.ee\/et\/wp-json\/wp\/v2\/product\/7760","targetHints":{"allow":["GET"]}}],"collection":[{"href":"https:\/\/profskin.ee\/et\/wp-json\/wp\/v2\/product"}],"about":[{"href":"https:\/\/profskin.ee\/et\/wp-json\/wp\/v2\/types\/product"}],"wp:featuredmedia":[{"embeddable":true,"href":"https:\/\/profskin.ee\/et\/wp-json\/wp\/v2\/media\/7678"}],"wp:attachment":[{"href":"https:\/\/profskin.ee\/et\/wp-json\/wp\/v2\/media?parent=7760"}],"wp:term":[{"taxonomy":"product_brand","embeddable":true,"href":"https:\/\/profskin.ee\/et\/wp-json\/wp\/v2\/product_brand?post=7760"},{"taxonomy":"product_cat","embeddable":true,"href":"https:\/\/profskin.ee\/et\/wp-json\/wp\/v2\/product_cat?post=7760"},{"taxonomy":"product_tag","embeddable":true,"href":"https:\/\/profskin.ee\/et\/wp-json\/wp\/v2\/product_tag?post=7760"}],"curies":[{"name":"t\u00f6\u00f6leht","href":"https:\/\/api.w.org\/{rel}","templated":true}]}}