{"id":7762,"date":"2025-07-03T21:22:51","date_gmt":"2025-07-03T21:22:51","guid":{"rendered":"https:\/\/profskin.ee\/?post_type=product&#038;p=7762"},"modified":"2026-03-18T15:18:41","modified_gmt":"2026-03-18T15:18:41","slug":"cleansing-cream-soap","status":"publish","type":"product","link":"https:\/\/profskin.ee\/et\/toode\/cleansing-cream-soap\/","title":{"rendered":"Puhastuskreemi seep"},"content":{"rendered":"<h6>Kreemjas n\u00e4opuhastusseep k\u00f5ikidele nahat\u00fc\u00fcpidele.<\/h6>\n<p>See eemaldab t\u00f5husalt mustuse ja liigse rasu ning elustab nahka ilma seda kuivatamata.<\/p>\n<div class=\"em-row\">\n<div class=\"em-lg-4 em-col\">\n<h6 class=\"em-font-medium\" style=\"margin-top: 1.2rem; margin-bottom: 1.2rem;\">Sobib<\/h6>\n<ul>\n<li>Niisutus, rasueritus, kaitse, noorendamine.<\/li>\n<li>Kombineeritud, kuiv, normaalne, rasune nahk.<\/li>\n<li>K\u00f5ikidele nahat\u00fc\u00fcpidele (sega, kuiv, normaalne, rasune).<\/li>\n<\/ul>\n<h6 class=\"em-font-medium\" style=\"margin-top: 1.2rem; margin-bottom: 1.2rem;\">Kuidas kasutada<\/h6>\n<ul>\n<li>Kanna v\u00e4ike kogus niiskele n\u00e4ole, masseeri \u00f5rnalt ja eemalda veega.<\/li>\n<\/ul><\/div>\n<div class=\"em-lg-4 em-col\">\n<h6 class=\"em-font-medium\" style=\"margin-top: 1.2rem; margin-bottom: 1.2rem;\">Toimeained ja koostisosad<\/h6>\n<ul>\n<li><strong>Arginiin (L-arginiin)<\/strong><\/li>\n<li><strong>Saialilleekstrakt<\/strong><\/li>\n<li><strong>Hamamelis ekstrakt<\/strong><\/li>\n<li><strong>Nahapalsamid ja pehmendavad \u00f5lid<\/strong><\/li>\n<li><strong>Muud<\/strong>KOOSTIS: VESI, STEARIINHAPE, GL\u00dcTSERIIN, KAPRIIL-\/KAPRIINTRIGL\u00dcTSERIID, SORBITAANSTEARAAT, TEE-LAUR\u00dc\u00dcLSULFAAT, H\u00dcDROKS\u00dcET\u00dc\u00dcLAKR\u00dcLAAT\/NAATRIUMAKR\u00dcLO\u00dc\u00dcLDIMET\u00dc\u00dcLTAURAADI KOPOL\u00dcMEER, HAMAMELIS VIRGINIANA LEHEVESI, FENOKS\u00dcETANOOL, NAATRIUMMET\u00dc\u00dcLKOKO\u00dc\u00dcLTAURAAT, PARF\u00dc\u00dcM, KAPRI\u00dcL\u00dc\u00dcLGL\u00dcKOOL, ET\u00dc\u00dcLHEKS\u00dc\u00dcLGL\u00dcTSERIIN, ARGINIIN, POL\u00dcSORBAAT 60, SORBITAANISOSTEARAAT, BUT\u00dcLEENGL\u00dcKOOL, SAIALILLE \u00d5IE EKSTRAKT<\/li>\n<\/ul><\/div>\n<\/div>","protected":false},"excerpt":{"rendered":"<p>Kreemjas n\u00e4opuhastusseep k\u00f5ikidele nahat\u00fc\u00fcpidele.<\/p>","protected":false},"featured_media":7676,"template":"","meta":[],"product_brand":[66],"product_cat":[71],"product_tag":[],"class_list":{"0":"post-7762","1":"product","2":"type-product","3":"status-publish","4":"has-post-thumbnail","6":"product_brand-juliette-armand","7":"product_cat-cleansers","9":"first","10":"instock","11":"sale","12":"taxable","13":"shipping-taxable","14":"purchasable","15":"product-type-simple"},"_links":{"self":[{"href":"https:\/\/profskin.ee\/et\/wp-json\/wp\/v2\/product\/7762","targetHints":{"allow":["GET"]}}],"collection":[{"href":"https:\/\/profskin.ee\/et\/wp-json\/wp\/v2\/product"}],"about":[{"href":"https:\/\/profskin.ee\/et\/wp-json\/wp\/v2\/types\/product"}],"wp:featuredmedia":[{"embeddable":true,"href":"https:\/\/profskin.ee\/et\/wp-json\/wp\/v2\/media\/7676"}],"wp:attachment":[{"href":"https:\/\/profskin.ee\/et\/wp-json\/wp\/v2\/media?parent=7762"}],"wp:term":[{"taxonomy":"product_brand","embeddable":true,"href":"https:\/\/profskin.ee\/et\/wp-json\/wp\/v2\/product_brand?post=7762"},{"taxonomy":"product_cat","embeddable":true,"href":"https:\/\/profskin.ee\/et\/wp-json\/wp\/v2\/product_cat?post=7762"},{"taxonomy":"product_tag","embeddable":true,"href":"https:\/\/profskin.ee\/et\/wp-json\/wp\/v2\/product_tag?post=7762"}],"curies":[{"name":"t\u00f6\u00f6leht","href":"https:\/\/api.w.org\/{rel}","templated":true}]}}