{"id":7763,"date":"2025-07-03T21:22:52","date_gmt":"2025-07-03T21:22:52","guid":{"rendered":"https:\/\/profskin.ee\/?post_type=product&#038;p=7763"},"modified":"2026-03-18T15:18:41","modified_gmt":"2026-03-18T15:18:41","slug":"sensitive-cleansing-gel","status":"publish","type":"product","link":"https:\/\/profskin.ee\/et\/toode\/sensitive-cleansing-gel\/","title":{"rendered":"Tundlik puhastusgeel"},"content":{"rendered":"<h6>Puhastav n\u00e4ogeel, mis on spetsiaalselt loodud tundlikule nahale ja silma\u00fcmbrusele.<\/h6>\n<p>See eemaldab t\u00f5husalt mustuse ja meigi, kaitstes samal ajal nahka kahjulike keskkonnategurite ja \u00f5husaaste eest.<\/p>\n<div class=\"em-row\">\n<div class=\"em-lg-4 em-col\">\n<h6 class=\"em-font-medium\" style=\"margin-top: 1.2rem; margin-bottom: 1.2rem;\">Sobib<\/h6>\n<ul>\n<li>Silmade hooldus, niisutamine, kaitse, tundlikkus.<\/li>\n<li>Kombineeritud, kuiv, normaalne, rasune nahk.<\/li>\n<li>K\u00f5ikidele nahat\u00fc\u00fcpidele (sega, kuiv, normaalne, rasune).<\/li>\n<\/ul>\n<h6 class=\"em-font-medium\" style=\"margin-top: 1.2rem; margin-bottom: 1.2rem;\">Kuidas kasutada<\/h6>\n<ul>\n<li>Kanna v\u00e4ike kogus ringjate liigutustega kogu n\u00e4ole ja eemalda niiske vatipadjaga.<\/li>\n<\/ul><\/div>\n<div class=\"em-lg-4 em-col\">\n<h6 class=\"em-font-medium\" style=\"margin-top: 1.2rem; margin-bottom: 1.2rem;\">Toimeained ja koostisosad<\/h6>\n<ul>\n<li><strong>Arginiin (L-arginiin)<\/strong><\/li>\n<li><strong>MMW h\u00fcaluroonhape<\/strong><\/li>\n<li><strong>Oliivi\u00f5li<\/strong><\/li>\n<li><strong>Osmopure<\/strong><\/li>\n<li><strong>Muud<\/strong>KOOSTIS: VESI, OLIIVI\u00d5LI PEG-7 ESTRID, GL\u00dcTSERIIN, SAHHAROOSLAURAAT, PPG-26-BUTETH-26, ALKOHOL, PEG-40 H\u00dcDROGENISEERITUD RITSINUS\u00d5LI, FENOKS\u00dcETANOOL, AKR\u00dcLAADID\/C10-30 ALK\u00dc\u00dcLAKR\u00dcLAADI RISTPOL\u00dcMEER, ARGINIIN, PARF\u00dc\u00dcM, KAPRYL\u00dc\u00dcLGL\u00dcKOOL, NAATRIUM PCA, ET\u00dc\u00dcLHEKS\u00dc\u00dcLGL\u00dcTSERIIN, DINAATRIUM EDTA, GL\u00dcTSER\u00dc\u00dcLPOL\u00dcAKR\u00dcLAAT, PEG-8, BUT\u00dcLEENGL\u00dcKOOL, AHJU- JA KULDSE HEINAP\u00d5\u00d5SE SEEMNE EKSTRAKT, PPG-1-PEG-9 LAURYLGL\u00dcKOOLEETER, HEDERA HELEKSII LEHE\/VARRE EKSTRAKT, NAATRIUMH\u00dcALURONAAT, KARBOMEER, F\u00dc\u00dcTHAPE<\/li>\n<\/ul><\/div>\n<\/div>","protected":false},"excerpt":{"rendered":"<p>Puhastav n\u00e4ogeel, mis on spetsiaalselt loodud tundlikule nahale ja silma\u00fcmbrusele.<\/p>","protected":false},"featured_media":7675,"template":"","meta":[],"product_brand":[66],"product_cat":[71],"product_tag":[],"class_list":{"0":"post-7763","1":"product","2":"type-product","3":"status-publish","4":"has-post-thumbnail","6":"product_brand-juliette-armand","7":"product_cat-cleansers","9":"first","10":"instock","11":"sale","12":"taxable","13":"shipping-taxable","14":"purchasable","15":"product-type-simple"},"_links":{"self":[{"href":"https:\/\/profskin.ee\/et\/wp-json\/wp\/v2\/product\/7763","targetHints":{"allow":["GET"]}}],"collection":[{"href":"https:\/\/profskin.ee\/et\/wp-json\/wp\/v2\/product"}],"about":[{"href":"https:\/\/profskin.ee\/et\/wp-json\/wp\/v2\/types\/product"}],"wp:featuredmedia":[{"embeddable":true,"href":"https:\/\/profskin.ee\/et\/wp-json\/wp\/v2\/media\/7675"}],"wp:attachment":[{"href":"https:\/\/profskin.ee\/et\/wp-json\/wp\/v2\/media?parent=7763"}],"wp:term":[{"taxonomy":"product_brand","embeddable":true,"href":"https:\/\/profskin.ee\/et\/wp-json\/wp\/v2\/product_brand?post=7763"},{"taxonomy":"product_cat","embeddable":true,"href":"https:\/\/profskin.ee\/et\/wp-json\/wp\/v2\/product_cat?post=7763"},{"taxonomy":"product_tag","embeddable":true,"href":"https:\/\/profskin.ee\/et\/wp-json\/wp\/v2\/product_tag?post=7763"}],"curies":[{"name":"t\u00f6\u00f6leht","href":"https:\/\/api.w.org\/{rel}","templated":true}]}}