{"id":7765,"date":"2025-07-03T21:22:52","date_gmt":"2025-07-03T21:22:52","guid":{"rendered":"https:\/\/profskin.ee\/?post_type=product&#038;p=7765"},"modified":"2026-03-18T15:34:28","modified_gmt":"2026-03-18T15:34:28","slug":"dermabrasion-gel","status":"publish","type":"product","link":"https:\/\/profskin.ee\/et\/toode\/dermabrasion-gel\/","title":{"rendered":"Dermabrasioonigeel"},"content":{"rendered":"<h6>Kooriv n\u00e4ogeel perliiditeradega k\u00f5ikidele nahat\u00fc\u00fcpidele.<\/h6>\n<p>See eemaldab surnud naharakud, samal ajal nahka noorendades ja siludes ning andes s\u00e4ra ja s\u00e4ra.<\/p>\n<div class=\"em-row\">\n<div class=\"em-lg-4 em-col\">\n<h6 class=\"em-font-medium\" style=\"margin-top: 1.2rem; margin-bottom: 1.2rem;\">Sobib<\/h6>\n<ul>\n<li>Koorimine, s\u00e4ra andmine, taastamine.<\/li>\n<li>Kombineeritud, kuiv, normaalne, rasune nahk.<\/li>\n<li>K\u00f5ikidele nahat\u00fc\u00fcpidele (sega, kuiv, normaalne, rasune).<\/li>\n<\/ul>\n<h6 class=\"em-font-medium\" style=\"margin-top: 1.2rem; margin-bottom: 1.2rem;\">Kuidas kasutada<\/h6>\n<ul>\n<li>Kanna v\u00e4ike kogus n\u00e4ole, masseeri \u00f5rnalt ja eemalda veega.<\/li>\n<\/ul><\/div>\n<div class=\"em-lg-4 em-col\">\n<h6 class=\"em-font-medium\" style=\"margin-top: 1.2rem; margin-bottom: 1.2rem;\">Toimeained ja koostisosad<\/h6>\n<ul>\n<li><strong>Alumiiniumoksiid<\/strong><\/li>\n<li><strong>Bambuskestad<\/strong><\/li>\n<li><strong>Pantenool<\/strong><\/li>\n<li><strong>Perliit<\/strong><\/li>\n<li><strong>Muud<\/strong>KOOSTIS: VESI, ALUMIINIUMOKSIID, BUT\u00dcLEENGL\u00dcKOOL, GL\u00dcTSERIIN, PERLIIT, POL\u00dcSORBAAT 20, AKR\u00dcLAADID\/C10-30 ALK\u00dc\u00dcLAKR\u00dcLAADI RISTPOL\u00dcMEER, BAMBUSA ARUNDINACEA VARRE PULBER, FENOKS\u00dcETANOOL, PPG-26-BUTETH-26, PANTENOOL, PEG-40 H\u00dcDROGENISEERITUD RITSINUS\u00d5LI, KAPRYL\u00dc\u00dcLGL\u00dcKOOL, ET\u00dc\u00dcLHEKS\u00dc\u00dcLGL\u00dcTSERIIN, PARF\u00dc\u00dcM, KAALIUMH\u00dcDROKSIID, GL\u00dcTSER\u00dc\u00dcLPOL\u00dcAKR\u00dcLAAT, DINAATRIUM EDTA<\/li>\n<\/ul><\/div>\n<\/div>","protected":false},"excerpt":{"rendered":"<p>Kooriv n\u00e4ogeel perliiditeradega k\u00f5ikidele nahat\u00fc\u00fcpidele.<\/p>","protected":false},"featured_media":7673,"template":"","meta":[],"product_brand":[66],"product_cat":[74],"product_tag":[],"class_list":{"0":"post-7765","1":"product","2":"type-product","3":"status-publish","4":"has-post-thumbnail","6":"product_brand-juliette-armand","7":"product_cat-exfoliant","9":"first","10":"instock","11":"sale","12":"taxable","13":"shipping-taxable","14":"purchasable","15":"product-type-simple"},"_links":{"self":[{"href":"https:\/\/profskin.ee\/et\/wp-json\/wp\/v2\/product\/7765","targetHints":{"allow":["GET"]}}],"collection":[{"href":"https:\/\/profskin.ee\/et\/wp-json\/wp\/v2\/product"}],"about":[{"href":"https:\/\/profskin.ee\/et\/wp-json\/wp\/v2\/types\/product"}],"wp:featuredmedia":[{"embeddable":true,"href":"https:\/\/profskin.ee\/et\/wp-json\/wp\/v2\/media\/7673"}],"wp:attachment":[{"href":"https:\/\/profskin.ee\/et\/wp-json\/wp\/v2\/media?parent=7765"}],"wp:term":[{"taxonomy":"product_brand","embeddable":true,"href":"https:\/\/profskin.ee\/et\/wp-json\/wp\/v2\/product_brand?post=7765"},{"taxonomy":"product_cat","embeddable":true,"href":"https:\/\/profskin.ee\/et\/wp-json\/wp\/v2\/product_cat?post=7765"},{"taxonomy":"product_tag","embeddable":true,"href":"https:\/\/profskin.ee\/et\/wp-json\/wp\/v2\/product_tag?post=7765"}],"curies":[{"name":"t\u00f6\u00f6leht","href":"https:\/\/api.w.org\/{rel}","templated":true}]}}