{"id":7766,"date":"2025-07-03T21:22:52","date_gmt":"2025-07-03T21:22:52","guid":{"rendered":"https:\/\/profskin.ee\/?post_type=product&#038;p=7766"},"modified":"2026-03-18T15:00:39","modified_gmt":"2026-03-18T15:00:39","slug":"cacao-exfoliating-cream","status":"publish","type":"product","link":"https:\/\/profskin.ee\/et\/toode\/cacao-exfoliating-cream\/","title":{"rendered":"Kakao kooriv kreem"},"content":{"rendered":"<h6>Kooriv n\u00e4okreem kakao ja mandliteradega kuivale ja tundlikule nahale.<\/h6>\n<p>See eemaldab \u00f5rnalt surnud naharakud ilma \u00e4rritust tekitamata, j\u00e4ttes naha siledaks ja s\u00e4ravaks.<\/p>\n<div class=\"em-row\">\n<div class=\"em-lg-4 em-col\">\n<h6 class=\"em-font-medium\" style=\"margin-top: 1.2rem; margin-bottom: 1.2rem;\">Sobib<\/h6>\n<ul>\n<li>Koorimine, s\u00e4ra, tundlikkus.<\/li>\n<li>Kuiv, normaalne nahk.<\/li>\n<li>K\u00f5ikidele nahat\u00fc\u00fcpidele (sega, kuiv, normaalne, rasune).<\/li>\n<\/ul>\n<h6 class=\"em-font-medium\" style=\"margin-top: 1.2rem; margin-bottom: 1.2rem;\">Kuidas kasutada<\/h6>\n<ul>\n<li>Kanna v\u00e4ike kogus n\u00e4ole, masseeri \u00f5rnalt ja eemalda veega.<\/li>\n<\/ul><\/div>\n<div class=\"em-lg-4 em-col\">\n<h6 class=\"em-font-medium\" style=\"margin-top: 1.2rem; margin-bottom: 1.2rem;\">Toimeained ja koostisosad<\/h6>\n<ul>\n<li><strong>Mandligraanulid<\/strong><\/li>\n<li><strong>Kakao koorija<\/strong><\/li>\n<li><strong>Elastne mereline<\/strong><\/li>\n<li><strong>Pantenool<\/strong><\/li>\n<li><strong>Muud<\/strong>KOOSTIS: VESI, C12-20 HAPPE PEG-8 ESTER, H\u00dcDROGENISEERITUD POL\u00dcDETSEEN, POL\u00dcGL\u00dcTSER\u00dc\u00dcL-3 MET\u00dc\u00dcLGL\u00dcKOOSDISTEARAAT, ET\u00dc\u00dcLHEKS\u00dc\u00dcLSTEARAAT, TS\u00dcKLOPENTASILOKSAAN, TSET\u00dc\u00dcLALKOHOL, BUT\u00dcLEENGL\u00dcKOOL, DIMETIKOON, PRUNUSA AMYGDALUS DULCIS KOORE PULBER, SHOREA STENOPTERA SEEMNEV\u00d5I, POL\u00dcAKR\u00dc\u00dcLAMIID, PANTENOOL, TS\u00dcKLOHEKSASILOKSAAN, C13-14 ISOPARAFIIN, FENOKS\u00dcETANOOL, PARF\u00dc\u00dcM, THEOBROMA CACAO KOORE PULBER, KAPRYL\u00dc\u00dcLGL\u00dcKOOL, ET\u00dc\u00dcLHEKS\u00dc\u00dcLGL\u00dcTSERIIN, LAURETH-7, BHT, PENT\u00dcLEENGL\u00dcKOOL, H\u00dcDROL\u00dc\u00dcSITUD ELASTIN<\/li>\n<\/ul><\/div>\n<\/div>","protected":false},"excerpt":{"rendered":"<p>Kooriv n\u00e4okreem kakao ja mandliteradega kuivale ja tundlikule nahale.<\/p>","protected":false},"featured_media":7672,"template":"","meta":[],"product_brand":[66],"product_cat":[74],"product_tag":[],"class_list":{"0":"post-7766","1":"product","2":"type-product","3":"status-publish","4":"has-post-thumbnail","6":"product_brand-juliette-armand","7":"product_cat-exfoliant","9":"first","10":"instock","11":"sale","12":"taxable","13":"shipping-taxable","14":"purchasable","15":"product-type-simple"},"_links":{"self":[{"href":"https:\/\/profskin.ee\/et\/wp-json\/wp\/v2\/product\/7766","targetHints":{"allow":["GET"]}}],"collection":[{"href":"https:\/\/profskin.ee\/et\/wp-json\/wp\/v2\/product"}],"about":[{"href":"https:\/\/profskin.ee\/et\/wp-json\/wp\/v2\/types\/product"}],"wp:featuredmedia":[{"embeddable":true,"href":"https:\/\/profskin.ee\/et\/wp-json\/wp\/v2\/media\/7672"}],"wp:attachment":[{"href":"https:\/\/profskin.ee\/et\/wp-json\/wp\/v2\/media?parent=7766"}],"wp:term":[{"taxonomy":"product_brand","embeddable":true,"href":"https:\/\/profskin.ee\/et\/wp-json\/wp\/v2\/product_brand?post=7766"},{"taxonomy":"product_cat","embeddable":true,"href":"https:\/\/profskin.ee\/et\/wp-json\/wp\/v2\/product_cat?post=7766"},{"taxonomy":"product_tag","embeddable":true,"href":"https:\/\/profskin.ee\/et\/wp-json\/wp\/v2\/product_tag?post=7766"}],"curies":[{"name":"t\u00f6\u00f6leht","href":"https:\/\/api.w.org\/{rel}","templated":true}]}}