{"id":7767,"date":"2025-07-03T21:22:54","date_gmt":"2025-07-03T21:22:54","guid":{"rendered":"https:\/\/profskin.ee\/?post_type=product&#038;p=7767"},"modified":"2026-03-18T15:35:10","modified_gmt":"2026-03-18T15:35:10","slug":"exfoliating-enzyme-gel","status":"publish","type":"product","link":"https:\/\/profskin.ee\/et\/toode\/exfoliating-enzyme-gel\/","title":{"rendered":"Kooriv ens\u00fc\u00fcmgeel"},"content":{"rendered":"<h6>V\u00e4rskendav kooriv n\u00e4ogeel normaalsele, kuivale ja tundlikule nahale.<\/h6>\n<p>See eemaldab surnud naharakud \u00e4rritust tekitamata ning samal ajal elustab ja heledab jumet.<\/p>\n<div class=\"em-row\">\n<div class=\"em-lg-4 em-col\">\n<h6 class=\"em-font-medium\" style=\"margin-top: 1.2rem; margin-bottom: 1.2rem;\">Sobib<\/h6>\n<ul>\n<li>Koorimine, peened jooned, s\u00e4ra, niisutus, tundlikkus, kortsud.<\/li>\n<li>Kuiv, normaalne nahk.<\/li>\n<li>K\u00f5ikidele nahat\u00fc\u00fcpidele (sega, kuiv, normaalne, rasune).<\/li>\n<\/ul>\n<h6 class=\"em-font-medium\" style=\"margin-top: 1.2rem; margin-bottom: 1.2rem;\">Kuidas kasutada<\/h6>\n<ul>\n<li>Kanna puhtale nahale ja 10 minuti p\u00e4rast kanna geeli peale seerum v\u00f5i kreem.<\/li>\n<\/ul><\/div>\n<div class=\"em-lg-4 em-col\">\n<h6 class=\"em-font-medium\" style=\"margin-top: 1.2rem; margin-bottom: 1.2rem;\">Toimeained ja koostisosad<\/h6>\n<ul>\n<li><strong>Aloe vera<\/strong><\/li>\n<li><strong>Viigikaktuse ekstrakt<\/strong><\/li>\n<li><strong>Karbamiid<\/strong><\/li>\n<li><strong>Muud<\/strong>KOOSTIS: VESI, KARBAMIID, AALOE BARBADENSIS&#039;E LEHE EKSTRAKT, BUT\u00dcLEENGL\u00dcKOOL, DIMETIKOON, NAATRIUMPOL\u00dcAKR\u00dcLAAT, H\u00dcDROGENISEERITUD POL\u00dcDETSEEN, PPG-26-BUTETH-26, FENOKS\u00dcETANOOL, PEG-40 H\u00dcDROGENISEERITUD RITSINUS\u00d5LI, ET\u00dc\u00dcLHEKS\u00dc\u00dcLGL\u00dcTSERIIN, KAPRYL\u00dc\u00dcLGL\u00dcKOOL, H\u00dcDROL\u00dc\u00dcSITUD OPUNTIA FICUS-INDICA \u00d5IE EKSTRAKT, TRIDETSET-6<\/li>\n<\/ul><\/div>\n<\/div>","protected":false},"excerpt":{"rendered":"<p>V\u00e4rskendav kooriv n\u00e4ogeel normaalsele, kuivale ja tundlikule nahale.<\/p>","protected":false},"featured_media":7671,"template":"","meta":[],"product_brand":[66],"product_cat":[74],"product_tag":[],"class_list":{"0":"post-7767","1":"product","2":"type-product","3":"status-publish","4":"has-post-thumbnail","6":"product_brand-juliette-armand","7":"product_cat-exfoliant","9":"first","10":"instock","11":"sale","12":"taxable","13":"shipping-taxable","14":"purchasable","15":"product-type-simple"},"_links":{"self":[{"href":"https:\/\/profskin.ee\/et\/wp-json\/wp\/v2\/product\/7767","targetHints":{"allow":["GET"]}}],"collection":[{"href":"https:\/\/profskin.ee\/et\/wp-json\/wp\/v2\/product"}],"about":[{"href":"https:\/\/profskin.ee\/et\/wp-json\/wp\/v2\/types\/product"}],"wp:featuredmedia":[{"embeddable":true,"href":"https:\/\/profskin.ee\/et\/wp-json\/wp\/v2\/media\/7671"}],"wp:attachment":[{"href":"https:\/\/profskin.ee\/et\/wp-json\/wp\/v2\/media?parent=7767"}],"wp:term":[{"taxonomy":"product_brand","embeddable":true,"href":"https:\/\/profskin.ee\/et\/wp-json\/wp\/v2\/product_brand?post=7767"},{"taxonomy":"product_cat","embeddable":true,"href":"https:\/\/profskin.ee\/et\/wp-json\/wp\/v2\/product_cat?post=7767"},{"taxonomy":"product_tag","embeddable":true,"href":"https:\/\/profskin.ee\/et\/wp-json\/wp\/v2\/product_tag?post=7767"}],"curies":[{"name":"t\u00f6\u00f6leht","href":"https:\/\/api.w.org\/{rel}","templated":true}]}}