{"id":7768,"date":"2025-07-03T21:22:54","date_gmt":"2025-07-03T21:22:54","guid":{"rendered":"https:\/\/profskin.ee\/?post_type=product&#038;p=7768"},"modified":"2026-03-18T15:34:28","modified_gmt":"2026-03-18T15:34:28","slug":"hydra-bonding-serum","status":"publish","type":"product","link":"https:\/\/profskin.ee\/et\/toode\/hydra-bonding-serum\/","title":{"rendered":"H\u00fcdra Bonding seerum"},"content":{"rendered":"<h6>Niisutav ja rahustav seerum, mis on spetsiaalselt loodud \u00e4\u00e4rmiselt madalate temperatuuride ja p\u00f5ua korral kasutamiseks. Sobib k\u00f5ikidele nahat\u00fc\u00fcpidele.<\/h6>\n<p>See leevendab tundlikku nahka \u00e4rritustest ja annab p\u00fcsiva niisutuse.<\/p>\n<div class=\"em-row\">\n<div class=\"em-lg-4 em-col\">\n<h6 class=\"em-font-medium\" style=\"margin-top: 1.2rem; margin-bottom: 1.2rem;\">Sobib<\/h6>\n<ul>\n<li>Peened jooned, niisutus, kaitse, tundlikkus, rahustamine.<\/li>\n<li>Kombineeritud, kuiv, normaalne, rasune nahk.<\/li>\n<li>K\u00f5ikidele nahat\u00fc\u00fcpidele (sega, kuiv, normaalne, rasune).<\/li>\n<\/ul>\n<h6 class=\"em-font-medium\" style=\"margin-top: 1.2rem; margin-bottom: 1.2rem;\">Kuidas kasutada<\/h6>\n<ul>\n<li>Kanna v\u00e4ike kogus puhtale nahale ja masseeri n\u00e4gu, kuni see imendub.<\/li>\n<\/ul><\/div>\n<div class=\"em-lg-4 em-col\">\n<h6 class=\"em-font-medium\" style=\"margin-top: 1.2rem; margin-bottom: 1.2rem;\">Toimeained ja koostisosad<\/h6>\n<ul>\n<li><strong>Antarktika 1%<\/strong><\/li>\n<li><strong>Arginiin (L-arginiin)<\/strong><\/li>\n<li><strong>Dermasooth 1.5%<\/strong><\/li>\n<li><strong>HMW h\u00fcaluroonhape 0,1%<\/strong><\/li>\n<li><strong>Pantenool<\/strong><\/li>\n<li><strong>Pentavitiin 5%<\/strong><\/li>\n<li><strong>Muud<\/strong>KOOSTIS: VESI, GL\u00dcTSERIIN, SAHHARIIDISOMERAAT, BUT\u00dcLEENGL\u00dcKOOL, PANTENOOL, PROPAANDIOOL, PPG-26-BUTETH-26, FENOKS\u00dcETANOOL, PEG-40 H\u00dcDROGENISEERITUD RITSINUS\u00d5LI, ET\u00dc\u00dcLHEKS\u00dc\u00dcLGL\u00dcTSERIIN, GL\u00dcTSER\u00dc\u00dcLPOL\u00dcAKR\u00dcLAAT, KAPRYL\u00dc\u00dcLGL\u00dcKOOL, ARGINIIN, PSEUDOALTEROMONAS FERMENT EKSTRAKT, AKR\u00dcLAADID\/C10-30 ALK\u00dc\u00dcLAKR\u00dcLAADI RISTPOL\u00dcMEER, NAATRIUMH\u00dcALURONAAT, DINAATRIUMEDTA, KAALIUMSORBAAT, ENTEROMORPHA COMPRESSA EKSTRAKT, SIDRUNHAPE, NAATRIUMTSITRAAT, OCIMUM SANCTUM LEHE EKSTRAKT, SILYBUM MARIANUM VILJA EKSTRAKT<\/li>\n<\/ul><\/div>\n<\/div>","protected":false},"excerpt":{"rendered":"<p>Niisutav ja rahustav seerum, mis on spetsiaalselt loodud \u00e4\u00e4rmiselt madalate temperatuuride ja p\u00f5ua korral kasutamiseks. Sobib k\u00f5ikidele nahat\u00fc\u00fcpidele.<\/p>","protected":false},"featured_media":7670,"template":"","meta":[],"product_brand":[66],"product_cat":[70],"product_tag":[],"class_list":{"0":"post-7768","1":"product","2":"type-product","3":"status-publish","4":"has-post-thumbnail","6":"product_brand-juliette-armand","7":"product_cat-serum","9":"first","10":"outofstock","11":"sale","12":"taxable","13":"shipping-taxable","14":"purchasable","15":"product-type-simple"},"_links":{"self":[{"href":"https:\/\/profskin.ee\/et\/wp-json\/wp\/v2\/product\/7768","targetHints":{"allow":["GET"]}}],"collection":[{"href":"https:\/\/profskin.ee\/et\/wp-json\/wp\/v2\/product"}],"about":[{"href":"https:\/\/profskin.ee\/et\/wp-json\/wp\/v2\/types\/product"}],"wp:featuredmedia":[{"embeddable":true,"href":"https:\/\/profskin.ee\/et\/wp-json\/wp\/v2\/media\/7670"}],"wp:attachment":[{"href":"https:\/\/profskin.ee\/et\/wp-json\/wp\/v2\/media?parent=7768"}],"wp:term":[{"taxonomy":"product_brand","embeddable":true,"href":"https:\/\/profskin.ee\/et\/wp-json\/wp\/v2\/product_brand?post=7768"},{"taxonomy":"product_cat","embeddable":true,"href":"https:\/\/profskin.ee\/et\/wp-json\/wp\/v2\/product_cat?post=7768"},{"taxonomy":"product_tag","embeddable":true,"href":"https:\/\/profskin.ee\/et\/wp-json\/wp\/v2\/product_tag?post=7768"}],"curies":[{"name":"t\u00f6\u00f6leht","href":"https:\/\/api.w.org\/{rel}","templated":true}]}}