{"id":7773,"date":"2025-07-03T21:22:54","date_gmt":"2025-07-03T21:22:54","guid":{"rendered":"https:\/\/profskin.ee\/?post_type=product&#038;p=7773"},"modified":"2026-03-18T15:23:38","modified_gmt":"2026-03-18T15:23:38","slug":"retinoid-3-serum","status":"publish","type":"product","link":"https:\/\/profskin.ee\/et\/toode\/retinoid-3-serum\/","title":{"rendered":"Retinoid 3% seerum"},"content":{"rendered":"<h6>Anaplastiline, elustav seerum suurendatud retinoidide sisaldusega (3%) k\u00f5ikidele nahat\u00fc\u00fcpidele.<\/h6>\n<p>See parandab naha v\u00e4limust ja kvaliteeti kortsude, plekkide, intensiivse pigmendilaikude ja vanuselaikude korral, suurendades selle s\u00e4ra ja tulemuseks on \u00fchtlasem nahatoon.<\/p>\n<div class=\"em-row\">\n<div class=\"em-lg-4 em-col\">\n<h6 class=\"em-font-medium\" style=\"margin-top: 1.2rem; margin-bottom: 1.2rem;\">Sobib<\/h6>\n<ul>\n<li>Peened jooned, s\u00e4ra, pigmentatsioon, kaitse, taastamine, parandamine, kortsud.<\/li>\n<li>Kombineeritud, kuiv, normaalne, rasune nahk.<\/li>\n<li>K\u00f5ikidele nahat\u00fc\u00fcpidele (sega, kuiv, normaalne, rasune).<\/li>\n<\/ul>\n<h6 class=\"em-font-medium\" style=\"margin-top: 1.2rem; margin-bottom: 1.2rem;\">Kuidas kasutada<\/h6>\n<ul>\n<li>Konsulteerige kosmeetiku v\u00f5i terapeudiga.<\/li>\n<\/ul><\/div>\n<div class=\"em-lg-4 em-col\">\n<h6 class=\"em-font-medium\" style=\"margin-top: 1.2rem; margin-bottom: 1.2rem;\">Toimeained ja koostisosad<\/h6>\n<ul>\n<li><strong>Retinoid 3%<\/strong><\/li>\n<li><strong>Soja<\/strong><\/li>\n<li><strong>Tokoferool<\/strong><\/li>\n<li><strong>A-vitamiin (retin\u00fc\u00fclpalmitaat)<\/strong><\/li>\n<li><strong>C-vitamiin<\/strong><\/li>\n<li><strong>E-vitamiin<\/strong><\/li>\n<li><strong>Muud<\/strong>KOOSTISOSAD: DIKAPR\u00dc\u00dcLKARBONAAT, KOKO-KAP\u00dcLAAT, UNDEKAAN, DIMET\u00dc\u00dcLISOSORBIID, GL\u00dcTSIINISOA\u00d5LI, TRIDEKAAN, TOKOFER\u00dc\u00dcLATSETAAT, H\u00dcDROKS\u00dcPINAKOLOONRETINOAAT, PARF\u00dc\u00dcM, RETINY\u00dcLPALMITAAT, ASKORB\u00dc\u00dcLISOSTEARAAT<\/li>\n<\/ul><\/div>\n<\/div>","protected":false},"excerpt":{"rendered":"<p>Anaplastiline, elustav seerum suurendatud retinoidide sisaldusega (3%) k\u00f5ikidele nahat\u00fc\u00fcpidele.<\/p>","protected":false},"featured_media":7665,"template":"","meta":[],"product_brand":[66],"product_cat":[70],"product_tag":[],"class_list":{"0":"post-7773","1":"product","2":"type-product","3":"status-publish","4":"has-post-thumbnail","6":"product_brand-juliette-armand","7":"product_cat-serum","9":"first","10":"instock","11":"sale","12":"taxable","13":"shipping-taxable","14":"purchasable","15":"product-type-simple"},"_links":{"self":[{"href":"https:\/\/profskin.ee\/et\/wp-json\/wp\/v2\/product\/7773","targetHints":{"allow":["GET"]}}],"collection":[{"href":"https:\/\/profskin.ee\/et\/wp-json\/wp\/v2\/product"}],"about":[{"href":"https:\/\/profskin.ee\/et\/wp-json\/wp\/v2\/types\/product"}],"wp:featuredmedia":[{"embeddable":true,"href":"https:\/\/profskin.ee\/et\/wp-json\/wp\/v2\/media\/7665"}],"wp:attachment":[{"href":"https:\/\/profskin.ee\/et\/wp-json\/wp\/v2\/media?parent=7773"}],"wp:term":[{"taxonomy":"product_brand","embeddable":true,"href":"https:\/\/profskin.ee\/et\/wp-json\/wp\/v2\/product_brand?post=7773"},{"taxonomy":"product_cat","embeddable":true,"href":"https:\/\/profskin.ee\/et\/wp-json\/wp\/v2\/product_cat?post=7773"},{"taxonomy":"product_tag","embeddable":true,"href":"https:\/\/profskin.ee\/et\/wp-json\/wp\/v2\/product_tag?post=7773"}],"curies":[{"name":"t\u00f6\u00f6leht","href":"https:\/\/api.w.org\/{rel}","templated":true}]}}