{"id":7774,"date":"2025-07-03T21:22:54","date_gmt":"2025-07-03T21:22:54","guid":{"rendered":"https:\/\/profskin.ee\/?post_type=product&#038;p=7774"},"modified":"2026-03-18T15:23:38","modified_gmt":"2026-03-18T15:23:38","slug":"double-caviar-serum","status":"publish","type":"product","link":"https:\/\/profskin.ee\/et\/toode\/double-caviar-serum\/","title":{"rendered":"Double Caviar Serum"},"content":{"rendered":"<h6>Toitev kaaviari\u00f5li, mis on rikastatud Omega-3 ja Omega-6 rasvhapetega, sobib v\u00e4sinud ja k\u00fcpsele nahale.<\/h6>\n<p>See toidab ja parandab kortsude ja v\u00e4simusm\u00e4rkidega naha v\u00e4limust, j\u00e4ttes naha toonuses ja v\u00e4rskeks.<\/p>\n<div class=\"em-row\">\n<div class=\"em-lg-4 em-col\">\n<h6 class=\"em-font-medium\" style=\"margin-top: 1.2rem; margin-bottom: 1.2rem;\">Sobib<\/h6>\n<ul>\n<li>Vananemisvastane, lifting, kaitse, kortsudevastane.<\/li>\n<li>Kombineeritud, kuiv, normaalne nahk.<\/li>\n<li>K\u00f5ikidele nahat\u00fc\u00fcpidele (sega, kuiv, normaalne, rasune).<\/li>\n<\/ul>\n<h6 class=\"em-font-medium\" style=\"margin-top: 1.2rem; margin-bottom: 1.2rem;\">Kuidas kasutada<\/h6>\n<ul>\n<li>Kanna v\u00e4ike kogus puhtale nahale ja masseeri kuni imendumiseni. Enne kasutamist loksuta korralikult.<\/li>\n<\/ul><\/div>\n<div class=\"em-lg-4 em-col\">\n<h6 class=\"em-font-medium\" style=\"margin-top: 1.2rem; margin-bottom: 1.2rem;\">Toimeained ja koostisosad<\/h6>\n<ul>\n<li><strong>Aloe vera<\/strong><\/li>\n<li><strong>Must kaaviar<\/strong><\/li>\n<li><strong>\u00d5htune priimula\u00f5li<\/strong><\/li>\n<li><strong>Inkade oomega\u00f5li<\/strong><\/li>\n<li><strong>L\u00f5he munarakk<\/strong><\/li>\n<li><strong>E-vitamiin<\/strong><\/li>\n<li><strong>F-vitamiin (linoolhape)<\/strong><\/li>\n<li><strong>Linoleenhape)<\/strong><\/li>\n<li><strong>Muud<\/strong>KOOSTIS: TS\u00dcKLOPENTASILOKSAAN, VESI, ET\u00dc\u00dcLHEKS\u00dc\u00dcLPALMITAAT, BUT\u00dcLEENGL\u00dcKOOL, GL\u00dcTSERIIN, ALOE BARBADENSIS&#039;E LEHE EKSTRAKT,<br \/>\nPLUKENETIA VOLUBILIS&#039;E SEEMNE\u00d5LI, LINOLEINHAPE, OENOTHERA BIENNIS&#039;E \u00d5LI, PARF\u00dc\u00dcM, NAATRIUMKLORIID, TOKOFER\u00dc\u00dcLATSETAAT, COCOS NUCIFERA \u00d5LI, NAATRIUMLEVULINAAT, NAATRIUMANISAAT, SALMO OVUM EKSTRAKT, BENSALKOONIUMKLORIID, KAAVIARI EKSTRAKT, SIDRUNHAPE, LINOLEENHAPE, NAATRIUMBENSOAAT, KAALIUMSORBAAT, FENOKS\u00dcETANOOL, DIKAALIUMFOSFAAT, CI 19140, NAATRIUMDEH\u00dcDROATSETAAT, SORBIINHAPE, UNDETS\u00dcLEENHAPE, CI 16185, NAATRIUMSULFAAT<\/li>\n<\/ul><\/div>\n<\/div>","protected":false},"excerpt":{"rendered":"<p>Toitev kaaviari\u00f5li, mis on rikastatud Omega-3 ja Omega-6 rasvhapetega, sobib v\u00e4sinud ja k\u00fcpsele nahale.<\/p>","protected":false},"featured_media":7664,"template":"","meta":[],"product_brand":[66],"product_cat":[70],"product_tag":[],"class_list":{"0":"post-7774","1":"product","2":"type-product","3":"status-publish","4":"has-post-thumbnail","6":"product_brand-juliette-armand","7":"product_cat-serum","9":"first","10":"outofstock","11":"sale","12":"taxable","13":"shipping-taxable","14":"purchasable","15":"product-type-simple"},"_links":{"self":[{"href":"https:\/\/profskin.ee\/et\/wp-json\/wp\/v2\/product\/7774","targetHints":{"allow":["GET"]}}],"collection":[{"href":"https:\/\/profskin.ee\/et\/wp-json\/wp\/v2\/product"}],"about":[{"href":"https:\/\/profskin.ee\/et\/wp-json\/wp\/v2\/types\/product"}],"wp:featuredmedia":[{"embeddable":true,"href":"https:\/\/profskin.ee\/et\/wp-json\/wp\/v2\/media\/7664"}],"wp:attachment":[{"href":"https:\/\/profskin.ee\/et\/wp-json\/wp\/v2\/media?parent=7774"}],"wp:term":[{"taxonomy":"product_brand","embeddable":true,"href":"https:\/\/profskin.ee\/et\/wp-json\/wp\/v2\/product_brand?post=7774"},{"taxonomy":"product_cat","embeddable":true,"href":"https:\/\/profskin.ee\/et\/wp-json\/wp\/v2\/product_cat?post=7774"},{"taxonomy":"product_tag","embeddable":true,"href":"https:\/\/profskin.ee\/et\/wp-json\/wp\/v2\/product_tag?post=7774"}],"curies":[{"name":"t\u00f6\u00f6leht","href":"https:\/\/api.w.org\/{rel}","templated":true}]}}