{"id":7775,"date":"2025-07-03T21:22:54","date_gmt":"2025-07-03T21:22:54","guid":{"rendered":"https:\/\/profskin.ee\/?post_type=product&#038;p=7775"},"modified":"2026-03-18T15:23:38","modified_gmt":"2026-03-18T15:23:38","slug":"glow-c-12","status":"publish","type":"product","link":"https:\/\/profskin.ee\/et\/toode\/glow-c-12\/","title":{"rendered":"Glow C 12%"},"content":{"rendered":"<h6>Puhast C-vitamiini ja pojengiekstrakti sisaldav seerum sobib pigmendiprobleemide ja vistrikega nahale.<\/h6>\n<p>See annab s\u00e4ra, s\u00e4ra ja \u00fchtlasema nahatooni, parandades naha v\u00e4limust.<\/p>\n<div class=\"em-row\">\n<div class=\"em-lg-4 em-col\">\n<h6 class=\"em-font-medium\" style=\"margin-top: 1.2rem; margin-bottom: 1.2rem;\">Sobib<\/h6>\n<ul>\n<li>Antioks\u00fcdant, s\u00e4ra, niisutus, lifting, pigmentatsioon.<\/li>\n<li>Kombineeritud, kuiv, normaalne, rasune nahk.<\/li>\n<li>K\u00f5ikidele nahat\u00fc\u00fcpidele (sega, kuiv, normaalne, rasune).<\/li>\n<\/ul>\n<h6 class=\"em-font-medium\" style=\"margin-top: 1.2rem; margin-bottom: 1.2rem;\">Kuidas kasutada<\/h6>\n<ul>\n<li>Vajuta klappi, et pulber lahusesse valada, ja loksuta korralikult, kuni see on t\u00e4ielikult lahustunud. Kanna v\u00e4ike kogus puhtale nahale ja masseeri, kuni see imendub.<\/li>\n<\/ul><\/div>\n<div class=\"em-lg-4 em-col\">\n<h6 class=\"em-font-medium\" style=\"margin-top: 1.2rem; margin-bottom: 1.2rem;\">Toimeained ja koostisosad<\/h6>\n<ul>\n<li><strong>A-bisabolool<\/strong><\/li>\n<li><strong>Aloe vera<\/strong><\/li>\n<li><strong>L-askorbiinhape 12%<\/strong><\/li>\n<li><strong>Pojengi\u00f5ie ekstrakt 1%<\/strong><\/li>\n<li><strong>F\u00fctiinhape<\/strong><\/li>\n<li><strong>Muud<\/strong>: VESI, ASKORBIINHAPPE, BUT\u00dcLEENGL\u00dcKOOL, AALOE BARBADENSIS&#039;E LEHE EKSTRAKT, POILEONIA LACTIFLORA \u00d5IE EKSTRAKT,<br \/>\nRITSINOLET-40, FENOKS\u00dcETANOOL, NAATRIUMF\u00dcTAAT, ET\u00dc\u00dcLHEKS\u00dc\u00dcLGL\u00dcTSERIIN, KSANTAANKUMM, KAPRYL\u00dc\u00dcLGL\u00dcKOOL, SORBIINHAPE<br \/>\nHAPE, BISABOLOOL, ALKOHOL<\/li>\n<\/ul><\/div>\n<\/div>","protected":false},"excerpt":{"rendered":"<p>Puhast C-vitamiini ja pojengiekstrakti sisaldav seerum sobib pigmendiprobleemide ja vistrikega nahale.<\/p>","protected":false},"featured_media":7663,"template":"","meta":[],"product_brand":[66],"product_cat":[70],"product_tag":[],"class_list":{"0":"post-7775","1":"product","2":"type-product","3":"status-publish","4":"has-post-thumbnail","6":"product_brand-juliette-armand","7":"product_cat-serum","9":"first","10":"instock","11":"sale","12":"taxable","13":"shipping-taxable","14":"purchasable","15":"product-type-simple"},"_links":{"self":[{"href":"https:\/\/profskin.ee\/et\/wp-json\/wp\/v2\/product\/7775","targetHints":{"allow":["GET"]}}],"collection":[{"href":"https:\/\/profskin.ee\/et\/wp-json\/wp\/v2\/product"}],"about":[{"href":"https:\/\/profskin.ee\/et\/wp-json\/wp\/v2\/types\/product"}],"wp:featuredmedia":[{"embeddable":true,"href":"https:\/\/profskin.ee\/et\/wp-json\/wp\/v2\/media\/7663"}],"wp:attachment":[{"href":"https:\/\/profskin.ee\/et\/wp-json\/wp\/v2\/media?parent=7775"}],"wp:term":[{"taxonomy":"product_brand","embeddable":true,"href":"https:\/\/profskin.ee\/et\/wp-json\/wp\/v2\/product_brand?post=7775"},{"taxonomy":"product_cat","embeddable":true,"href":"https:\/\/profskin.ee\/et\/wp-json\/wp\/v2\/product_cat?post=7775"},{"taxonomy":"product_tag","embeddable":true,"href":"https:\/\/profskin.ee\/et\/wp-json\/wp\/v2\/product_tag?post=7775"}],"curies":[{"name":"t\u00f6\u00f6leht","href":"https:\/\/api.w.org\/{rel}","templated":true}]}}