{"id":7777,"date":"2025-07-03T21:22:54","date_gmt":"2025-07-03T21:22:54","guid":{"rendered":"https:\/\/profskin.ee\/?post_type=product&#038;p=7777"},"modified":"2026-03-18T15:23:38","modified_gmt":"2026-03-18T15:23:38","slug":"clarifying-stick","status":"publish","type":"product","link":"https:\/\/profskin.ee\/et\/toode\/clarifying-stick\/","title":{"rendered":"Selgitav pulk"},"content":{"rendered":"<h6>Pulk otse vistrike peale kandmiseks, aknele kalduva naha jaoks.<\/h6>\n<p>Spetsiaalne toode suure toimeainete sisaldusega intensiivseks paikseks kasutamiseks aknele kalduva naha p\u00f5letike korral.<\/p>\n<div class=\"em-row\">\n<div class=\"em-lg-4 em-col\">\n<h6 class=\"em-font-medium\" style=\"margin-top: 1.2rem; margin-bottom: 1.2rem;\">Sobib<\/h6>\n<ul>\n<li>Akne, rasueritus, taastumine.<\/li>\n<li>Rasune nahk.<\/li>\n<li>K\u00f5ikidele nahat\u00fc\u00fcpidele (sega, kuiv, normaalne, rasune).<\/li>\n<\/ul>\n<h6 class=\"em-font-medium\" style=\"margin-top: 1.2rem; margin-bottom: 1.2rem;\">Kuidas kasutada<\/h6>\n<ul>\n<li>Kandke 2-3 korda p\u00e4evas.<\/li>\n<\/ul><\/div>\n<div class=\"em-lg-4 em-col\">\n<h6 class=\"em-font-medium\" style=\"margin-top: 1.2rem; margin-bottom: 1.2rem;\">Toimeained ja koostisosad<\/h6>\n<ul>\n<li><strong>A-bisabolool<\/strong><\/li>\n<li><strong>Aselaiinhape 5.5%<\/strong><\/li>\n<li><strong>Kanada pajulill 2%<\/strong><\/li>\n<li><strong>Mimoosi ekstrakt<\/strong><\/li>\n<li><strong>Normaseb 2%<\/strong><\/li>\n<li><strong>Salits\u00fc\u00fclhape 1,4%<\/strong><\/li>\n<li><strong>Muud<\/strong>KOOSTIS: VESI, DENAATSIOONITU ALKOHOL, ASELAIINHAPE, RITSINOLEET-40, BUT\u00dcLEENGL\u00dcKOOL, SALITS\u00dc\u00dcLHAPE, NAATRIUMH\u00dcDROKSIID, H\u00dcDROKS\u00dcET\u00dc\u00dcLTSELLULOOS, GL\u00dcTSERIIN, H\u00dcDROL\u00dc\u00dcSITUD PIIMAVALK, BENSOFENOON-4, BISABOLOOL, DINAATRIUMEDTA,<br \/>\nHariliku nurmenuu (Epilobium angustifolium) \u00f5ie\/lehe\/varre ekstrakt, hariliku nurmenuu (Mimosa tenuiflora) koore ekstrakt, fenoks\u00fcetanool<\/li>\n<\/ul><\/div>\n<\/div>","protected":false},"excerpt":{"rendered":"<p>Pulk otse vistrike peale kandmiseks, aknele kalduva naha jaoks.<\/p>","protected":false},"featured_media":7661,"template":"","meta":[],"product_brand":[66],"product_cat":[70],"product_tag":[],"class_list":{"0":"post-7777","1":"product","2":"type-product","3":"status-publish","4":"has-post-thumbnail","6":"product_brand-juliette-armand","7":"product_cat-serum","9":"first","10":"outofstock","11":"taxable","12":"shipping-taxable","13":"product-type-simple"},"_links":{"self":[{"href":"https:\/\/profskin.ee\/et\/wp-json\/wp\/v2\/product\/7777","targetHints":{"allow":["GET"]}}],"collection":[{"href":"https:\/\/profskin.ee\/et\/wp-json\/wp\/v2\/product"}],"about":[{"href":"https:\/\/profskin.ee\/et\/wp-json\/wp\/v2\/types\/product"}],"wp:featuredmedia":[{"embeddable":true,"href":"https:\/\/profskin.ee\/et\/wp-json\/wp\/v2\/media\/7661"}],"wp:attachment":[{"href":"https:\/\/profskin.ee\/et\/wp-json\/wp\/v2\/media?parent=7777"}],"wp:term":[{"taxonomy":"product_brand","embeddable":true,"href":"https:\/\/profskin.ee\/et\/wp-json\/wp\/v2\/product_brand?post=7777"},{"taxonomy":"product_cat","embeddable":true,"href":"https:\/\/profskin.ee\/et\/wp-json\/wp\/v2\/product_cat?post=7777"},{"taxonomy":"product_tag","embeddable":true,"href":"https:\/\/profskin.ee\/et\/wp-json\/wp\/v2\/product_tag?post=7777"}],"curies":[{"name":"t\u00f6\u00f6leht","href":"https:\/\/api.w.org\/{rel}","templated":true}]}}