{"id":7778,"date":"2025-07-03T21:22:54","date_gmt":"2025-07-03T21:22:54","guid":{"rendered":"https:\/\/profskin.ee\/?post_type=product&#038;p=7778"},"modified":"2026-03-18T15:22:31","modified_gmt":"2026-03-18T15:22:31","slug":"hydrating-mask","status":"publish","type":"product","link":"https:\/\/profskin.ee\/et\/toode\/hydrating-mask\/","title":{"rendered":"Niisutav mask"},"content":{"rendered":"<h6>Niisutav n\u00e4omask vitamiinigraanulitega, sobib k\u00f5ikidele nahat\u00fc\u00fcpidele.<\/h6>\n<p>See niisutab nahka koheselt ning tugevdab selle tekstuuri ja kaitses\u00fcsteeme. Sobib kuivale ja deh\u00fcdreerunud nahale.<\/p>\n<div class=\"em-row\">\n<div class=\"em-lg-4 em-col\">\n<h6 class=\"em-font-medium\" style=\"margin-top: 1.2rem; margin-bottom: 1.2rem;\">Sobib<\/h6>\n<ul>\n<li>Niisutus, kaitse.<\/li>\n<li>Kombineeritud, kuiv, normaalne, rasune nahk.<\/li>\n<li>K\u00f5ikidele nahat\u00fc\u00fcpidele (sega, kuiv, normaalne, rasune).<\/li>\n<\/ul>\n<h6 class=\"em-font-medium\" style=\"margin-top: 1.2rem; margin-bottom: 1.2rem;\">Kuidas kasutada<\/h6>\n<ul>\n<li>Kanna peale paks kiht ja p\u00e4rast selle osalist kuivamist masseeri sisse ning eemalda veega.<\/li>\n<\/ul><\/div>\n<div class=\"em-lg-4 em-col\">\n<h6 class=\"em-font-medium\" style=\"margin-top: 1.2rem; margin-bottom: 1.2rem;\">Toimeained ja koostisosad<\/h6>\n<ul>\n<li><strong>Allantoiin<\/strong><\/li>\n<li><strong>Filagrinool<\/strong><\/li>\n<li><strong>Kaoliin<\/strong><\/li>\n<li><strong>MMW h\u00fcaluroonhape<\/strong><\/li>\n<li><strong>Unisf\u00e4\u00e4rid (A-vitamiin<\/strong><\/li>\n<li><strong>E-vitamiin)<\/strong><\/li>\n<li><strong>Muud<\/strong>KOOSTISOSAD: VESI, KAOLIN, GL\u00dcTSER\u00dc\u00dcLSTEARAAT, TSETEAR\u00dc\u00dcLISONONANOAATT, TSETEAR\u00dc\u00dcLALKOHOL, GL\u00dcTSERIIN, TSETEARET-20, TSETEARET-12, TSET\u00dc\u00dcLPALMITAAT, OLEA EUROPAEA \u00d5LI MITTESEEBISTUVAD OSAD, FENOKS\u00dcETANOOL, TSET\u00dc\u00dcLALKOHOL, GL\u00dcTSINE SOJA \u00d5LI MITTESEEBISTUVAD OSAD, TRITICUM VULGARE IDU\u00d5LI MITTESEEBISTUVAD OSAD, POL\u00dcAKR\u00dc\u00dcLAMIID, ET\u00dc\u00dcLHEKS\u00dc\u00dcLGL\u00dcTSERIIN, LAKTOOS, KAPRYL\u00dc\u00dcLGL\u00dcKOOL, PARF\u00dc\u00dcM, C13-14 ISOPARAFIIN, ALLANTOIIN, TSELLULOOS, \u00d5IETOLMU EKSTRAKT, GL\u00dcTSER\u00dc\u00dcLAKR\u00dcLAADI\/AKR\u00dc\u00dcLHAPPE KOPOL\u00dcMEER, LAURETH-7, DINAATRIUM EDTA, PVM\/MA KOPOL\u00dcMEER, NAATRIUMH\u00dcALURONAAT, CI 77007, H\u00dcDROKS\u00dcPROP\u00dc\u00dcLMET\u00dc\u00dcLTSELLULOOS, RETINY\u00dcLPALMITAAT, TOKOFER\u00dc\u00dcLATSETAAT<br \/>\n(SISALDAB A-VITAMIINI. ENNE KASUTAMIST ARVESTAGE OMA P\u00c4EVASELT TARBITAVAT KOGUST.)<\/li>\n<\/ul><\/div>\n<\/div>","protected":false},"excerpt":{"rendered":"<p>Niisutav n\u00e4omask vitamiinigraanulitega, sobib k\u00f5ikidele nahat\u00fc\u00fcpidele.<\/p>","protected":false},"featured_media":7660,"template":"","meta":[],"product_brand":[66],"product_cat":[72],"product_tag":[],"class_list":{"0":"post-7778","1":"product","2":"type-product","3":"status-publish","4":"has-post-thumbnail","6":"product_brand-juliette-armand","7":"product_cat-masks","9":"first","10":"instock","11":"sale","12":"taxable","13":"shipping-taxable","14":"purchasable","15":"product-type-simple"},"_links":{"self":[{"href":"https:\/\/profskin.ee\/et\/wp-json\/wp\/v2\/product\/7778","targetHints":{"allow":["GET"]}}],"collection":[{"href":"https:\/\/profskin.ee\/et\/wp-json\/wp\/v2\/product"}],"about":[{"href":"https:\/\/profskin.ee\/et\/wp-json\/wp\/v2\/types\/product"}],"wp:featuredmedia":[{"embeddable":true,"href":"https:\/\/profskin.ee\/et\/wp-json\/wp\/v2\/media\/7660"}],"wp:attachment":[{"href":"https:\/\/profskin.ee\/et\/wp-json\/wp\/v2\/media?parent=7778"}],"wp:term":[{"taxonomy":"product_brand","embeddable":true,"href":"https:\/\/profskin.ee\/et\/wp-json\/wp\/v2\/product_brand?post=7778"},{"taxonomy":"product_cat","embeddable":true,"href":"https:\/\/profskin.ee\/et\/wp-json\/wp\/v2\/product_cat?post=7778"},{"taxonomy":"product_tag","embeddable":true,"href":"https:\/\/profskin.ee\/et\/wp-json\/wp\/v2\/product_tag?post=7778"}],"curies":[{"name":"t\u00f6\u00f6leht","href":"https:\/\/api.w.org\/{rel}","templated":true}]}}