{"id":7779,"date":"2025-07-03T21:22:54","date_gmt":"2025-07-03T21:22:54","guid":{"rendered":"https:\/\/profskin.ee\/?post_type=product&#038;p=7779"},"modified":"2026-03-18T15:34:28","modified_gmt":"2026-03-18T15:34:28","slug":"vitality-mask","status":"publish","type":"product","link":"https:\/\/profskin.ee\/et\/toode\/vitality-mask\/","title":{"rendered":"Elut\u00e4htsa maski"},"content":{"rendered":"<h6>Noorendav n\u00e4okreemmask, mida saab peale j\u00e4tta, sobib k\u00f5ikidele nahat\u00fc\u00fcpidele.<\/h6>\n<p>See niisutab, uuendab ja tugevdab naha tekstuuri.<\/p>\n<div class=\"em-row\">\n<div class=\"em-lg-4 em-col\">\n<h6 class=\"em-font-medium\" style=\"margin-top: 1.2rem; margin-bottom: 1.2rem;\">Sobib<\/h6>\n<ul>\n<li>Niisutus, lifting, kaitse, noorendamine, uuendamine.<\/li>\n<li>Kombineeritud, kuiv, normaalne, rasune nahk.<\/li>\n<li>K\u00f5ikidele nahat\u00fc\u00fcpidele (sega, kuiv, normaalne, rasune).<\/li>\n<\/ul>\n<h6 class=\"em-font-medium\" style=\"margin-top: 1.2rem; margin-bottom: 1.2rem;\">Kuidas kasutada<\/h6>\n<ul>\n<li>Kanna peale, lase kreemina kuivada ja \u00e4ra eemalda. Seda saab kasutada ka \u00f6\u00f6kreemina.<\/li>\n<\/ul><\/div>\n<div class=\"em-lg-4 em-col\">\n<h6 class=\"em-font-medium\" style=\"margin-top: 1.2rem; margin-bottom: 1.2rem;\">Toimeained ja koostisosad<\/h6>\n<ul>\n<li><strong>Avokaado\u00f5li<\/strong><\/li>\n<li><strong>Multi-B-kompleks (B1<\/strong><\/li>\n<li><strong>B2<\/strong><\/li>\n<li><strong>B3<\/strong><\/li>\n<li><strong>B5<\/strong><\/li>\n<li><strong>\u03926<\/strong><\/li>\n<li><strong>B12)<\/strong><\/li>\n<li><strong>Phytodermina Lifting<\/strong><\/li>\n<li><strong>Spirulina ekstrakt<\/strong><\/li>\n<li><strong>Vitamiinide kompleks ECF<\/strong><\/li>\n<li><strong>Muud<\/strong>KOOSTISOSAD: VESI, BUT\u00dcLEENGL\u00dcKOOL, C12-20 HAPPE PEG-8 ESTER, GL\u00dcTSER\u00dc\u00dcLSTEARAAT, POL\u00dcISOPREEN, PERSEA GRATISSIMA \u00d5LI, PEG-100 STEARAT, H\u00dcDROKS\u00dcPROP\u00dc\u00dcLTS\u00dcKLODEKSTRIIN, FENOKS\u00dcETANOOL, NAATRIUMPOL\u00dcAKR\u00dcLAAT, CARTHAMUS TINCTORIUS SEEMNE\u00d5LI, KAPRU\u00dcL\u00dc\u00dcLGL\u00dcKOOL, H\u00dcDROGEENITUD POL\u00dcDETSEEN, PARF\u00dc\u00dcM, ET\u00dc\u00dcLHEKS\u00dc\u00dcLGL\u00dcTSERIIN, P\u00c4RMIEKSTRAKT, PRUNUSAMYGDALUS DULCIS \u00d5LI, PENT\u00dcLEENGL\u00dcKOOL, TOKOFER\u00dc\u00dcLATSETAAT, PEG-8, TOKOFEROOOL, TRIDETSET-6, ASKORB\u00dc\u00dcLPALMITAAT, LINOLEINHAPE, SPIRULINA PLATENSIS PULBER, ASKORBIINHAPPE, SIDRUNHAPE<\/li>\n<\/ul><\/div>\n<\/div>","protected":false},"excerpt":{"rendered":"<p>Noorendav n\u00e4okreemmask, mida saab peale j\u00e4tta, sobib k\u00f5ikidele nahat\u00fc\u00fcpidele.<\/p>","protected":false},"featured_media":7659,"template":"","meta":[],"product_brand":[66],"product_cat":[72],"product_tag":[],"class_list":{"0":"post-7779","1":"product","2":"type-product","3":"status-publish","4":"has-post-thumbnail","6":"product_brand-juliette-armand","7":"product_cat-masks","9":"first","10":"instock","11":"sale","12":"taxable","13":"shipping-taxable","14":"purchasable","15":"product-type-simple"},"_links":{"self":[{"href":"https:\/\/profskin.ee\/et\/wp-json\/wp\/v2\/product\/7779","targetHints":{"allow":["GET"]}}],"collection":[{"href":"https:\/\/profskin.ee\/et\/wp-json\/wp\/v2\/product"}],"about":[{"href":"https:\/\/profskin.ee\/et\/wp-json\/wp\/v2\/types\/product"}],"wp:featuredmedia":[{"embeddable":true,"href":"https:\/\/profskin.ee\/et\/wp-json\/wp\/v2\/media\/7659"}],"wp:attachment":[{"href":"https:\/\/profskin.ee\/et\/wp-json\/wp\/v2\/media?parent=7779"}],"wp:term":[{"taxonomy":"product_brand","embeddable":true,"href":"https:\/\/profskin.ee\/et\/wp-json\/wp\/v2\/product_brand?post=7779"},{"taxonomy":"product_cat","embeddable":true,"href":"https:\/\/profskin.ee\/et\/wp-json\/wp\/v2\/product_cat?post=7779"},{"taxonomy":"product_tag","embeddable":true,"href":"https:\/\/profskin.ee\/et\/wp-json\/wp\/v2\/product_tag?post=7779"}],"curies":[{"name":"t\u00f6\u00f6leht","href":"https:\/\/api.w.org\/{rel}","templated":true}]}}