{"id":7784,"date":"2025-07-03T21:22:55","date_gmt":"2025-07-03T21:22:55","guid":{"rendered":"https:\/\/profskin.ee\/?post_type=product&#038;p=7784"},"modified":"2026-03-18T15:22:30","modified_gmt":"2026-03-18T15:22:30","slug":"lifting-mask","status":"publish","type":"product","link":"https:\/\/profskin.ee\/et\/toode\/lifting-mask\/","title":{"rendered":"T\u00f5stmise mask"},"content":{"rendered":"<h6>Intensiivselt pinguldav n\u00e4o- ja kaelamask k\u00f5ikidele nahat\u00fc\u00fcpidele.<\/h6>\n<p>See pinguldab nahka ja parandab selle tekstuuri, muutes naha &quot;t\u00f5stetud&quot; tundeks.<\/p>\n<div class=\"em-row\">\n<div class=\"em-lg-4 em-col\">\n<h6 class=\"em-font-medium\" style=\"margin-top: 1.2rem; margin-bottom: 1.2rem;\">Sobib<\/h6>\n<ul>\n<li>Vananemisvastane, lifting, regenereerimine, kortsudevastane.<\/li>\n<li>Kombineeritud, kuiv, normaalne, rasune nahk.<\/li>\n<li>K\u00f5ikidele nahat\u00fc\u00fcpidele (sega, kuiv, normaalne, rasune).<\/li>\n<\/ul>\n<h6 class=\"em-font-medium\" style=\"margin-top: 1.2rem; margin-bottom: 1.2rem;\">Kuidas kasutada<\/h6>\n<ul>\n<li>Kandke paks kiht, laske kuivada ja eemaldage veega.<\/li>\n<\/ul><\/div>\n<div class=\"em-lg-4 em-col\">\n<h6 class=\"em-font-medium\" style=\"margin-top: 1.2rem; margin-bottom: 1.2rem;\">Toimeained ja koostisosad<\/h6>\n<ul>\n<li><strong>Allantoiin<\/strong><\/li>\n<li><strong>Argile<\/strong><\/li>\n<li><strong>Drieliin<\/strong><\/li>\n<li><strong>Liftessence<\/strong><\/li>\n<li><strong>Matrixyl 3000<\/strong><\/li>\n<li><strong>Mentool<\/strong><\/li>\n<li><strong>Punane savi<\/strong><\/li>\n<li><strong>A-vitamiin (retin\u00fc\u00fclpalmitaat)<\/strong><\/li>\n<li><strong>E-vitamiin<\/strong><\/li>\n<li><strong>Muud<\/strong>KOOSTISOSAD: VESI, KAOLIN, MAGNEESIUMALUMIINIUMSILIKAAT, TITAANDIOKSIID, GL\u00dcTSERIIN, ILLIIT, POL\u00dcSORBAAT 80, KSANTAANKUMM, FENOKS\u00dcETANOOL, BUT\u00dcLEENGL\u00dcKOOL, H\u00dcDROGEENITUD T\u00c4RKLISE H\u00dcDROL\u00dcSAAT, KAPRU\u00dcL\u00dc\u00dcLGL\u00dcKOOL, ET\u00dc\u00dcLHEKS\u00dc\u00dcLGL\u00dcTSERIIN, PARF\u00dc\u00dcM, KUMMIINI LEHE EKSTRAKT, ALLANTOIN, DINAATRIUM EDTA, TOKOFER\u00dc\u00dcLATSETAAT, TSET\u00dc\u00dcLATSETAAT, RETINY\u00dcLPALMITAAT, MENTOOL, SOJA\u00d5LI, OLEI\u00dcLATSETAAT, STEARY\u00dcLATSETAAT, KARBOMEER, NAATRIUMLAKTAAT, POL\u00dcSORBAAT 20, KANEELHAPE, GL\u00dcTSER\u00dc\u00dcLKAPRULAAT, LEVULIINHAPPE, KAALIUMSORBAAT, FEKSI EKSTRAKT, NAATRIUMFOSFAAT ATSET\u00dcLEERITUD LANOLIINALKOHOL, NAATRIUMLEVULINAAT, PALMITO\u00dc\u00dcLTRIPEPTIID-1, PALMITO\u00dc\u00dcLTETRAPEPTIID-7<\/li>\n<\/ul><\/div>\n<\/div>","protected":false},"excerpt":{"rendered":"<p>Intensiivselt pinguldav n\u00e4o- ja kaelamask k\u00f5ikidele nahat\u00fc\u00fcpidele.<\/p>","protected":false},"featured_media":7654,"template":"","meta":[],"product_brand":[66],"product_cat":[72],"product_tag":[],"class_list":{"0":"post-7784","1":"product","2":"type-product","3":"status-publish","4":"has-post-thumbnail","6":"product_brand-juliette-armand","7":"product_cat-masks","9":"first","10":"instock","11":"sale","12":"taxable","13":"shipping-taxable","14":"purchasable","15":"product-type-simple"},"_links":{"self":[{"href":"https:\/\/profskin.ee\/et\/wp-json\/wp\/v2\/product\/7784","targetHints":{"allow":["GET"]}}],"collection":[{"href":"https:\/\/profskin.ee\/et\/wp-json\/wp\/v2\/product"}],"about":[{"href":"https:\/\/profskin.ee\/et\/wp-json\/wp\/v2\/types\/product"}],"wp:featuredmedia":[{"embeddable":true,"href":"https:\/\/profskin.ee\/et\/wp-json\/wp\/v2\/media\/7654"}],"wp:attachment":[{"href":"https:\/\/profskin.ee\/et\/wp-json\/wp\/v2\/media?parent=7784"}],"wp:term":[{"taxonomy":"product_brand","embeddable":true,"href":"https:\/\/profskin.ee\/et\/wp-json\/wp\/v2\/product_brand?post=7784"},{"taxonomy":"product_cat","embeddable":true,"href":"https:\/\/profskin.ee\/et\/wp-json\/wp\/v2\/product_cat?post=7784"},{"taxonomy":"product_tag","embeddable":true,"href":"https:\/\/profskin.ee\/et\/wp-json\/wp\/v2\/product_tag?post=7784"}],"curies":[{"name":"t\u00f6\u00f6leht","href":"https:\/\/api.w.org\/{rel}","templated":true}]}}