{"id":7785,"date":"2025-07-03T21:22:55","date_gmt":"2025-07-03T21:22:55","guid":{"rendered":"https:\/\/profskin.ee\/?post_type=product&#038;p=7785"},"modified":"2026-03-18T15:22:30","modified_gmt":"2026-03-18T15:22:30","slug":"chocolate-sensi-mask","status":"publish","type":"product","link":"https:\/\/profskin.ee\/et\/toode\/chocolate-sensi-mask\/","title":{"rendered":"\u0160okolaadi Sensi mask"},"content":{"rendered":"<h6>N\u00e4o noorendav ja heaolutoitev mask v\u00e4sinud, tuhmi ja tundliku naha jaoks.<\/h6>\n<p>See leevendab \u00e4rritusi ning j\u00e4tab naha v\u00e4rskeks ja noorendatuks.<\/p>\n<div class=\"em-row\">\n<div class=\"em-lg-4 em-col\">\n<h6 class=\"em-font-medium\" style=\"margin-top: 1.2rem; margin-bottom: 1.2rem;\">Sobib<\/h6>\n<ul>\n<li>Niisutus, kaitse, tundlikkus, rahustamine.<\/li>\n<li>Kombineeritud, kuiv, normaalne nahk.<\/li>\n<li>K\u00f5ikidele nahat\u00fc\u00fcpidele (sega, kuiv, normaalne, rasune).<\/li>\n<\/ul>\n<h6 class=\"em-font-medium\" style=\"margin-top: 1.2rem; margin-bottom: 1.2rem;\">Kuidas kasutada<\/h6>\n<ul>\n<li>Kandke paks kiht, laske kuivada ja eemaldage veega.<\/li>\n<\/ul><\/div>\n<div class=\"em-lg-4 em-col\">\n<h6 class=\"em-font-medium\" style=\"margin-top: 1.2rem; margin-bottom: 1.2rem;\">Toimeained ja koostisosad<\/h6>\n<ul>\n<li><strong>Allantoiin<\/strong><\/li>\n<li><strong>\u0160okolaad<\/strong><\/li>\n<li><strong>Monoi de Tahiti<\/strong><\/li>\n<li><strong>Veneetsia<\/strong><\/li>\n<li><strong>A-vitamiin (retin\u00fc\u00fclpalmitaat)<\/strong><\/li>\n<li><strong>E-vitamiin<\/strong><\/li>\n<li><strong>Muud<\/strong>KOOSTISOSAD: VESI, THEOBROMA CACAO SEEMNEV\u00d5I, C12-20 HAPPE PEG-8 ESTER, KARAMELL, COCOS NUCIFERA \u00d5LI, TSET\u00dc\u00dcLALKOHOL, FENOKS\u00dcETANOOL, AKR\u00dcLAADID\/C10-30 ALK\u00dc\u00dcLAKR\u00dcLAADI RISTPOL\u00dcMEER, KAPR\u00dc\u00dcL\/KAPRIINTRIGL\u00dcTSERIID, KSANTAANKUMM, KAPRO\u00dc\u00dcLGL\u00dcKOOL, ET\u00dc\u00dcLHEKS\u00dc\u00dcLGL\u00dcTSERIIN, TOKOFEROOLATSETAAT, RETINY\u00dcLPALMITAAT, KAALIUMH\u00dcDROKSIID, GL\u00dcTSIINISOA\u00d5LI, ALLANTOIIN, DINAATRIUMEDTA, THERMUS THERMOPHILLUS FERMENT, GARDENIA TAHITENSIS \u00d5IE EKSTRAKT, TOKOFEROOL, GL\u00dcTSERIIN<\/li>\n<\/ul><\/div>\n<\/div>","protected":false},"excerpt":{"rendered":"<p>N\u00e4o noorendav ja heaolutoitev mask v\u00e4sinud, tuhmi ja tundliku naha jaoks.<\/p>","protected":false},"featured_media":7653,"template":"","meta":[],"product_brand":[66],"product_cat":[72],"product_tag":[],"class_list":{"0":"post-7785","1":"product","2":"type-product","3":"status-publish","4":"has-post-thumbnail","6":"product_brand-juliette-armand","7":"product_cat-masks","9":"first","10":"instock","11":"sale","12":"taxable","13":"shipping-taxable","14":"purchasable","15":"product-type-simple"},"_links":{"self":[{"href":"https:\/\/profskin.ee\/et\/wp-json\/wp\/v2\/product\/7785","targetHints":{"allow":["GET"]}}],"collection":[{"href":"https:\/\/profskin.ee\/et\/wp-json\/wp\/v2\/product"}],"about":[{"href":"https:\/\/profskin.ee\/et\/wp-json\/wp\/v2\/types\/product"}],"wp:featuredmedia":[{"embeddable":true,"href":"https:\/\/profskin.ee\/et\/wp-json\/wp\/v2\/media\/7653"}],"wp:attachment":[{"href":"https:\/\/profskin.ee\/et\/wp-json\/wp\/v2\/media?parent=7785"}],"wp:term":[{"taxonomy":"product_brand","embeddable":true,"href":"https:\/\/profskin.ee\/et\/wp-json\/wp\/v2\/product_brand?post=7785"},{"taxonomy":"product_cat","embeddable":true,"href":"https:\/\/profskin.ee\/et\/wp-json\/wp\/v2\/product_cat?post=7785"},{"taxonomy":"product_tag","embeddable":true,"href":"https:\/\/profskin.ee\/et\/wp-json\/wp\/v2\/product_tag?post=7785"}],"curies":[{"name":"t\u00f6\u00f6leht","href":"https:\/\/api.w.org\/{rel}","templated":true}]}}