{"id":7786,"date":"2025-07-03T21:22:55","date_gmt":"2025-07-03T21:22:55","guid":{"rendered":"https:\/\/profskin.ee\/?post_type=product&#038;p=7786"},"modified":"2026-03-18T15:22:30","modified_gmt":"2026-03-18T15:22:30","slug":"azulene-calming-mask","status":"publish","type":"product","link":"https:\/\/profskin.ee\/et\/toode\/azulene-calming-mask\/","title":{"rendered":"Azuleeni rahustav mask"},"content":{"rendered":"<h6>Niisutav ja rahustav n\u00e4omask k\u00f5ikidele nahat\u00fc\u00fcpidele.<\/h6>\n<p>See niisutab ja rahustab nahka \u00e4rrituste eest. Ideaalne tundlikule ja \u00e4rritunud nahale.<\/p>\n<div class=\"em-row\">\n<div class=\"em-lg-4 em-col\">\n<h6 class=\"em-font-medium\" style=\"margin-top: 1.2rem; margin-bottom: 1.2rem;\">Sobib<\/h6>\n<ul>\n<li>Niisutus, tundlikkus, rahustamine.<\/li>\n<li>Kombineeritud, kuiv, normaalne, rasune nahk.<\/li>\n<li>K\u00f5ikidele nahat\u00fc\u00fcpidele (sega, kuiv, normaalne, rasune).<\/li>\n<\/ul>\n<h6 class=\"em-font-medium\" style=\"margin-top: 1.2rem; margin-bottom: 1.2rem;\">Kuidas kasutada<\/h6>\n<ul>\n<li>Kandke paks kiht, laske kuivada ja eemaldage veega.<\/li>\n<\/ul><\/div>\n<div class=\"em-lg-4 em-col\">\n<h6 class=\"em-font-medium\" style=\"margin-top: 1.2rem; margin-bottom: 1.2rem;\">Toimeained ja koostisosad<\/h6>\n<ul>\n<li><strong>A-bisabolool<\/strong><\/li>\n<li><strong>Allantoiin<\/strong><\/li>\n<li><strong>Aloe vera<\/strong><\/li>\n<li><strong>Azuleen<\/strong><\/li>\n<li><strong>Kalmosensiin<\/strong><\/li>\n<li><strong>Kaoliin<\/strong><\/li>\n<li><strong>Pantenool<\/strong><\/li>\n<li><strong>Muud<\/strong>KOOSTIS: VESI, KAOLIN, AALOE BARBADENSIS&#039;E LEHE EKSTRAKT, C12-20 HAPPE PEG-8 ESTER, MAGNEESIUMALUMIINSILIKAAT, ISODETS\u00dc\u00dcLLAURAAT, TITAANDIOKSIID, BUT\u00dcLEENGL\u00dcKOOL, TSET\u00dc\u00dcLALKOHOL, PANTENOOL, POL\u00dcSORBAAT 80, BISABOLOOL, PARF\u00dc\u00dcM, KSANTAANKUMM, FENOKS\u00dcETANOOL, KAPRYL\u00dc\u00dcLGL\u00dcKOOL, ALLANTOIIN, ET\u00dc\u00dcLHEKS\u00dc\u00dcLGL\u00dcTSERIIN, DINAATRIUM EDTA, LAURETH-3, TSET\u00dc\u00dcLATSETAAT, H\u00dcDROKS\u00dcET\u00dc\u00dcLTSELLULOOS, OLE\u00dc\u00dcLATSETAAT, STEARY\u00dcLATSETAAT, ATSET\u00dc\u00dcLDIPEPTIID-1 TSET\u00dc\u00dcLESTER, GUAIASULEEN, ATSET\u00dcLEERITUD LANOLIINALKOHOL, CI 42051<\/li>\n<\/ul><\/div>\n<\/div>","protected":false},"excerpt":{"rendered":"<p>Niisutav ja rahustav n\u00e4omask k\u00f5ikidele nahat\u00fc\u00fcpidele.<\/p>","protected":false},"featured_media":7652,"template":"","meta":[],"product_brand":[66],"product_cat":[72],"product_tag":[],"class_list":{"0":"post-7786","1":"product","2":"type-product","3":"status-publish","4":"has-post-thumbnail","6":"product_brand-juliette-armand","7":"product_cat-masks","9":"first","10":"instock","11":"sale","12":"taxable","13":"shipping-taxable","14":"purchasable","15":"product-type-simple"},"_links":{"self":[{"href":"https:\/\/profskin.ee\/et\/wp-json\/wp\/v2\/product\/7786","targetHints":{"allow":["GET"]}}],"collection":[{"href":"https:\/\/profskin.ee\/et\/wp-json\/wp\/v2\/product"}],"about":[{"href":"https:\/\/profskin.ee\/et\/wp-json\/wp\/v2\/types\/product"}],"wp:featuredmedia":[{"embeddable":true,"href":"https:\/\/profskin.ee\/et\/wp-json\/wp\/v2\/media\/7652"}],"wp:attachment":[{"href":"https:\/\/profskin.ee\/et\/wp-json\/wp\/v2\/media?parent=7786"}],"wp:term":[{"taxonomy":"product_brand","embeddable":true,"href":"https:\/\/profskin.ee\/et\/wp-json\/wp\/v2\/product_brand?post=7786"},{"taxonomy":"product_cat","embeddable":true,"href":"https:\/\/profskin.ee\/et\/wp-json\/wp\/v2\/product_cat?post=7786"},{"taxonomy":"product_tag","embeddable":true,"href":"https:\/\/profskin.ee\/et\/wp-json\/wp\/v2\/product_tag?post=7786"}],"curies":[{"name":"t\u00f6\u00f6leht","href":"https:\/\/api.w.org\/{rel}","templated":true}]}}