{"id":7787,"date":"2025-07-03T21:22:55","date_gmt":"2025-07-03T21:22:55","guid":{"rendered":"https:\/\/profskin.ee\/?post_type=product&#038;p=7787"},"modified":"2026-03-18T15:22:30","modified_gmt":"2026-03-18T15:22:30","slug":"chlorophyll-firming-mask","status":"publish","type":"product","link":"https:\/\/profskin.ee\/et\/toode\/chlorophyll-firming-mask\/","title":{"rendered":"Klorof\u00fclli pinguldav mask"},"content":{"rendered":"<h6>Pinguldav ja puhastav n\u00e4o- ja dekolteemask kombineeritud ja rasusele nahale.<\/h6>\n<p>See v\u00e4rskendab, avab ummistunud poore, v\u00e4hendab liigset rasueritust ja tugevdab tekstuuri.<\/p>\n<div class=\"em-row\">\n<div class=\"em-lg-4 em-col\">\n<h6 class=\"em-font-medium\" style=\"margin-top: 1.2rem; margin-bottom: 1.2rem;\">Sobib<\/h6>\n<ul>\n<li>T\u00f5stmine, rasueritus.<\/li>\n<li>Segat\u00fc\u00fcpi, rasune nahk.<\/li>\n<li>K\u00f5ikidele nahat\u00fc\u00fcpidele (sega, kuiv, normaalne, rasune).<\/li>\n<\/ul>\n<h6 class=\"em-font-medium\" style=\"margin-top: 1.2rem; margin-bottom: 1.2rem;\">Kuidas kasutada<\/h6>\n<ul>\n<li>Kandke peale, laske kuivada ja eemaldage veega.<\/li>\n<\/ul><\/div>\n<div class=\"em-lg-4 em-col\">\n<h6 class=\"em-font-medium\" style=\"margin-top: 1.2rem; margin-bottom: 1.2rem;\">Toimeained ja koostisosad<\/h6>\n<ul>\n<li><strong>Allantoiin<\/strong><\/li>\n<li><strong>Centella ekstrakt<\/strong><\/li>\n<li><strong>Klorof\u00fcll<\/strong><\/li>\n<li><strong>Hamamelis ekstrakt<\/strong><\/li>\n<li><strong>Kaoliin<\/strong><\/li>\n<li><strong>Pantenool<\/strong><\/li>\n<li><strong>A-vitamiin (retin\u00fc\u00fclpalmitaat)<\/strong><\/li>\n<li><strong>Muud<\/strong>KOOSTISOSAD: VESI, KAOLIN, C12-20 HAPPE PEG-8 ESTER, MAGNEESIUMALUMIINIUMSILIKAAT, TITAANDIOKSIID, ISOPROP\u00dc\u00dcLM\u00dcRISTAAT, LANOLIN, HAMAMELIS VIRGINIANA LEHEVESI, PANTENOOL, POL\u00dcSORBAAT 80, FENOKS\u00dcETANOOL, PARF\u00dc\u00dcM, KSANTAANKUMM, KAPRYL\u00dc\u00dcLGL\u00dcKOOL, ET\u00dc\u00dcLHEKS\u00dc\u00dcLGL\u00dcTSERIIN, ALLANTOIIIN, POL\u00dcAKR\u00dc\u00dcLAMIID, RETINY\u00dcLPALMITAAT, BUT\u00dcLEENGL\u00dcKOOL, C13-14 ISOPARAFIIN, DINAATRIUM EDTA, CENTELLA ASIATICA LEHE EKSTRAKT, TSET\u00dc\u00dcLATSETAAT, KLOROF\u00dcLLIINI VASKKOMPLEKS, PEG-8, LAURETH-7, TOKOFEROOLI, ATS\u00dc\u00dcLITUD LANOLIINALKOHOL, ASKORB\u00dc\u00dcLPALMITAAT, ASKORBIINHAPPE, SIDRUNHAPE (SISALDAB A-VITAMIIN. ENNE KASUTAMIST ARVESTAGE OMA P\u00c4EVASELT TARBITAVAT KOGUST.)<\/li>\n<\/ul><\/div>\n<\/div>","protected":false},"excerpt":{"rendered":"<p>Pinguldav ja puhastav n\u00e4o- ja dekolteemask kombineeritud ja rasusele nahale.<\/p>","protected":false},"featured_media":7651,"template":"","meta":[],"product_brand":[66],"product_cat":[72],"product_tag":[],"class_list":{"0":"post-7787","1":"product","2":"type-product","3":"status-publish","4":"has-post-thumbnail","6":"product_brand-juliette-armand","7":"product_cat-masks","9":"first","10":"instock","11":"sale","12":"taxable","13":"shipping-taxable","14":"purchasable","15":"product-type-simple"},"_links":{"self":[{"href":"https:\/\/profskin.ee\/et\/wp-json\/wp\/v2\/product\/7787","targetHints":{"allow":["GET"]}}],"collection":[{"href":"https:\/\/profskin.ee\/et\/wp-json\/wp\/v2\/product"}],"about":[{"href":"https:\/\/profskin.ee\/et\/wp-json\/wp\/v2\/types\/product"}],"wp:featuredmedia":[{"embeddable":true,"href":"https:\/\/profskin.ee\/et\/wp-json\/wp\/v2\/media\/7651"}],"wp:attachment":[{"href":"https:\/\/profskin.ee\/et\/wp-json\/wp\/v2\/media?parent=7787"}],"wp:term":[{"taxonomy":"product_brand","embeddable":true,"href":"https:\/\/profskin.ee\/et\/wp-json\/wp\/v2\/product_brand?post=7787"},{"taxonomy":"product_cat","embeddable":true,"href":"https:\/\/profskin.ee\/et\/wp-json\/wp\/v2\/product_cat?post=7787"},{"taxonomy":"product_tag","embeddable":true,"href":"https:\/\/profskin.ee\/et\/wp-json\/wp\/v2\/product_tag?post=7787"}],"curies":[{"name":"t\u00f6\u00f6leht","href":"https:\/\/api.w.org\/{rel}","templated":true}]}}