{"id":7788,"date":"2025-07-03T21:22:55","date_gmt":"2025-07-03T21:22:55","guid":{"rendered":"https:\/\/profskin.ee\/?post_type=product&#038;p=7788"},"modified":"2026-03-18T15:22:30","modified_gmt":"2026-03-18T15:22:30","slug":"eye-shine-mask","status":"publish","type":"product","link":"https:\/\/profskin.ee\/et\/toode\/eye-shine-mask\/","title":{"rendered":"Silmade s\u00e4ra mask"},"content":{"rendered":"<h6>Mitmetoimeline mask, mis on spetsiaalselt loodud silma\u00fcmbruse nahale.<\/h6>\n<p>See niisutab, elustab, stimuleerib ja heledab jumet. See parandab naha v\u00e4limust, v\u00e4hendades tumedaid ringe ja paistes silmaaluseid. See v\u00e4hendab kortsude n\u00e4htavust.<\/p>\n<div class=\"em-row\">\n<div class=\"em-lg-4 em-col\">\n<h6 class=\"em-font-medium\" style=\"margin-top: 1.2rem; margin-bottom: 1.2rem;\">Sobib<\/h6>\n<ul>\n<li>Silma\u00fcmbruse hooldus, peened jooned, s\u00e4ra, niisutus, lifting, kortsud.<\/li>\n<li>Kombineeritud, kuiv, normaalne, rasune nahk.<\/li>\n<li>K\u00f5ikidele nahat\u00fc\u00fcpidele (sega, kuiv, normaalne, rasune).<\/li>\n<\/ul>\n<h6 class=\"em-font-medium\" style=\"margin-top: 1.2rem; margin-bottom: 1.2rem;\">Kuidas kasutada<\/h6>\n<ul>\n<li>Kanna paks kiht silmade \u00fcmbrusele (mitte silmalaugudele), lase kuivada ja loputa veega.<\/li>\n<\/ul><\/div>\n<div class=\"em-lg-4 em-col\">\n<h6 class=\"em-font-medium\" style=\"margin-top: 1.2rem; margin-bottom: 1.2rem;\">Toimeained ja koostisosad<\/h6>\n<ul>\n<li><strong>Silmapiir<\/strong><\/li>\n<li><strong>Kaoliin<\/strong><\/li>\n<li><strong>Merekollageen<\/strong><\/li>\n<li><strong>Matrixyl<\/strong><\/li>\n<li><strong>Muud<\/strong>KOOSTIS: VESI, KAOLIN, GL\u00dcTSER\u00dc\u00dcLSTEARAAT, TSETEAR\u00dc\u00dcLISONONANOAATT, TSETEAR\u00dc\u00dcLALKOHOL, BUT\u00dcLEENGL\u00dcKOOL, GL\u00dcTSERIIN, TSETEARET-20, TSETEARET-12, TSET\u00dc\u00dcLPALMITAAT, TSET\u00dc\u00dcLALKOHOL, FENOKS\u00dcETANOOL, POL\u00dcAKR\u00dc\u00dcLAMIID, KAPRYL\u00dc\u00dcLGL\u00dcKOOL, C13-14 ISOPARAFIIN, ET\u00dc\u00dcLHEKS\u00dc\u00dcLGL\u00dcTSERIIN, LAURETH-7, DINAATRIUM EDTA, H\u00dcDROL\u00dc\u00dcSITUD KOLLAGEEN, GL\u00dcTSER\u00dc\u00dcLAKR\u00dcLAADI\/AKR\u00dc\u00dcLHAPPE KOPOL\u00dcMEER, PVM\/MA KOPOL\u00dcMEER, PARF\u00dcM, KARBOMEER, POL\u00dcSORBAAT 20, H\u00dcDROL\u00dc\u00dcSITUD P\u00c4RMIEKSTRAKT, GL\u00dcKOLIPIIDID, PALMITOO\u00dcLPENTAPEPTIID-4<\/li>\n<\/ul><\/div>\n<\/div>","protected":false},"excerpt":{"rendered":"<p>Mitmetoimeline mask, mis on spetsiaalselt loodud silma\u00fcmbruse nahale.<\/p>","protected":false},"featured_media":7650,"template":"","meta":[],"product_brand":[66],"product_cat":[72],"product_tag":[],"class_list":{"0":"post-7788","1":"product","2":"type-product","3":"status-publish","4":"has-post-thumbnail","6":"product_brand-juliette-armand","7":"product_cat-masks","9":"first","10":"instock","11":"sale","12":"taxable","13":"shipping-taxable","14":"purchasable","15":"product-type-simple"},"_links":{"self":[{"href":"https:\/\/profskin.ee\/et\/wp-json\/wp\/v2\/product\/7788","targetHints":{"allow":["GET"]}}],"collection":[{"href":"https:\/\/profskin.ee\/et\/wp-json\/wp\/v2\/product"}],"about":[{"href":"https:\/\/profskin.ee\/et\/wp-json\/wp\/v2\/types\/product"}],"wp:featuredmedia":[{"embeddable":true,"href":"https:\/\/profskin.ee\/et\/wp-json\/wp\/v2\/media\/7650"}],"wp:attachment":[{"href":"https:\/\/profskin.ee\/et\/wp-json\/wp\/v2\/media?parent=7788"}],"wp:term":[{"taxonomy":"product_brand","embeddable":true,"href":"https:\/\/profskin.ee\/et\/wp-json\/wp\/v2\/product_brand?post=7788"},{"taxonomy":"product_cat","embeddable":true,"href":"https:\/\/profskin.ee\/et\/wp-json\/wp\/v2\/product_cat?post=7788"},{"taxonomy":"product_tag","embeddable":true,"href":"https:\/\/profskin.ee\/et\/wp-json\/wp\/v2\/product_tag?post=7788"}],"curies":[{"name":"t\u00f6\u00f6leht","href":"https:\/\/api.w.org\/{rel}","templated":true}]}}