{"id":7789,"date":"2025-07-03T21:22:55","date_gmt":"2025-07-03T21:22:55","guid":{"rendered":"https:\/\/profskin.ee\/?post_type=product&#038;p=7789"},"modified":"2026-03-18T15:22:30","modified_gmt":"2026-03-18T15:22:30","slug":"caviar-nourishing-mask","status":"publish","type":"product","link":"https:\/\/profskin.ee\/et\/toode\/caviar-nourishing-mask\/","title":{"rendered":"Kaaviari toitev mask"},"content":{"rendered":"<h6>N\u00e4omask kaaviariga, mis on tugevdatud Omega 3-6-9 rasvhapete, E-, F- ja C-vitamiinide ning gl\u00fckoolhappega ning sobib k\u00fcpsele, v\u00e4sinud ja tuhmile nahale.<\/h6>\n<p>See v\u00e4rskendab, toidab ja parandab kortsude ja v\u00e4simusm\u00e4rkidega naha v\u00e4limust. Samuti tugevdab see naha sidusust, j\u00e4ttes naha s\u00e4ravaks ja v\u00e4rskeks.<\/p>\n<div class=\"em-row\">\n<div class=\"em-lg-4 em-col\">\n<h6 class=\"em-font-medium\" style=\"margin-top: 1.2rem; margin-bottom: 1.2rem;\">Sobib<\/h6>\n<ul>\n<li>Vananemisvastane, noorendamine, uuendamine.<\/li>\n<li>Kombineeritud, kuiv, k\u00fcps, normaalne, rasune nahk.<\/li>\n<li>K\u00f5ikidele nahat\u00fc\u00fcpidele (sega, kuiv, normaalne, rasune).<\/li>\n<\/ul>\n<h6 class=\"em-font-medium\" style=\"margin-top: 1.2rem; margin-bottom: 1.2rem;\">Kuidas kasutada<\/h6>\n<ul>\n<li>Kanna n\u00e4ole ja kaelale ringjate liigutustega, kuni toitvad \u00f5lid on vabanenud. \u00c4ra eemalda. V\u00f5ib kasutada ka \u00f6\u00f6kreemina.<\/li>\n<\/ul><\/div>\n<div class=\"em-lg-4 em-col\">\n<h6 class=\"em-font-medium\" style=\"margin-top: 1.2rem; margin-bottom: 1.2rem;\">Toimeained ja koostisosad<\/h6>\n<ul>\n<li><strong>Must kaaviar<\/strong><\/li>\n<li><strong>Pehmendavad segu\u00f5lid<\/strong><\/li>\n<li><strong>Gl\u00fctseriin<\/strong><\/li>\n<li><strong>Gl\u00fckoolhape<\/strong><\/li>\n<li><strong>Inkade oomega\u00f5li<\/strong><\/li>\n<li><strong>L\u00f5he munarakk<\/strong><\/li>\n<li><strong>Vitamiinide kompleks ECF<\/strong><\/li>\n<li><strong>F-vitamiin Forte (linoolhape)<\/strong><\/li>\n<li><strong>Linoleenhape)<\/strong><\/li>\n<li><strong>Muud<\/strong>KOOSTISOSAD: VESI, GL\u00dcTSERIIN, DIKAPR\u00dc\u00dcLKARBONAAT, UNDEKAAN, TRIDEKAAN, TSET\u00dc\u00dcLALKOHOL, GL\u00dcTSER\u00dc\u00dcLSTEARAAT, GL\u00dcKOOLHAPE, H\u00dcDROKS\u00dcPROP\u00dc\u00dcLT\u00c4RKLISE FOSFAAT, TSET\u00dc\u00dcLH\u00dcDROKS\u00dcET\u00dc\u00dcLTSELLULOOS, PPG-25-LAUREET-25, PEG-75 STEARAATI, LINOOLEINHAPE, PLUKENETIA VOLUBILIS&#039;E SEEMNE\u00d5LI, FENOKS\u00dcETANOOL, COCOS NUCIFERA \u00d5LI, TSETET-20, ET\u00dc\u00dcLHEKS\u00dc\u00dcLGL\u00dcTSERIIN, PARF\u00dc\u00dcM, KAALIUMH\u00dcDROKSIID, STEARETH-20, CARTHAMUS TINCTORIUS&#039;E SEEMNE\u00d5LI, KAPRYL\u00dc\u00dcLGL\u00dcKOOL, PRUNUSA AMYGDALUS DULCIS&#039;E \u00d5LI, SALMO OVUM EKSTRAKT, TOKOFER\u00dc\u00dcLATSETAAT, ASKORB\u00dc\u00dcL PALMITAAT, KAAVIARI EKSTRAKT, LINOLEENHAPE<\/li>\n<\/ul><\/div>\n<\/div>","protected":false},"excerpt":{"rendered":"<p>N\u00e4omask kaaviariga, mis on tugevdatud Omega 3-6-9 rasvhapete, E-, F- ja C-vitamiinide ning gl\u00fckoolhappega ning sobib k\u00fcpsele, v\u00e4sinud ja tuhmile nahale.<\/p>","protected":false},"featured_media":7649,"template":"","meta":[],"product_brand":[66],"product_cat":[72],"product_tag":[],"class_list":{"0":"post-7789","1":"product","2":"type-product","3":"status-publish","4":"has-post-thumbnail","6":"product_brand-juliette-armand","7":"product_cat-masks","9":"first","10":"outofstock","11":"sale","12":"taxable","13":"shipping-taxable","14":"purchasable","15":"product-type-simple"},"_links":{"self":[{"href":"https:\/\/profskin.ee\/et\/wp-json\/wp\/v2\/product\/7789","targetHints":{"allow":["GET"]}}],"collection":[{"href":"https:\/\/profskin.ee\/et\/wp-json\/wp\/v2\/product"}],"about":[{"href":"https:\/\/profskin.ee\/et\/wp-json\/wp\/v2\/types\/product"}],"wp:featuredmedia":[{"embeddable":true,"href":"https:\/\/profskin.ee\/et\/wp-json\/wp\/v2\/media\/7649"}],"wp:attachment":[{"href":"https:\/\/profskin.ee\/et\/wp-json\/wp\/v2\/media?parent=7789"}],"wp:term":[{"taxonomy":"product_brand","embeddable":true,"href":"https:\/\/profskin.ee\/et\/wp-json\/wp\/v2\/product_brand?post=7789"},{"taxonomy":"product_cat","embeddable":true,"href":"https:\/\/profskin.ee\/et\/wp-json\/wp\/v2\/product_cat?post=7789"},{"taxonomy":"product_tag","embeddable":true,"href":"https:\/\/profskin.ee\/et\/wp-json\/wp\/v2\/product_tag?post=7789"}],"curies":[{"name":"t\u00f6\u00f6leht","href":"https:\/\/api.w.org\/{rel}","templated":true}]}}