{"id":7790,"date":"2025-07-03T21:22:55","date_gmt":"2025-07-03T21:22:55","guid":{"rendered":"https:\/\/profskin.ee\/?post_type=product&#038;p=7790"},"modified":"2026-03-18T15:22:30","modified_gmt":"2026-03-18T15:22:30","slug":"white-argile-mask","status":"publish","type":"product","link":"https:\/\/profskin.ee\/et\/toode\/white-argile-mask\/","title":{"rendered":"Valge Argile mask"},"content":{"rendered":"<h6>Puhastav n\u00e4omask valge saviga v\u00e4rvimuutusega nahale.<\/h6>\n<p>See eemaldab nahalt j\u00e4\u00e4kained ja liigse rasu, mille tulemuseks on \u00fchtlane nahatoon, s\u00e4ra ja s\u00e4ra.<\/p>\n<div class=\"em-row\">\n<div class=\"em-lg-4 em-col\">\n<h6 class=\"em-font-medium\" style=\"margin-top: 1.2rem; margin-bottom: 1.2rem;\">Sobib<\/h6>\n<ul>\n<li>S\u00e4ra, niisutus, pigmentatsioon, tundlikkus, rahustav.<\/li>\n<li>Kombineeritud, kuiv, normaalne, rasune nahk.<\/li>\n<li>K\u00f5ikidele nahat\u00fc\u00fcpidele (sega, kuiv, normaalne, rasune).<\/li>\n<\/ul>\n<h6 class=\"em-font-medium\" style=\"margin-top: 1.2rem; margin-bottom: 1.2rem;\">Kuidas kasutada<\/h6>\n<ul>\n<li>Kandke paks kiht, laske kuivada ja eemaldage veega.<\/li>\n<\/ul><\/div>\n<div class=\"em-lg-4 em-col\">\n<h6 class=\"em-font-medium\" style=\"margin-top: 1.2rem; margin-bottom: 1.2rem;\">Toimeained ja koostisosad<\/h6>\n<ul>\n<li><strong>A-bisabolool<\/strong><\/li>\n<li><strong>Allantoiin<\/strong><\/li>\n<li><strong>Aloe vera<\/strong><\/li>\n<li><strong>Asyntra<\/strong><\/li>\n<li><strong>Kalmosensiin<\/strong><\/li>\n<li><strong>Pantenool<\/strong><\/li>\n<li><strong>Valge argile<\/strong><\/li>\n<li><strong>Muud<\/strong>KOOSTIS: VESI, KAOLIN, ALOE BARBADENSIS&#039;E LEHE EKSTRAKT, C12-20 HAPPE PEG-8 ESTER, MAGNEESIUMALUMIINSILIKAAT, ISODETS\u00dc\u00dcLLAURAAT, TITAANDIOKSIID, BUT\u00dcLEENGL\u00dcKOOL, TSET\u00dc\u00dcLALKOHOL, PANTENOOL, POL\u00dcSORBAAT 80, BISABOLOOL, KSANTAANKUMM, FENOKS\u00dcETANOOL, PARF\u00dc\u00dcM, KAPRIIL-\/KAPRIINTRIGL\u00dcTSERIID, KAPRI\u00dcLGL\u00dcKOOL, ALLANTOIIN, ET\u00dc\u00dcLHEKS\u00dc\u00dcLGL\u00dcTSERIIN, ET\u00dc\u00dcLLINOLEAAT, HEKS\u00dc\u00dcLRESORTSINOOOL, DINAATRIUM EDTA, LAURETH-3, TSET\u00dc\u00dcLATSETAAT, H\u00dcDROKS\u00dcET\u00dc\u00dcLTSELLULOOS, OLE\u00dc\u00dcLATSETAAT, STEARY\u00dcLATSETAAT, ATSET\u00dc\u00dcLDIPEPTIID-1 TSET\u00dc\u00dcLESTER, ATSET\u00dcLEERITUD LANOLIINALKOHOL<\/li>\n<\/ul><\/div>\n<\/div>","protected":false},"excerpt":{"rendered":"<p>Puhastav n\u00e4omask valge saviga v\u00e4rvimuutusega nahale.<\/p>","protected":false},"featured_media":7648,"template":"","meta":[],"product_brand":[66],"product_cat":[72],"product_tag":[],"class_list":{"0":"post-7790","1":"product","2":"type-product","3":"status-publish","4":"has-post-thumbnail","6":"product_brand-juliette-armand","7":"product_cat-masks","9":"first","10":"instock","11":"sale","12":"taxable","13":"shipping-taxable","14":"purchasable","15":"product-type-simple"},"_links":{"self":[{"href":"https:\/\/profskin.ee\/et\/wp-json\/wp\/v2\/product\/7790","targetHints":{"allow":["GET"]}}],"collection":[{"href":"https:\/\/profskin.ee\/et\/wp-json\/wp\/v2\/product"}],"about":[{"href":"https:\/\/profskin.ee\/et\/wp-json\/wp\/v2\/types\/product"}],"wp:featuredmedia":[{"embeddable":true,"href":"https:\/\/profskin.ee\/et\/wp-json\/wp\/v2\/media\/7648"}],"wp:attachment":[{"href":"https:\/\/profskin.ee\/et\/wp-json\/wp\/v2\/media?parent=7790"}],"wp:term":[{"taxonomy":"product_brand","embeddable":true,"href":"https:\/\/profskin.ee\/et\/wp-json\/wp\/v2\/product_brand?post=7790"},{"taxonomy":"product_cat","embeddable":true,"href":"https:\/\/profskin.ee\/et\/wp-json\/wp\/v2\/product_cat?post=7790"},{"taxonomy":"product_tag","embeddable":true,"href":"https:\/\/profskin.ee\/et\/wp-json\/wp\/v2\/product_tag?post=7790"}],"curies":[{"name":"t\u00f6\u00f6leht","href":"https:\/\/api.w.org\/{rel}","templated":true}]}}