{"id":7791,"date":"2025-07-03T21:22:55","date_gmt":"2025-07-03T21:22:55","guid":{"rendered":"https:\/\/profskin.ee\/?post_type=product&#038;p=7791"},"modified":"2026-03-18T15:22:30","modified_gmt":"2026-03-18T15:22:30","slug":"clarifying-active-mask","status":"publish","type":"product","link":"https:\/\/profskin.ee\/et\/toode\/clarifying-active-mask\/","title":{"rendered":"Puhastav aktiivmask"},"content":{"rendered":"<h6>Rahustav ja puhastav mask aknele kalduvale, rasusele ja \u00e4rritunud nahale.<\/h6>\n<p>See leevendab naha p\u00f5letikku ja intensiivset \u00e4rritust, v\u00e4hendab liigset rasueritust, tasakaalustab rasueritust ja ahendab poore. Seda soovitatakse kasutada ka \u00fcldiseks kasutamiseks p\u00e4rast s\u00fcgavpuhastavaid teraapiaid.<\/p>\n<div class=\"em-row\">\n<div class=\"em-lg-4 em-col\">\n<h6 class=\"em-font-medium\" style=\"margin-top: 1.2rem; margin-bottom: 1.2rem;\">Sobib<\/h6>\n<ul>\n<li>Akne, antimikroobne, pinguldav, rasune, tundlikkus, rahustav.<\/li>\n<li>Rasune nahk.<\/li>\n<li>K\u00f5ikidele nahat\u00fc\u00fcpidele (sega, kuiv, normaalne, rasune).<\/li>\n<\/ul>\n<h6 class=\"em-font-medium\" style=\"margin-top: 1.2rem; margin-bottom: 1.2rem;\">Kuidas kasutada<\/h6>\n<ul>\n<li>Kandke paks kiht, laske kuivada ja eemaldage veega.<\/li>\n<\/ul><\/div>\n<div class=\"em-lg-4 em-col\">\n<h6 class=\"em-font-medium\" style=\"margin-top: 1.2rem; margin-bottom: 1.2rem;\">Toimeained ja koostisosad<\/h6>\n<ul>\n<li><strong>A-bisabolool<\/strong><\/li>\n<li><strong>Allantoiin<\/strong><\/li>\n<li><strong>Aloe vera<\/strong><\/li>\n<li><strong>Kanada pajulill<\/strong><\/li>\n<li><strong>Kaoliin<\/strong><\/li>\n<li><strong>Manuka \u00f5li<\/strong><\/li>\n<li><strong>Met\u00fc\u00fclsalits\u00fclaat<\/strong><\/li>\n<li><strong>Normaseb<\/strong><\/li>\n<li><strong>Pantenool<\/strong><\/li>\n<li><strong>Tsinkoksiid<\/strong><\/li>\n<li><strong>Muud<\/strong>KOOSTIS: VESI, ALOE BARBADENSIS&#039;E LEHE EKSTRAKT, KAOLIIN, C12-20 HAPPE PEG-8 ESTER, TSINKOKSIID, MAGNEESIUMALUMIINSILIKAAT, ISODETS\u00dc\u00dcLLAURAAT, TITAANDIOKSIID, TSET\u00dc\u00dcLALKOHOL, PANTENOOL, POL\u00dcSORBAAT 80, FENOKS\u00dcETANOOL, BISABOLOOL, KSANTAANKUMM, KAPRYL\u00dc\u00dcLGL\u00dcKOOL, ET\u00dc\u00dcLHEKS\u00dc\u00dcLGL\u00dcTSERIIN, ALLANTOIIN, SIDRUNHAPE, DINAATRIUM EDTA, H\u00dcDROL\u00dc\u00dcSITUD PIIMAVALK, LEPTOSPERMUM SCOPARIUMI LEHE-\/OKSE\u00d5LI, TSET\u00dc\u00dcLATSETAAT, MET\u00dc\u00dcLSALITS\u00dcLAAT, ALOE ANGUSTIFOLIUMI \u00d5IE-\/LEHE-\/VARRE EKSTRAKT, GL\u00dcTSERIIN, ATSET\u00dcLEERITUD LANOLIINALKOHOL<\/li>\n<\/ul><\/div>\n<\/div>","protected":false},"excerpt":{"rendered":"<p>Rahustav ja puhastav mask aknele kalduvale, rasusele ja \u00e4rritunud nahale.<\/p>","protected":false},"featured_media":7647,"template":"","meta":[],"product_brand":[66],"product_cat":[72],"product_tag":[],"class_list":{"0":"post-7791","1":"product","2":"type-product","3":"status-publish","4":"has-post-thumbnail","6":"product_brand-juliette-armand","7":"product_cat-masks","9":"first","10":"instock","11":"sale","12":"taxable","13":"shipping-taxable","14":"purchasable","15":"product-type-simple"},"_links":{"self":[{"href":"https:\/\/profskin.ee\/et\/wp-json\/wp\/v2\/product\/7791","targetHints":{"allow":["GET"]}}],"collection":[{"href":"https:\/\/profskin.ee\/et\/wp-json\/wp\/v2\/product"}],"about":[{"href":"https:\/\/profskin.ee\/et\/wp-json\/wp\/v2\/types\/product"}],"wp:featuredmedia":[{"embeddable":true,"href":"https:\/\/profskin.ee\/et\/wp-json\/wp\/v2\/media\/7647"}],"wp:attachment":[{"href":"https:\/\/profskin.ee\/et\/wp-json\/wp\/v2\/media?parent=7791"}],"wp:term":[{"taxonomy":"product_brand","embeddable":true,"href":"https:\/\/profskin.ee\/et\/wp-json\/wp\/v2\/product_brand?post=7791"},{"taxonomy":"product_cat","embeddable":true,"href":"https:\/\/profskin.ee\/et\/wp-json\/wp\/v2\/product_cat?post=7791"},{"taxonomy":"product_tag","embeddable":true,"href":"https:\/\/profskin.ee\/et\/wp-json\/wp\/v2\/product_tag?post=7791"}],"curies":[{"name":"t\u00f6\u00f6leht","href":"https:\/\/api.w.org\/{rel}","templated":true}]}}