{"id":7792,"date":"2025-07-03T21:22:55","date_gmt":"2025-07-03T21:22:55","guid":{"rendered":"https:\/\/profskin.ee\/?post_type=product&#038;p=7792"},"modified":"2026-03-18T15:22:30","modified_gmt":"2026-03-18T15:22:30","slug":"green-argile-mask","status":"publish","type":"product","link":"https:\/\/profskin.ee\/et\/toode\/green-argile-mask\/","title":{"rendered":"Rohelise argile mask"},"content":{"rendered":"<h6>Puhastav ja kooriv mask kombineeritud, rasusele ja aknele kalduvale nahale.<\/h6>\n<p>See avab ummistunud poorid, v\u00e4hendab liigset rasu, stimuleerib ja heledab jumet.<\/p>\n<div class=\"em-row\">\n<div class=\"em-lg-4 em-col\">\n<h6 class=\"em-font-medium\" style=\"margin-top: 1.2rem; margin-bottom: 1.2rem;\">Sobib<\/h6>\n<ul>\n<li>Akne, antioks\u00fcdant, koorimine, s\u00e4ra, niisutus, rasueritus.<\/li>\n<li>Segat\u00fc\u00fcpi, rasune nahk.<\/li>\n<li>K\u00f5ikidele nahat\u00fc\u00fcpidele (sega, kuiv, normaalne, rasune).<\/li>\n<\/ul>\n<h6 class=\"em-font-medium\" style=\"margin-top: 1.2rem; margin-bottom: 1.2rem;\">Kuidas kasutada<\/h6>\n<ul>\n<li>Kanna v\u00e4ike kogus kogu n\u00e4ole ja masseeri \u00f5rnalt paar minutit. Lase 15-20 minutit kuivada ja seej\u00e4rel eemalda veega.<\/li>\n<\/ul><\/div>\n<div class=\"em-lg-4 em-col\">\n<h6 class=\"em-font-medium\" style=\"margin-top: 1.2rem; margin-bottom: 1.2rem;\">Toimeained ja koostisosad<\/h6>\n<ul>\n<li><strong>Allantoiin<\/strong><\/li>\n<li><strong>Kurgi ekstrakt<\/strong><\/li>\n<li><strong>Roheline savi<\/strong><\/li>\n<li><strong>Hamamelis ekstrakt<\/strong><\/li>\n<li><strong>Sidruni ekstrakt<\/strong><\/li>\n<li><strong>Perliit<\/strong><\/li>\n<li><strong>Plantago ekstrakt<\/strong><\/li>\n<li><strong>Muud<\/strong>KOOSTISOSAD: VESI, ILLIIT, TSETEAR\u00dc\u00dcLISONONANOAATT, GL\u00dcTSER\u00dc\u00dcLSTEARAAT, KAOLIIN, PERLIIT, TSETEAR\u00dc\u00dcLALKOHOL, HAMAMELIS VIRGINIANA LEHEVESI, TSETEARET-20, GL\u00dcTSERIIN, TSETEARET-12, TSET\u00dc\u00dcLPALMITAAT, POL\u00dcAKR\u00dc\u00dcLAMIID, FENOKS\u00dcETANOOL, TSET\u00dc\u00dcLALKOHOL, C13-14 ISOPARAFIIN, KAPRYL\u00dc\u00dcLGL\u00dcKOOL, ET\u00dc\u00dcLHEKS\u00dc\u00dcLGL\u00dcTSERIIN, ALLANTOIIN, BUT\u00dcLEENGL\u00dcKOOL, TSITRUSVILJA EKSTRAKT, PARF\u00dc\u00dcM, KURKIVILJA EKSTRAKT, LAURETH-7, DINAATRIUM EDTA, PLANTAGO P\u00d5HILEHE EKSTRAKT, KAALIUMSORBAAT<\/li>\n<\/ul><\/div>\n<\/div>","protected":false},"excerpt":{"rendered":"<p>Puhastav ja kooriv mask kombineeritud, rasusele ja aknele kalduvale nahale.<\/p>","protected":false},"featured_media":7646,"template":"","meta":[],"product_brand":[66],"product_cat":[72],"product_tag":[],"class_list":{"0":"post-7792","1":"product","2":"type-product","3":"status-publish","4":"has-post-thumbnail","6":"product_brand-juliette-armand","7":"product_cat-masks","9":"first","10":"instock","11":"sale","12":"taxable","13":"shipping-taxable","14":"purchasable","15":"product-type-simple"},"_links":{"self":[{"href":"https:\/\/profskin.ee\/et\/wp-json\/wp\/v2\/product\/7792","targetHints":{"allow":["GET"]}}],"collection":[{"href":"https:\/\/profskin.ee\/et\/wp-json\/wp\/v2\/product"}],"about":[{"href":"https:\/\/profskin.ee\/et\/wp-json\/wp\/v2\/types\/product"}],"wp:featuredmedia":[{"embeddable":true,"href":"https:\/\/profskin.ee\/et\/wp-json\/wp\/v2\/media\/7646"}],"wp:attachment":[{"href":"https:\/\/profskin.ee\/et\/wp-json\/wp\/v2\/media?parent=7792"}],"wp:term":[{"taxonomy":"product_brand","embeddable":true,"href":"https:\/\/profskin.ee\/et\/wp-json\/wp\/v2\/product_brand?post=7792"},{"taxonomy":"product_cat","embeddable":true,"href":"https:\/\/profskin.ee\/et\/wp-json\/wp\/v2\/product_cat?post=7792"},{"taxonomy":"product_tag","embeddable":true,"href":"https:\/\/profskin.ee\/et\/wp-json\/wp\/v2\/product_tag?post=7792"}],"curies":[{"name":"t\u00f6\u00f6leht","href":"https:\/\/api.w.org\/{rel}","templated":true}]}}