{"id":7793,"date":"2025-07-03T21:22:55","date_gmt":"2025-07-03T21:22:55","guid":{"rendered":"https:\/\/profskin.ee\/?post_type=product&#038;p=7793"},"modified":"2026-03-18T15:24:45","modified_gmt":"2026-03-18T15:24:45","slug":"hydra-protecting-cream","status":"publish","type":"product","link":"https:\/\/profskin.ee\/et\/toode\/hydra-protecting-cream\/","title":{"rendered":"Niisutav kaitsekreem"},"content":{"rendered":"<h6>Niisutav n\u00e4okreem, mis kaitseb nahka keskkonnakahjurite eest. Sobib k\u00f5ikidele nahat\u00fc\u00fcpidele.<\/h6>\n<p>See niisutab ja kaitseb nahka p\u00e4ikesevalguse (SPF 10), \u00f5husaaste ja kahjulike keskkonnategurite eest.<\/p>\n<div class=\"em-row\">\n<div class=\"em-lg-4 em-col\">\n<h6 class=\"em-font-medium\" style=\"margin-top: 1.2rem; margin-bottom: 1.2rem;\">Sobib<\/h6>\n<ul>\n<li>Vananemisvastane, antioks\u00fcdant, niisutus, kaitse, noorendamine, UV-kaitse.<\/li>\n<li>Kombineeritud, kuiv, normaalne, rasune nahk.<\/li>\n<li>K\u00f5ikidele nahat\u00fc\u00fcpidele (sega, kuiv, normaalne, rasune).<\/li>\n<\/ul>\n<h6 class=\"em-font-medium\" style=\"margin-top: 1.2rem; margin-bottom: 1.2rem;\">Kuidas kasutada<\/h6>\n<ul>\n<li>Kandke v\u00e4ike kogus kogu n\u00e4ole 1-2 korda p\u00e4evas.<\/li>\n<\/ul>\n<\/div>\n<div class=\"em-lg-4 em-col\">\n<h6 class=\"em-font-medium\" style=\"margin-top: 1.2rem; margin-bottom: 1.2rem;\">Toimeained ja koostisosad<\/h6>\n<ul>\n<li><strong>3-O-et\u00fc\u00fclaskorbiinhape<\/strong><\/li>\n<li><strong>Aktiivs\u00fcsi<\/strong><\/li>\n<li><strong>Allantoiin<\/strong><\/li>\n<li><strong>Detoksofaan<\/strong><\/li>\n<li><strong>MMW h\u00fcaluroonhape<\/strong><\/li>\n<li><strong>Pollushield<\/strong><\/li>\n<li><strong>UV-filtrid<\/strong><\/li>\n<li><strong>E-vitamiin<\/strong><\/li>\n<li><strong>Muud<\/strong>KOOSTIS: VESI, TSETEAR\u00dc\u00dcLISONONANOAATT, TS\u00dcKLOPENTASILOKSAAN, ET\u00dc\u00dcLHEKS\u00dc\u00dcLMETOKS\u00dcTINAMAAT, BIS-PEG\/PPG-16\/16 PEG\/PPG-16\/16 DIMETIKOON, GL\u00dcTSERIIN, GL\u00dcTSER\u00dc\u00dcLSTEARAAT, ISOPROP\u00dc\u00dcLPALMITAAT, BIS-ET\u00dc\u00dcLHEKS\u00dc\u00dcLOKS\u00dcFENOOLMETOKS\u00dcFEN\u00dc\u00dcLTRIASIIN, BUT\u00dc\u00dcLMETOKS\u00dcDIBENSOO\u00dcLMETAAN, OKTOKR\u00dcLEEN, POL\u00dcAKR\u00dc\u00dcLAMIID, TSETEARETH-25, TOKOFER\u00dc\u00dcLATSETAAT, C13-14 ISOPARAFIIN, FENOKS\u00dcETANOOL, KAPR\u00dc\u00dcL-\/KAPRIINTRIGL\u00dcTSERIID, AKR\u00dcLAADID\/C10-30 ALK\u00dc\u00dcLAKR\u00dcLAADI RISTPOL\u00dcMEER, DIMETIKOON, PARF\u00dc\u00dcM, KAPRY\u00dcL\u00dc\u00dcLGL\u00dcKOOL, ET\u00dc\u00dcLHEKS\u00dc\u00dcLGL\u00dcTSERIIN, KAALIUM H\u00dcDROKSIID, PROPAANDIOOL, LAURETH-7, 3-O-ET\u00dc\u00dcLASKORBIINHAPE, ALLANTOIIN, DINAATRIUM EDTA, DIISOPROP\u00dc\u00dcLADIPAAT, NAATRIUMH\u00dcALURONAAT, LETSITIIN, AKR\u00dc\u00dcLHAPPE\/AKR\u00dc\u00dcLAMIDOMET\u00dc\u00dcLPROPAANSULFOONHAPPE KOPOL\u00dcMEER, S\u00d6EPULBER, DIMET\u00dc\u00dcLMETOKS\u00dcKROMANOOL, GL\u00dcTSER\u00dc\u00dcLKAPRULAAT, KSANTAANKUMM, LEPIDIUM SATIVUM&#039;I IDUKEKSTRAKT<\/li>\n<\/ul>\n<\/div>\n<\/div>","protected":false},"excerpt":{"rendered":"<p>Niisutav n\u00e4okreem, mis kaitseb nahka keskkonnakahjurite eest. Sobib k\u00f5ikidele nahat\u00fc\u00fcpidele.<\/p>","protected":false},"featured_media":7645,"template":"","meta":[],"product_brand":[66],"product_cat":[69],"product_tag":[],"class_list":{"0":"post-7793","1":"product","2":"type-product","3":"status-publish","4":"has-post-thumbnail","6":"product_brand-juliette-armand","7":"product_cat-cream","9":"first","10":"instock","11":"sale","12":"taxable","13":"shipping-taxable","14":"purchasable","15":"product-type-simple"},"_links":{"self":[{"href":"https:\/\/profskin.ee\/et\/wp-json\/wp\/v2\/product\/7793","targetHints":{"allow":["GET"]}}],"collection":[{"href":"https:\/\/profskin.ee\/et\/wp-json\/wp\/v2\/product"}],"about":[{"href":"https:\/\/profskin.ee\/et\/wp-json\/wp\/v2\/types\/product"}],"wp:featuredmedia":[{"embeddable":true,"href":"https:\/\/profskin.ee\/et\/wp-json\/wp\/v2\/media\/7645"}],"wp:attachment":[{"href":"https:\/\/profskin.ee\/et\/wp-json\/wp\/v2\/media?parent=7793"}],"wp:term":[{"taxonomy":"product_brand","embeddable":true,"href":"https:\/\/profskin.ee\/et\/wp-json\/wp\/v2\/product_brand?post=7793"},{"taxonomy":"product_cat","embeddable":true,"href":"https:\/\/profskin.ee\/et\/wp-json\/wp\/v2\/product_cat?post=7793"},{"taxonomy":"product_tag","embeddable":true,"href":"https:\/\/profskin.ee\/et\/wp-json\/wp\/v2\/product_tag?post=7793"}],"curies":[{"name":"t\u00f6\u00f6leht","href":"https:\/\/api.w.org\/{rel}","templated":true}]}}