{"id":7794,"date":"2025-07-03T21:22:55","date_gmt":"2025-07-03T21:22:55","guid":{"rendered":"https:\/\/profskin.ee\/?post_type=product&#038;p=7794"},"modified":"2026-03-18T15:34:28","modified_gmt":"2026-03-18T15:34:28","slug":"multi-hydrating-cream","status":"publish","type":"product","link":"https:\/\/profskin.ee\/et\/toode\/multi-hydrating-cream\/","title":{"rendered":"Mitmekordselt niisutav kreem"},"content":{"rendered":"<h6>N\u00e4okreem t\u00e4iusliku niisutava toimega k\u00f5ikidele nahat\u00fc\u00fcpidele.<\/h6>\n<p>See tugevdab naha veevarusid ja kaitseb transdermaalse veekaotuse eest, s\u00e4ilitades samal ajal niiskustasakaalu.<\/p>\n<div class=\"em-row\">\n<div class=\"em-lg-4 em-col\">\n<h6 class=\"em-font-medium\" style=\"margin-top: 1.2rem; margin-bottom: 1.2rem;\">Sobib<\/h6>\n<ul>\n<li>Niisutus, kaitse.<\/li>\n<li>Kombineeritud, kuiv, normaalne, rasune nahk.<\/li>\n<li>K\u00f5ikidele nahat\u00fc\u00fcpidele (sega, kuiv, normaalne, rasune).<\/li>\n<\/ul>\n<h6 class=\"em-font-medium\" style=\"margin-top: 1.2rem; margin-bottom: 1.2rem;\">Kuidas kasutada<\/h6>\n<ul>\n<li>Kandke v\u00e4ike kogus kogu n\u00e4ole 1-2 korda p\u00e4evas.<\/li>\n<\/ul><\/div>\n<div class=\"em-lg-4 em-col\">\n<h6 class=\"em-font-medium\" style=\"margin-top: 1.2rem; margin-bottom: 1.2rem;\">Toimeained ja koostisosad<\/h6>\n<ul>\n<li><strong>Jojoba\u00f5li<\/strong><\/li>\n<li><strong>L\u039cW h\u00fcaluroonhape<\/strong><\/li>\n<li><strong>MMW h\u00fcaluroonhape<\/strong><\/li>\n<li><strong>Niiske-24<\/strong><\/li>\n<li><strong>Pantenool<\/strong><\/li>\n<li><strong>Sheav\u00f5i<\/strong><\/li>\n<li><strong>E-vitamiin<\/strong><\/li>\n<li><strong>Muud<\/strong>KOOSTIS: VESI, C12-20 HAPPE PEG-8 ESTER, BUT\u00dcLEENGL\u00dcKOOL, GL\u00dcTSERIIN, POL\u00dcGL\u00dcTSER\u00dc\u00dcL-3 MET\u00dc\u00dcLGL\u00dcKOOSDISTEARAAT, TSET\u00dc\u00dcLALKOHOL, ET\u00dc\u00dcLHEKS\u00dc\u00dcLSTEARAAT, POL\u00dcISOPREEN, TS\u00dcKLOPENTASILOKSAAN, PANTENOOL, BUTYROSPERMUM PARKII V\u00d5I, SIMMONDSIA CHINENSIS SEEMNE\u00d5LI, IMPERATA CYLINDRICA JUUREKSTRAKT, TS\u00dcKLOHEKSASILOKSAAAN, TOKOFER\u00dc\u00dcLATSETAAT, FENOKS\u00dcETANOOL, DIMETIKOON, PARF\u00dc\u00dcM, KAPRYL\u00dc\u00dcLGL\u00dcKOOL, ET\u00dc\u00dcLHEKS\u00dc\u00dcLGL\u00dcTSERIIN, GL\u00dcTSER\u00dc\u00dcLPOL\u00dcAKR\u00dcLAAT, NAATRIUMH\u00dcALURONAAT, KARBOMEER, AKR\u00dcLAADID\/C10-30 ALK\u00dc\u00dcLAKR\u00dcLAADI RISTPOL\u00dcMEER<\/li>\n<\/ul><\/div>\n<\/div>","protected":false},"excerpt":{"rendered":"<p>N\u00e4okreem t\u00e4iusliku niisutava toimega k\u00f5ikidele nahat\u00fc\u00fcpidele.<\/p>","protected":false},"featured_media":7644,"template":"","meta":[],"product_brand":[66],"product_cat":[69],"product_tag":[],"class_list":{"0":"post-7794","1":"product","2":"type-product","3":"status-publish","4":"has-post-thumbnail","6":"product_brand-juliette-armand","7":"product_cat-cream","9":"first","10":"instock","11":"sale","12":"taxable","13":"shipping-taxable","14":"purchasable","15":"product-type-simple"},"_links":{"self":[{"href":"https:\/\/profskin.ee\/et\/wp-json\/wp\/v2\/product\/7794","targetHints":{"allow":["GET"]}}],"collection":[{"href":"https:\/\/profskin.ee\/et\/wp-json\/wp\/v2\/product"}],"about":[{"href":"https:\/\/profskin.ee\/et\/wp-json\/wp\/v2\/types\/product"}],"wp:featuredmedia":[{"embeddable":true,"href":"https:\/\/profskin.ee\/et\/wp-json\/wp\/v2\/media\/7644"}],"wp:attachment":[{"href":"https:\/\/profskin.ee\/et\/wp-json\/wp\/v2\/media?parent=7794"}],"wp:term":[{"taxonomy":"product_brand","embeddable":true,"href":"https:\/\/profskin.ee\/et\/wp-json\/wp\/v2\/product_brand?post=7794"},{"taxonomy":"product_cat","embeddable":true,"href":"https:\/\/profskin.ee\/et\/wp-json\/wp\/v2\/product_cat?post=7794"},{"taxonomy":"product_tag","embeddable":true,"href":"https:\/\/profskin.ee\/et\/wp-json\/wp\/v2\/product_tag?post=7794"}],"curies":[{"name":"t\u00f6\u00f6leht","href":"https:\/\/api.w.org\/{rel}","templated":true}]}}