{"id":7795,"date":"2025-07-03T21:22:55","date_gmt":"2025-07-03T21:22:55","guid":{"rendered":"https:\/\/profskin.ee\/?post_type=product&#038;p=7795"},"modified":"2026-03-18T15:24:45","modified_gmt":"2026-03-18T15:24:45","slug":"extra-moisturizing-cream","status":"publish","type":"product","link":"https:\/\/profskin.ee\/et\/toode\/extra-moisturizing-cream\/","title":{"rendered":"Ekstra niisutav kreem"},"content":{"rendered":"<h6>Niisutav ja pinguldav n\u00e4okreem kuivale ja normaalsele nahale.<\/h6>\n<p>See taastab koheselt kuiva ja deh\u00fcdreerunud naha veetasakaalu, aidates samal ajal taastada selle kaotatud prinkuse.<\/p>\n<div class=\"em-row\">\n<div class=\"em-lg-4 em-col\">\n<h6 class=\"em-font-medium\" style=\"margin-top: 1.2rem; margin-bottom: 1.2rem;\">Sobib<\/h6>\n<ul>\n<li>Niisutus, lifting, kaitse.<\/li>\n<li>Kuiv, normaalne nahk.<\/li>\n<li>K\u00f5ikidele nahat\u00fc\u00fcpidele (sega, kuiv, normaalne, rasune).<\/li>\n<\/ul>\n<h6 class=\"em-font-medium\" style=\"margin-top: 1.2rem; margin-bottom: 1.2rem;\">Kuidas kasutada<\/h6>\n<ul>\n<li>Kandke v\u00e4ike kogus kogu n\u00e4ole 1-2 korda p\u00e4evas.<\/li>\n<\/ul><\/div>\n<div class=\"em-lg-4 em-col\">\n<h6 class=\"em-font-medium\" style=\"margin-top: 1.2rem; margin-bottom: 1.2rem;\">Toimeained ja koostisosad<\/h6>\n<ul>\n<li><strong>Allantoiin<\/strong><\/li>\n<li><strong>Arginiin (L-arginiin)<\/strong><\/li>\n<li><strong>Askorbiinhape<\/strong><\/li>\n<li><strong>HMW h\u00fcaluroonhape<\/strong><\/li>\n<li><strong>Mini-h\u00fcaluroonhape<\/strong><\/li>\n<li><strong>M\u00fcrothamnuse ekstrakt<\/strong><\/li>\n<li><strong>Muud<\/strong>KOOSTIS: VESI, TSETEAR\u00dc\u00dcLISONONANOAATT, KAPRIIL-\/KAPRIINTRIGL\u00dcTSERIID, TSETEAR\u00dc\u00dcLALKOHOL, GL\u00dcTSER\u00dc\u00dcLSTEARAAT, PEG-100 STEARAATT, GL\u00dcTSERIIN, DIMETIKOON, TSETEARET-33, TSET\u00dc\u00dcLPALMITAAT, PROPAANDIOOL, FENOKS\u00dcETANOOL, PEG-20 STEARAATT, ET\u00dc\u00dcLHEKS\u00dc\u00dcLGL\u00dcTSERIIN, KAPRIIL\u00dc\u00dcLGL\u00dcKOOL, PARF\u00dc\u00dcM, ALLANTOIIIN, ARGINIIN, AKR\u00dcLAADID\/C10-30 ALK\u00dc\u00dcLAKR\u00dcLAADI RISTPOL\u00dcMEER, H\u00dcDROL\u00dc\u00dcSITUD NAATRIUMH\u00dcALURONAAT, NAATRIUMH\u00dcALURONAAT, DINAATRIUMEDTA, MYROTHAMNUS FLABELLIFOLIA LEHE\/VARRE EKSTRAKT, ASKORBIINHAPPE, SIDRUNHAPE<\/li>\n<\/ul><\/div>\n<\/div>","protected":false},"excerpt":{"rendered":"<p>Niisutav ja pinguldav n\u00e4okreem kuivale ja normaalsele nahale.<\/p>","protected":false},"featured_media":7643,"template":"","meta":[],"product_brand":[66],"product_cat":[69],"product_tag":[],"class_list":{"0":"post-7795","1":"product","2":"type-product","3":"status-publish","4":"has-post-thumbnail","6":"product_brand-juliette-armand","7":"product_cat-cream","9":"first","10":"instock","11":"sale","12":"taxable","13":"shipping-taxable","14":"purchasable","15":"product-type-simple"},"_links":{"self":[{"href":"https:\/\/profskin.ee\/et\/wp-json\/wp\/v2\/product\/7795","targetHints":{"allow":["GET"]}}],"collection":[{"href":"https:\/\/profskin.ee\/et\/wp-json\/wp\/v2\/product"}],"about":[{"href":"https:\/\/profskin.ee\/et\/wp-json\/wp\/v2\/types\/product"}],"wp:featuredmedia":[{"embeddable":true,"href":"https:\/\/profskin.ee\/et\/wp-json\/wp\/v2\/media\/7643"}],"wp:attachment":[{"href":"https:\/\/profskin.ee\/et\/wp-json\/wp\/v2\/media?parent=7795"}],"wp:term":[{"taxonomy":"product_brand","embeddable":true,"href":"https:\/\/profskin.ee\/et\/wp-json\/wp\/v2\/product_brand?post=7795"},{"taxonomy":"product_cat","embeddable":true,"href":"https:\/\/profskin.ee\/et\/wp-json\/wp\/v2\/product_cat?post=7795"},{"taxonomy":"product_tag","embeddable":true,"href":"https:\/\/profskin.ee\/et\/wp-json\/wp\/v2\/product_tag?post=7795"}],"curies":[{"name":"t\u00f6\u00f6leht","href":"https:\/\/api.w.org\/{rel}","templated":true}]}}