{"id":7796,"date":"2025-07-03T21:22:55","date_gmt":"2025-07-03T21:22:55","guid":{"rendered":"https:\/\/profskin.ee\/?post_type=product&#038;p=7796"},"modified":"2026-03-18T15:24:45","modified_gmt":"2026-03-18T15:24:45","slug":"hydra-repairing-cream","status":"publish","type":"product","link":"https:\/\/profskin.ee\/et\/toode\/hydra-repairing-cream\/","title":{"rendered":"Niisutav taastav kreem"},"content":{"rendered":"<h6>Niisutav ja taastav n\u00e4okreem k\u00f5ikidele nahat\u00fc\u00fcpidele.<\/h6>\n<p>See niisutab, tugevdab naha loomulikku uuenemisfunktsiooni ja kaitseb seda p\u00e4ikesevalguse tekitatud kahjustuste eest, parandades selle v\u00e4limust.<\/p>\n<div class=\"em-row\">\n<div class=\"em-lg-4 em-col\">\n<h6 class=\"em-font-medium\" style=\"margin-top: 1.2rem; margin-bottom: 1.2rem;\">Sobib<\/h6>\n<ul>\n<li>Niisutus, kaitse, parandamine, kortsude silumine.<\/li>\n<li>Kombineeritud, kuiv, normaalne, rasune nahk.<\/li>\n<li>K\u00f5ikidele nahat\u00fc\u00fcpidele (sega, kuiv, normaalne, rasune).<\/li>\n<\/ul>\n<h6 class=\"em-font-medium\" style=\"margin-top: 1.2rem; margin-bottom: 1.2rem;\">Kuidas kasutada<\/h6>\n<ul>\n<li>Kandke v\u00e4ike kogus kogu n\u00e4ole 1-2 korda p\u00e4evas.<\/li>\n<\/ul><\/div>\n<div class=\"em-lg-4 em-col\">\n<h6 class=\"em-font-medium\" style=\"margin-top: 1.2rem; margin-bottom: 1.2rem;\">Toimeained ja koostisosad<\/h6>\n<ul>\n<li><strong>A-bisabolool<\/strong><\/li>\n<li><strong>Bifidus (paranduskompleks)<\/strong><\/li>\n<li><strong>Keramiid 3B<\/strong><\/li>\n<li><strong>Keramiid HO3<\/strong><\/li>\n<li><strong>Laktokiin (piimapeptiid)<\/strong><\/li>\n<li><strong>Matrixyl 3000<\/strong><\/li>\n<li><strong>Sheav\u00f5i<\/strong><\/li>\n<li><strong>Muud<\/strong>KOOSTISOSAD: VESI, TS\u00dcKLOPENTASILOKSAAN, H\u00dcDROGENISEERITUD POL\u00dcDETSEEN, POL\u00dcSORBAAT 60, KAPRIIL-\/KAPRIINTRIGL\u00dcTSERIID, DIBUT\u00dc\u00dcLADIPAAT, TSET\u00dc\u00dcLALKOHOL, ET\u00dc\u00dcLHEKS\u00dc\u00dcLSTEARAAT, SORBITAANSTEARAAT, GL\u00dcTSERIIN, BIFIDA FERMENT L\u00dcSAAT, BUTYROSPERMUM PARKII V\u00d5I, PIIMAVALK, POL\u00dcAKR\u00dc\u00dcLAMIID, FENOKS\u00dcETANOOL, DIMETIKOON, SHOREA STENOPTERA SEEMNEV\u00d5I, BUT\u00dcLEENGL\u00dcKOOL, C30-45 ALK\u00dc\u00dcLTSETEARY\u00dcLDIMETIKOONI RISTPOL\u00dcMEER, PARF\u00dc\u00dcM, C13-14 ISOPARAFIIN, ARGINIIN, KAPRI\u00dcL\u00dc\u00dcLGL\u00dcKOOL, ET\u00dc\u00dcLHEKS\u00dc\u00dcLGL\u00dcTSERIIN, TOKOFER\u00dc\u00dcLATSETAAT, AKR\u00dcLAADID\/C10-30 ALK\u00dc\u00dcL AKR\u00dcLAADI RISTPOL\u00dcMEER, TRIH\u00dcDROKS\u00dcPALMITAMIDOH\u00dcDROKS\u00dcPROP\u00dc\u00dcLM\u00dcRIST\u00dc\u00dcLEETER, BISABOLOOL, LAURETH-7, KARBOMEER, 1,2-HEKSAANDIOOL, H\u00dcDROGEENITUD LETSITIIN, LETSITIIN, POL\u00dcSORBAAT 20, KERAMIID NP, GL\u00dcKOLIPIIIDID, SAHHAROOSTEARAAT, PALMITO\u00dc\u00dcLTRIPEPTIID-1, PALMITO\u00dc\u00dcLTETRAPEPTIID-7<\/li>\n<\/ul><\/div>\n<\/div>","protected":false},"excerpt":{"rendered":"<p>Niisutav ja taastav n\u00e4okreem k\u00f5ikidele nahat\u00fc\u00fcpidele.<\/p>","protected":false},"featured_media":7642,"template":"","meta":[],"product_brand":[66],"product_cat":[69],"product_tag":[],"class_list":{"0":"post-7796","1":"product","2":"type-product","3":"status-publish","4":"has-post-thumbnail","6":"product_brand-juliette-armand","7":"product_cat-cream","9":"first","10":"instock","11":"sale","12":"taxable","13":"shipping-taxable","14":"purchasable","15":"product-type-simple"},"_links":{"self":[{"href":"https:\/\/profskin.ee\/et\/wp-json\/wp\/v2\/product\/7796","targetHints":{"allow":["GET"]}}],"collection":[{"href":"https:\/\/profskin.ee\/et\/wp-json\/wp\/v2\/product"}],"about":[{"href":"https:\/\/profskin.ee\/et\/wp-json\/wp\/v2\/types\/product"}],"wp:featuredmedia":[{"embeddable":true,"href":"https:\/\/profskin.ee\/et\/wp-json\/wp\/v2\/media\/7642"}],"wp:attachment":[{"href":"https:\/\/profskin.ee\/et\/wp-json\/wp\/v2\/media?parent=7796"}],"wp:term":[{"taxonomy":"product_brand","embeddable":true,"href":"https:\/\/profskin.ee\/et\/wp-json\/wp\/v2\/product_brand?post=7796"},{"taxonomy":"product_cat","embeddable":true,"href":"https:\/\/profskin.ee\/et\/wp-json\/wp\/v2\/product_cat?post=7796"},{"taxonomy":"product_tag","embeddable":true,"href":"https:\/\/profskin.ee\/et\/wp-json\/wp\/v2\/product_tag?post=7796"}],"curies":[{"name":"t\u00f6\u00f6leht","href":"https:\/\/api.w.org\/{rel}","templated":true}]}}