{"id":7797,"date":"2025-07-03T21:22:58","date_gmt":"2025-07-03T21:22:58","guid":{"rendered":"https:\/\/profskin.ee\/?post_type=product&#038;p=7797"},"modified":"2026-03-18T15:24:44","modified_gmt":"2026-03-18T15:24:44","slug":"aha-smoothing-cream","status":"publish","type":"product","link":"https:\/\/profskin.ee\/et\/toode\/aha-smoothing-cream\/","title":{"rendered":"Aha siluv kreem"},"content":{"rendered":"<h6>N\u00e4o noorendav kreem AHA-ga k\u00f5ikidele nahat\u00fc\u00fcpidele.<\/h6>\n<p>Sellel on \u00f5rnad keemilised koorivad omadused, mis niisutavad, pinguldavad ja siluvad nahka, soodustades selle uuenemist. Soovitatav on kasutada koos p\u00e4ikesekaitsega.<\/p>\n<div class=\"em-row\">\n<div class=\"em-lg-4 em-col\">\n<h6 class=\"em-font-medium\" style=\"margin-top: 1.2rem; margin-bottom: 1.2rem;\">Sobib<\/h6>\n<ul>\n<li>Koorimine, Niisutus, Pinguldamine, Kaitse, Taastamine.<\/li>\n<li>Kombineeritud, kuiv, normaalne, rasune nahk.<\/li>\n<li>K\u00f5ikidele nahat\u00fc\u00fcpidele (sega, kuiv, normaalne, rasune).<\/li>\n<\/ul>\n<h6 class=\"em-font-medium\" style=\"margin-top: 1.2rem; margin-bottom: 1.2rem;\">Kuidas kasutada<\/h6>\n<ul>\n<li>Kandke v\u00e4ike kogus kogu n\u00e4ole 1-2 korda p\u00e4evas.<\/li>\n<\/ul><\/div>\n<div class=\"em-lg-4 em-col\">\n<h6 class=\"em-font-medium\" style=\"margin-top: 1.2rem; margin-bottom: 1.2rem;\">Toimeained ja koostisosad<\/h6>\n<ul>\n<li><strong>A-bisabolool<\/strong><\/li>\n<li><strong>Aloe vera<\/strong><\/li>\n<li><strong>Centella ekstrakt<\/strong><\/li>\n<li><strong>Gl\u00fckoolhape 5.3%<\/strong><\/li>\n<li><strong>Keratoplast<\/strong><\/li>\n<li><strong>Piimhape 2,7%<\/strong><\/li>\n<li><strong>Mandelhape 1%<\/strong><\/li>\n<li><strong>MMW h\u00fcaluroonhape<\/strong><\/li>\n<li><strong>Muud<\/strong>: VESI, C12-20 HAPPE PEG-8 ESTER, BUT\u00dcLEENGL\u00dcKOOL, GL\u00dcKOOLHAPE, NAATRIUMH\u00dcDROKSIID, ALOE BARBADENSIS LEHT<br \/>\nEKSTRAKT, PIIMHAPE, ISOTRIDETS\u00dc\u00dcLSALITS\u00dcLAAT, POL\u00dcISOPREEN, H\u00dcDROKS\u00dcET\u00dc\u00dcLTSELLULOOS, GL\u00dcTSER\u00dc\u00dcLSTEARAAT, PEG-100<br \/>\nSTEARAATI, MANDELHAPE, NAATRIUMAKR\u00dcLAADI\/AKR\u00dcLO\u00dc\u00dcLDIMET\u00dc\u00dcLTAURAADI\/DIMET\u00dc\u00dcLAKR\u00dc\u00dcLAMIIDI RISTPOL\u00dcMEER<br \/>\nFENOKS\u00dcETANOOL, ISOHEKSADEKAAN, DIMETIKOON, KAPRYL\u00dc\u00dcLGL\u00dcKOOL, ET\u00dc\u00dcLHEKS\u00dc\u00dcLGL\u00dcTSERIIN, PARF\u00dc\u00dcM, BISABOLOOL,<br \/>\nAASIA KENELLA LEHE EKSTRAKT, POL\u00dcSORBAAT 60, NAATRIUMBENSOAAT, NAATRIUMH\u00dcALURONAAT, NAATRIUMTSITRAAT, SIDRUNHAPE<br \/>\nHAPE<\/li>\n<\/ul><\/div>\n<\/div>","protected":false},"excerpt":{"rendered":"<p>N\u00e4o noorendav kreem AHA-ga k\u00f5ikidele nahat\u00fc\u00fcpidele.<\/p>","protected":false},"featured_media":7641,"template":"","meta":[],"product_brand":[67,66,68],"product_cat":[69],"product_tag":[],"class_list":{"0":"post-7797","1":"product","2":"type-product","3":"status-publish","4":"has-post-thumbnail","6":"product_brand-endor-technologies","7":"product_brand-juliette-armand","8":"product_brand-summe-cosmetics","9":"product_cat-cream","11":"first","12":"instock","13":"sale","14":"taxable","15":"shipping-taxable","16":"purchasable","17":"product-type-simple"},"_links":{"self":[{"href":"https:\/\/profskin.ee\/et\/wp-json\/wp\/v2\/product\/7797","targetHints":{"allow":["GET"]}}],"collection":[{"href":"https:\/\/profskin.ee\/et\/wp-json\/wp\/v2\/product"}],"about":[{"href":"https:\/\/profskin.ee\/et\/wp-json\/wp\/v2\/types\/product"}],"wp:featuredmedia":[{"embeddable":true,"href":"https:\/\/profskin.ee\/et\/wp-json\/wp\/v2\/media\/7641"}],"wp:attachment":[{"href":"https:\/\/profskin.ee\/et\/wp-json\/wp\/v2\/media?parent=7797"}],"wp:term":[{"taxonomy":"product_brand","embeddable":true,"href":"https:\/\/profskin.ee\/et\/wp-json\/wp\/v2\/product_brand?post=7797"},{"taxonomy":"product_cat","embeddable":true,"href":"https:\/\/profskin.ee\/et\/wp-json\/wp\/v2\/product_cat?post=7797"},{"taxonomy":"product_tag","embeddable":true,"href":"https:\/\/profskin.ee\/et\/wp-json\/wp\/v2\/product_tag?post=7797"}],"curies":[{"name":"t\u00f6\u00f6leht","href":"https:\/\/api.w.org\/{rel}","templated":true}]}}